{"id":400,"date":"2010-11-03T14:26:04","date_gmt":"2010-11-03T12:26:04","guid":{"rendered":"http:\/\/www.tugtowing.cz\/?page_id=400"},"modified":"2010-11-09T16:07:52","modified_gmt":"2010-11-09T14:07:52","slug":"tug-towing-v-protivanove","status":"publish","type":"page","link":"https:\/\/www.tugtowing.cz\/?page_id=400","title":{"rendered":"Tug Towing v Protivanov\u011b"},"content":{"rendered":"<p style=\"text-align: center;\"><img decoding=\"async\" class=\"ngg-singlepic ngg-center aligncenter\" src=\"https:\/\/www.tugtowing.cz\/wp-content\/uploads\/bannery\/banprotivanov.gif\" alt=\"banprotivanov\" \/><\/p>\n<p style=\"text-align: center;\"><a href=\"http:\/\/www.mo-na-ko.net\/php\/portal\/view.php?nazevclanku=tug-towing-v-protivanove-propozice&amp;cisloclanku=2010040008\" target=\"_blank\">Propozice<\/a><\/p>\n<p style=\"text-align: center;\"><a href=\"?page_id=425#TT06\" target=\"_self\">Pl\u00e1nky trat\u00ed<\/a><\/p>\n<p style=\"text-align: center;\"><a href=\"http:\/\/www.mo-na-ko.net\/php\/portal\/view.php?nazevclanku=tt-cup-2010-protivanov-maraton-lodnich-oru&amp;cisloclanku=2010060003\" target=\"_blank\">Report\u00e1\u017e<\/a><\/p>\n<p style=\"text-align: center;\"><a href=\"?page_id=446#TT06\" target=\"_self\">Foto<\/a><\/p>\n<p style=\"text-align: center;\">Video &#8211; nen\u00ed k dispozici<\/p>\n<p style=\"text-align: center;\"><a href=\"http:\/\/www.mo-na-ko.net\/php\/portal\/_Clanky0000\/TT-CZ\/Tabulky\/TTC02-2010.htm\" target=\"_blank\">V\u00fdsledky<\/a><\/p>\n<p style=\"text-align: center;\"><a href=\"http:\/\/www.mo-na-ko.net\/php\/portal\/_Clanky0000\/TT-CZ\/ZapisyJizd\/TTC02-zapisy.rar\" target=\"_blank\">Z\u00e1pisy j\u00edzd<\/a><\/p>\n","protected":false},"excerpt":{"rendered":"<p>Propozice Pl\u00e1nky trat\u00ed Report\u00e1\u017e Foto Video &#8211; nen\u00ed k dispozici V\u00fdsledky Z\u00e1pisy j\u00edzd<\/p>\n","protected":false},"author":2,"featured_media":0,"parent":372,"menu_order":2,"comment_status":"open","ping_status":"closed","template":"","meta":{"footnotes":""},"class_list":["post-400","page","type-page","status-publish","hentry"],"_links":{"self":[{"href":"https:\/\/www.tugtowing.cz\/index.php?rest_route=\/wp\/v2\/pages\/400","targetHints":{"allow":["GET"]}}],"collection":[{"href":"https:\/\/www.tugtowing.cz\/index.php?rest_route=\/wp\/v2\/pages"}],"about":[{"href":"https:\/\/www.tugtowing.cz\/index.php?rest_route=\/wp\/v2\/types\/page"}],"author":[{"embeddable":true,"href":"https:\/\/www.tugtowing.cz\/index.php?rest_route=\/wp\/v2\/users\/2"}],"replies":[{"embeddable":true,"href":"https:\/\/www.tugtowing.cz\/index.php?rest_route=%2Fwp%2Fv2%2Fcomments&post=400"}],"version-history":[{"count":0,"href":"https:\/\/www.tugtowing.cz\/index.php?rest_route=\/wp\/v2\/pages\/400\/revisions"}],"up":[{"embeddable":true,"href":"https:\/\/www.tugtowing.cz\/index.php?rest_route=\/wp\/v2\/pages\/372"}],"wp:attachment":[{"href":"https:\/\/www.tugtowing.cz\/index.php?rest_route=%2Fwp%2Fv2%2Fmedia&parent=400"}],"curies":[{"name":"wp","href":"https:\/\/api.w.org\/{rel}","templated":true}]}}