{"id":4030,"date":"2013-10-11T13:20:07","date_gmt":"2013-10-11T12:20:07","guid":{"rendered":"http:\/\/www.tugtowing.cz\/?page_id=4030"},"modified":"2014-10-20T14:49:30","modified_gmt":"2014-10-20T13:49:30","slug":"tug-towing-cup-2014","status":"publish","type":"page","link":"https:\/\/www.tugtowing.cz\/?page_id=4030","title":{"rendered":"Tug Towing Cup 2014"},"content":{"rendered":"<p><img loading=\"lazy\" decoding=\"async\" class=\"alignleft\" alt=\"logottc2014\" src=\"https:\/\/www.tugtowing.cz\/wp-content\/uploads\/loga\/logottc2014.png\" width=\"120\" height=\"120\" \/>Tug Towing Cup je seri\u00e1l vybran\u00fdch sout\u011b\u017en\u00edch setk\u00e1n\u00ed v tug towingu. V\u00fdsledky t\u011bchto sout\u011b\u017en\u00edch setk\u00e1n\u00ed se zapo\u010d\u00edt\u00e1vaj\u00ed do tzv.<em> &#8222;poh\u00e1ru&#8220;<\/em>. T\u00fdm, kter\u00fd z t\u011bchto sout\u011b\u017e\u00ed z\u00edsk\u00e1 nejv\u00edce bod\u016f, z\u00edsk\u00e1v\u00e1 presti\u017en\u00ed titul <strong>&#8222;\u0161ampiona v Tug Towingu&#8220;<\/strong> a putovn\u00ed poh\u00e1r.<\/p>\n<p>&nbsp;<\/p>\n<p>&nbsp;<\/p>\n<p>&nbsp;<\/p>\n<p style=\"text-align: center;\"><strong>V\u00ddSLEDKY<\/strong><\/p>\n<p style=\"text-align: center;\">Kategorie:\u00a0<strong>tla\u010dn\u00e9 remork\u00e9ry &#8211; jedno\u0161roub\u00e9<\/strong><\/p>\n<p style=\"text-align: center;\">Celkov\u00fdm v\u00edt\u011bzem t\u00e9to kategorie se stal t\u00fdm<\/p>\n<p style=\"text-align: center;\"><img loading=\"lazy\" decoding=\"async\" alt=\"poharobrazek\" src=\"https:\/\/www.tugtowing.cz\/wp-content\/uploads\/default\/poharobrazek.jpg\" width=\"73\" height=\"91\" \/><\/p>\n<p style=\"text-align: center;\"><strong>S\u00f3lo<\/strong><\/p>\n<p style=\"text-align: center;\">remork\u00e9r:\u00a0Armstrong<br \/>\nkapit\u00e1n:\u00a0<strong>Jan Dolej\u0161ek<\/strong><\/p>\n<p style=\"text-align: center;\">2. m\u00edsto: t\u00fdm Tla\u010dmen<br \/>\n3.m\u00edsto: t\u00fdm Druh\u00e1 tla\u010dn\u00e1 a.s.<\/p>\n<p style=\"text-align: center;\">Kategorie:\u00a0<strong>tla\u010dn\u00e9 remork\u00e9ry -v\u00edce\u0161roub\u00e9<\/strong><\/p>\n<p style=\"text-align: center;\">Celkov\u00fdm v\u00edt\u011bzem t\u00e9to kategorie se stal t\u00fdm<\/p>\n<p style=\"text-align: center;\"><img loading=\"lazy\" decoding=\"async\" alt=\"poharobrazek\" src=\"https:\/\/www.tugtowing.cz\/wp-content\/uploads\/default\/poharobrazek.jpg\" width=\"73\" height=\"91\" \/><\/p>\n<p style=\"text-align: center;\"><strong>Dlouhej kou\u0159<br \/>\n<\/strong><\/p>\n<p style=\"text-align: center;\">remork\u00e9r: Marley<br \/>\nkapit\u00e1n:\u00a0<strong>Jan Dolej\u0161ek<br \/>\n<\/strong><\/p>\n<p style=\"text-align: center;\">2.m\u00edsto: t\u00fdm Bublina<br \/>\n3.m\u00edsto: t\u00fdm \u010cSPLO II<\/p>\n<p style=\"text-align: center;\">Kategorie:\u00a0<strong>lehk\u00fd tug towing<\/strong><\/p>\n<p style=\"text-align: center;\">Celkov\u00fdm v\u00edt\u011bzem t\u00e9to kategorie se stal t\u00fdm<\/p>\n<p style=\"text-align: center;\"><img loading=\"lazy\" decoding=\"async\" alt=\"poharobrazek\" src=\"https:\/\/www.tugtowing.cz\/wp-content\/uploads\/default\/poharobrazek.jpg\" width=\"73\" height=\"91\" \/><\/p>\n<p style=\"text-align: center;\"><strong>LoVe lite<\/strong><\/p>\n<p style=\"text-align: center;\">remork\u00e9ry: Abeille Flandre, B2<br \/>\nkapit\u00e1ni:<strong>\u00a0Ji\u0159\u00ed Loren\u010d\u00edk (Godrik)<\/strong>,\u00a0<strong>Marek Sobaniec (MSOB)<\/strong><\/p>\n<p style=\"text-align: center;\">2.m\u00edsto: t\u00fdm Rum\u00edci<br \/>\n3.m\u00edsto: t\u00fdm RaZ<\/p>\n<p style=\"text-align: center;\">Kategorie:\u00a0<strong>t\u011b\u017ek\u00fd tug towing<\/strong><\/p>\n<p style=\"text-align: center;\">Celkov\u00fdm v\u00edt\u011bzem t\u00e9to kategorie se stal t\u00fdm<\/p>\n<p style=\"text-align: center;\"><img loading=\"lazy\" decoding=\"async\" alt=\"poharobrazek\" src=\"https:\/\/www.tugtowing.cz\/wp-content\/uploads\/default\/poharobrazek.jpg\" width=\"73\" height=\"91\" \/><\/p>\n<p style=\"text-align: center;\"><strong>TF323<\/strong><\/p>\n<p style=\"text-align: center;\">remork\u00e9ry: Sysifos, Monako III<br \/>\nkapit\u00e1ni:\u00a0<strong>Lud\u011bk Rais<\/strong>, <strong>Jaroslav Va\u0161keba<\/strong> (<strong>Keba)<\/strong><\/p>\n<p style=\"text-align: center;\">2.m\u00edsto: t\u00fdm B\u00e9\u010dka<br \/>\n3.m\u00edsto: Zb\u011bsil\u00fd p\u00e1ky<\/p>\n<h3 style=\"text-align: center;\">V\u0161em v\u00edt\u011bz\u016fm srde\u010dn\u011b blahop\u0159ejeme!<\/h3>\n<p><a title=\"Pravidla TTC 2013\" href=\"https:\/\/www.tugtowing.cz\/?page_id=4034\">Pravidla TTC 2014<\/a><\/p>\n<p><img decoding=\"async\" class=\"ngg-singlepic ngg-none\" alt=\"logottc2014\" src=\"https:\/\/www.tugtowing.cz\/wp-content\/uploads\/loga\/logottc2014.png\" \/><\/p>\n<p>Logo Tug Towing Cup 2014<\/p>\n<p>&nbsp;<\/p>\n<p><strong>Sout\u011b\u017en\u00ed setk\u00e1n\u00ed zapo\u010d\u00edt\u00e1van\u00e1 do poh\u00e1ru<\/strong><\/p>\n<p>22.02.2014 \u2013 23.02.2014 \u2013 <a title=\"TTC01\" href=\"https:\/\/www.tugtowing.cz\/?page_id=4207\">Zimn\u00ed Tug Towing, Most<\/a> (m\u00edsto, term\u00edn a ubytov\u00e1n\u00ed potvrzeno)<br \/>\n16.05.2014 \u2013 18.05.2014 \u2013 <a title=\"V\u00edkend s tug towingem\" href=\"https:\/\/www.tugtowing.cz\/?page_id=4657\">V\u00edkend s Tug Towingem<\/a>, Jind\u0159ich\u016fv Hradec \u00a0 (m\u00edsto, term\u00edn a ubytov\u00e1n\u00ed potvrzeno)<br \/>\n13.06.2014 \u2013 15.06.2014 \u2013 <a title=\"Tug Towing v Protivanov\u011b\" href=\"https:\/\/www.tugtowing.cz\/?page_id=4660\">Tug Towing v Protivanov\u011b<\/a>, Protivanov (term\u00edn a ubytov\u00e1n\u00ed potvrzeno)<br \/>\n12.09.2014 \u2013 14.09.2014 \u2013<a title=\"O soudek Panist\u00e1vky\" href=\"https:\/\/www.tugtowing.cz\/?page_id=4662\"> O soudek Panist\u00e1vky<\/a>, \u017dirovnice (term\u00edn a ubytov\u00e1n\u00ed potvrzeno)<\/p>\n<p>[nggallery id=13]<\/p>\n<p>&nbsp;<\/p>\n","protected":false},"excerpt":{"rendered":"<p>Tug Towing Cup je seri\u00e1l vybran\u00fdch sout\u011b\u017en\u00edch setk\u00e1n\u00ed v tug towingu. V\u00fdsledky t\u011bchto sout\u011b\u017en\u00edch setk\u00e1n\u00ed se zapo\u010d\u00edt\u00e1vaj\u00ed do tzv. &#8222;poh\u00e1ru&#8220;. T\u00fdm, kter\u00fd z t\u011bchto sout\u011b\u017e\u00ed z\u00edsk\u00e1 nejv\u00edce bod\u016f, z\u00edsk\u00e1v\u00e1 presti\u017en\u00ed titul &#8222;\u0161ampiona v Tug Towingu&#8220; a putovn\u00ed poh\u00e1r. &nbsp; &nbsp; &nbsp; V\u00ddSLEDKY Kategorie:\u00a0tla\u010dn\u00e9 remork\u00e9ry &#8211; jedno\u0161roub\u00e9 Celkov\u00fdm v\u00edt\u011bzem t\u00e9to kategorie se stal t\u00fdm S\u00f3lo remork\u00e9r:\u00a0Armstrong [&hellip;]<\/p>\n","protected":false},"author":2,"featured_media":0,"parent":2,"menu_order":16,"comment_status":"open","ping_status":"closed","template":"","meta":{"footnotes":""},"class_list":["post-4030","page","type-page","status-publish","hentry"],"_links":{"self":[{"href":"https:\/\/www.tugtowing.cz\/index.php?rest_route=\/wp\/v2\/pages\/4030","targetHints":{"allow":["GET"]}}],"collection":[{"href":"https:\/\/www.tugtowing.cz\/index.php?rest_route=\/wp\/v2\/pages"}],"about":[{"href":"https:\/\/www.tugtowing.cz\/index.php?rest_route=\/wp\/v2\/types\/page"}],"author":[{"embeddable":true,"href":"https:\/\/www.tugtowing.cz\/index.php?rest_route=\/wp\/v2\/users\/2"}],"replies":[{"embeddable":true,"href":"https:\/\/www.tugtowing.cz\/index.php?rest_route=%2Fwp%2Fv2%2Fcomments&post=4030"}],"version-history":[{"count":0,"href":"https:\/\/www.tugtowing.cz\/index.php?rest_route=\/wp\/v2\/pages\/4030\/revisions"}],"up":[{"embeddable":true,"href":"https:\/\/www.tugtowing.cz\/index.php?rest_route=\/wp\/v2\/pages\/2"}],"wp:attachment":[{"href":"https:\/\/www.tugtowing.cz\/index.php?rest_route=%2Fwp%2Fv2%2Fmedia&parent=4030"}],"curies":[{"name":"wp","href":"https:\/\/api.w.org\/{rel}","templated":true}]}}