{"id":4039,"date":"2013-10-11T13:18:12","date_gmt":"2013-10-11T12:18:12","guid":{"rendered":"http:\/\/www.tugtowing.cz\/?page_id=4039"},"modified":"2013-10-11T14:12:03","modified_gmt":"2013-10-11T13:12:03","slug":"sezona-2013","status":"publish","type":"page","link":"https:\/\/www.tugtowing.cz\/?page_id=4039","title":{"rendered":"Sez\u00f3na 2013"},"content":{"rendered":"<p>P\u0159ehled akc\u00ed, kde prob\u00edhal tug towing:<\/p>\n<ul>\n<li><a title=\"Springer Cup 2013\" href=\"http:\/\/www.mo-na-ko.net\/php\/portal\/view.php?cisloclanku=2013090005\">Springer Cup 2013 P\u00edsek<\/a><\/li>\n<li><a title=\"TTWS P\u0159\u00edbram 2013\" href=\"https:\/\/www.tugtowing.cz\/?p=3734\">Tug Towing Workshop P\u0159\u00edbram 2013<\/a><\/li>\n<li><a title=\"Tug Towing na Proseku 2013\" href=\"https:\/\/www.tugtowing.cz\/?p=3902\">Tug Towing na Proseku 2013<\/a><\/li>\n<\/ul>\n","protected":false},"excerpt":{"rendered":"<p>P\u0159ehled akc\u00ed, kde prob\u00edhal tug towing: Springer Cup 2013 P\u00edsek Tug Towing Workshop P\u0159\u00edbram 2013 Tug Towing na Proseku 2013<\/p>\n","protected":false},"author":2,"featured_media":0,"parent":2,"menu_order":15,"comment_status":"open","ping_status":"closed","template":"","meta":{"footnotes":""},"class_list":["post-4039","page","type-page","status-publish","hentry"],"_links":{"self":[{"href":"https:\/\/www.tugtowing.cz\/index.php?rest_route=\/wp\/v2\/pages\/4039","targetHints":{"allow":["GET"]}}],"collection":[{"href":"https:\/\/www.tugtowing.cz\/index.php?rest_route=\/wp\/v2\/pages"}],"about":[{"href":"https:\/\/www.tugtowing.cz\/index.php?rest_route=\/wp\/v2\/types\/page"}],"author":[{"embeddable":true,"href":"https:\/\/www.tugtowing.cz\/index.php?rest_route=\/wp\/v2\/users\/2"}],"replies":[{"embeddable":true,"href":"https:\/\/www.tugtowing.cz\/index.php?rest_route=%2Fwp%2Fv2%2Fcomments&post=4039"}],"version-history":[{"count":0,"href":"https:\/\/www.tugtowing.cz\/index.php?rest_route=\/wp\/v2\/pages\/4039\/revisions"}],"up":[{"embeddable":true,"href":"https:\/\/www.tugtowing.cz\/index.php?rest_route=\/wp\/v2\/pages\/2"}],"wp:attachment":[{"href":"https:\/\/www.tugtowing.cz\/index.php?rest_route=%2Fwp%2Fv2%2Fmedia&parent=4039"}],"curies":[{"name":"wp","href":"https:\/\/api.w.org\/{rel}","templated":true}]}}