{"id":4044,"date":"2013-10-11T13:35:04","date_gmt":"2013-10-11T12:35:04","guid":{"rendered":"http:\/\/www.tugtowing.cz\/?page_id=4044"},"modified":"2014-10-20T14:54:39","modified_gmt":"2014-10-20T13:54:39","slug":"sezona-2014","status":"publish","type":"page","link":"https:\/\/www.tugtowing.cz\/?page_id=4044","title":{"rendered":"Sez\u00f3na 2014"},"content":{"rendered":"<div>\n<p>P\u0159ehled akc\u00ed, kde bude prob\u00edhat tug towing:<\/p>\n<ul>\n<li><a title=\"Springer Cup 2014\" href=\"http:\/\/www.mo-na-ko.net\/php\/portal\/view.php?cisloclanku=2014090002\" target=\"_blank\">Springer Cup 2014 P\u00edsek<\/a><\/li>\n<li>Galantsk\u00e1 kotva, Galanta, Slovensko (26. &#8211; 27. 4. 2014)<\/li>\n<li><a title=\"Prosek 2014\" href=\"https:\/\/www.tugtowing.cz\/?p=5104\">Tug Towing na Proseku 2014<\/a> (12.7.2014)<\/li>\n<\/ul>\n<\/div>\n","protected":false},"excerpt":{"rendered":"<p>P\u0159ehled akc\u00ed, kde bude prob\u00edhat tug towing: Springer Cup 2014 P\u00edsek Galantsk\u00e1 kotva, Galanta, Slovensko (26. &#8211; 27. 4. 2014) Tug Towing na Proseku 2014 (12.7.2014)<\/p>\n","protected":false},"author":2,"featured_media":0,"parent":2,"menu_order":20,"comment_status":"open","ping_status":"closed","template":"","meta":{"footnotes":""},"class_list":["post-4044","page","type-page","status-publish","hentry"],"_links":{"self":[{"href":"https:\/\/www.tugtowing.cz\/index.php?rest_route=\/wp\/v2\/pages\/4044","targetHints":{"allow":["GET"]}}],"collection":[{"href":"https:\/\/www.tugtowing.cz\/index.php?rest_route=\/wp\/v2\/pages"}],"about":[{"href":"https:\/\/www.tugtowing.cz\/index.php?rest_route=\/wp\/v2\/types\/page"}],"author":[{"embeddable":true,"href":"https:\/\/www.tugtowing.cz\/index.php?rest_route=\/wp\/v2\/users\/2"}],"replies":[{"embeddable":true,"href":"https:\/\/www.tugtowing.cz\/index.php?rest_route=%2Fwp%2Fv2%2Fcomments&post=4044"}],"version-history":[{"count":0,"href":"https:\/\/www.tugtowing.cz\/index.php?rest_route=\/wp\/v2\/pages\/4044\/revisions"}],"up":[{"embeddable":true,"href":"https:\/\/www.tugtowing.cz\/index.php?rest_route=\/wp\/v2\/pages\/2"}],"wp:attachment":[{"href":"https:\/\/www.tugtowing.cz\/index.php?rest_route=%2Fwp%2Fv2%2Fmedia&parent=4044"}],"curies":[{"name":"wp","href":"https:\/\/api.w.org\/{rel}","templated":true}]}}