{"id":4203,"date":"2014-01-16T22:39:47","date_gmt":"2014-01-16T21:39:47","guid":{"rendered":"http:\/\/www.tugtowing.cz\/?page_id=4203"},"modified":"2015-01-07T20:03:34","modified_gmt":"2015-01-07T19:03:34","slug":"tug-towing-ver-1-10-2014","status":"publish","type":"page","link":"https:\/\/www.tugtowing.cz\/?page_id=4203","title":{"rendered":"Tug Towing ver. 1.10 (2014)"},"content":{"rendered":"<p>Pravidla ve <strong>verzi 1.10<\/strong> jsou platn\u00e1 od <strong>1.2.2014<\/strong> do <strong>31.12.2015<\/strong><br \/>\nTato pravidla pro tug towing jsou neofici\u00e1ln\u00ed. Vyd\u00e1v\u00e1 a spravuje je <a title=\"Klub NAMOLO! o.s.\" href=\"https:\/\/www.tugtowing.cz\/?page_id=3022\">Klub NAMOLO!<\/a>, konkr\u00e9tn\u011b rozhod\u010d\u00ed, kte\u0159\u00ed jsou uvedeni v <a title=\"Seznam rozhod\u010d\u00edch pro tug towing\" href=\"?page_id=35\" target=\"_self\">seznamu rozhod\u010d\u00edch<\/a>.<\/p>\n<p><img decoding=\"async\" alt=\"icopdf\" src=\"https:\/\/www.tugtowing.cz\/wp-content\/uploads\/icons\/icopdf.gif\" \/><a title=\"pravidla pro TT 2014 ver. 1.10\" href=\"doc\/Pravidla\/2014_Pravidla_TT_ver1-10.pdf\" target=\"_blank\">St\u00e1hn\u011bte si dokument<\/a><\/p>\n","protected":false},"excerpt":{"rendered":"<p>Pravidla ve verzi 1.10 jsou platn\u00e1 od 1.2.2014 do 31.12.2015 Tato pravidla pro tug towing jsou neofici\u00e1ln\u00ed. Vyd\u00e1v\u00e1 a spravuje je Klub NAMOLO!, konkr\u00e9tn\u011b rozhod\u010d\u00ed, kte\u0159\u00ed jsou uvedeni v seznamu rozhod\u010d\u00edch. St\u00e1hn\u011bte si dokument<\/p>\n","protected":false},"author":2,"featured_media":0,"parent":10,"menu_order":4,"comment_status":"closed","ping_status":"closed","template":"","meta":{"footnotes":""},"class_list":["post-4203","page","type-page","status-publish","hentry"],"_links":{"self":[{"href":"https:\/\/www.tugtowing.cz\/index.php?rest_route=\/wp\/v2\/pages\/4203","targetHints":{"allow":["GET"]}}],"collection":[{"href":"https:\/\/www.tugtowing.cz\/index.php?rest_route=\/wp\/v2\/pages"}],"about":[{"href":"https:\/\/www.tugtowing.cz\/index.php?rest_route=\/wp\/v2\/types\/page"}],"author":[{"embeddable":true,"href":"https:\/\/www.tugtowing.cz\/index.php?rest_route=\/wp\/v2\/users\/2"}],"replies":[{"embeddable":true,"href":"https:\/\/www.tugtowing.cz\/index.php?rest_route=%2Fwp%2Fv2%2Fcomments&post=4203"}],"version-history":[{"count":0,"href":"https:\/\/www.tugtowing.cz\/index.php?rest_route=\/wp\/v2\/pages\/4203\/revisions"}],"up":[{"embeddable":true,"href":"https:\/\/www.tugtowing.cz\/index.php?rest_route=\/wp\/v2\/pages\/10"}],"wp:attachment":[{"href":"https:\/\/www.tugtowing.cz\/index.php?rest_route=%2Fwp%2Fv2%2Fmedia&parent=4203"}],"curies":[{"name":"wp","href":"https:\/\/api.w.org\/{rel}","templated":true}]}}