{"id":425,"date":"2010-11-03T14:44:32","date_gmt":"2010-11-03T12:44:32","guid":{"rendered":"http:\/\/www.tugtowing.cz\/?page_id=425"},"modified":"2023-02-02T21:04:14","modified_gmt":"2023-02-02T20:04:14","slug":"planky-trati","status":"publish","type":"page","link":"https:\/\/www.tugtowing.cz\/?page_id=425","title":{"rendered":"Pl\u00e1nky trat\u00ed"},"content":{"rendered":"<p><a class=\"shutterset_\" title=\"Mapa.\" href=\"https:\/\/www.tugtowing.cz\/wp-content\/uploads\/default\/mapa.jpg\"><img loading=\"lazy\" decoding=\"async\" class=\"ngg-singlepic ngg-left alignleft\" src=\"https:\/\/www.tugtowing.cz\/wp-content\/uploads\/default\/thumbs\/thumbs_mapa.jpg\" alt=\"mapa\" width=\"100\" height=\"75\"><\/a>P\u0159ehled pl\u00e1n\u016f trat\u00ed (kurs\u016f), kter\u00e9 byly postaveny na sout\u011b\u017en\u00edch i nesout\u011b\u017en\u00edch setk\u00e1n\u00ed v tug towingu a jejich\u017e pl\u00e1ny se dochovaly. Seznam je \u0159azen podle jednotliv\u00fdch setk\u00e1n\u00ed a chronologicky podle roku uskute\u010dn\u011bn\u00ed v r\u00e1mci setk\u00e1n\u00ed. Pl\u00e1ny trat\u00ed nejsou kresleny v m\u011b\u0159\u00edtku.<\/p>\n<p>&nbsp;<\/p>\n<blockquote class=\"wp-embedded-content\" data-secret=\"VNJuviWk4U\"><p><a href=\"https:\/\/www.tugtowing.cz\/?p=5566\">Nov\u00e9 naviga\u010dn\u00ed zna\u010dky<\/a><\/p><\/blockquote>\n<p><iframe loading=\"lazy\" class=\"wp-embedded-content\" sandbox=\"allow-scripts\" security=\"restricted\" style=\"position: absolute; visibility: hidden;\" title=\"&#8222;Nov\u00e9 naviga\u010dn\u00ed zna\u010dky&#8220; &#8212; Tug Towing CZ\" src=\"https:\/\/www.tugtowing.cz\/?p=5566&#038;embed=true#?secret=VgjjBXXAZ0#?secret=VNJuviWk4U\" data-secret=\"VNJuviWk4U\" width=\"600\" height=\"338\" frameborder=\"0\" marginwidth=\"0\" marginheight=\"0\" scrolling=\"no\"><\/iframe><\/p>\n<p>[wpspoiler name=&#8220;Zimn\u00ed tug towing v Most\u011b&#8220;]<br \/>\n<strong>2007: <\/strong> <a href=\"http:\/\/www.mo-na-ko.net\/images_a\/TugTowing\/Most\/trat_1.JPG\" target=\"_blank\" rel=\"noopener noreferrer\">1. a 2. kolo<\/a><br \/>\n<strong>2008: <\/strong> <a href=\"http:\/\/www.mo-na-ko.net\/php\/portal\/_Clanky2008\/TT_Most\/tratMost2008.jpg\" target=\"_blank\" rel=\"noopener noreferrer\">1., 2. a 3. kolo<\/a><br \/>\n<strong>2009: <\/strong> <a href=\"http:\/\/www.mo-na-ko.net\/php\/portal\/_Clanky2009\/TTC2009\/TTC01-2009.jpg\" target=\"_blank\" rel=\"noopener noreferrer\">1., 2. a 3. kolo<\/a><br \/>\n<strong>2010: <\/strong> <a href=\"http:\/\/www.mo-na-ko.net\/php\/portal\/_Clanky0000\/TT-CZ\/Trate\/TTC01.jpg\" target=\"_blank\" rel=\"noopener noreferrer\">hlavn\u00ed pl\u00e1n<\/a>, <a href=\"http:\/\/www.mo-na-ko.net\/php\/portal\/_Clanky0000\/TT-CZ\/Trate\/TTC01_TTT.jpg\" target=\"_blank\" rel=\"noopener noreferrer\">TTT<\/a>, <a href=\"http:\/\/www.mo-na-ko.net\/php\/portal\/_Clanky0000\/TT-CZ\/Trate\/TTC01_TLR.jpg\" target=\"_blank\" rel=\"noopener noreferrer\">TLR<\/a>, <a href=\"http:\/\/www.mo-na-ko.net\/php\/portal\/_Clanky0000\/TT-CZ\/Trate\/TTC01_LTT.jpg\" target=\"_blank\" rel=\"noopener noreferrer\">LTT<\/a><br \/>\n<strong>2011: <\/strong> <a title=\"Hlavn\u00ed pl\u00e1n\" href=\"https:\/\/www.tugtowing.cz\/?p=1150\" target=\"_self\" rel=\"noopener noreferrer\">hlavn\u00ed pl\u00e1n<\/a><br \/>\n<strong>2012: <\/strong> <a title=\"Hlavn\u00ed pl\u00e1n\" href=\"https:\/\/www.tugtowing.cz\/?p=2247\">hlavn\u00ed pl\u00e1n<\/a><br \/>\n<strong>2013: <\/strong> <a title=\"Hlavn\u00ed pl\u00e1n\" href=\"https:\/\/www.tugtowing.cz\/?p=3313\">hlavn\u00ed pl\u00e1n<\/a><br \/>\n<strong>2014: <\/strong> <a title=\"Hlavn\u00ed pl\u00e1n\" href=\"https:\/\/www.tugtowing.cz\/?p=4266\">hlavn\u00ed pl\u00e1n<\/a><br \/>\n<strong>2015:<\/strong> <a href=\"https:\/\/www.tugtowing.cz\/?p=6179\">hlavn\u00ed pl\u00e1n<br \/>\n<\/a><strong>2016:<\/strong> <a href=\"https:\/\/www.tugtowing.cz\/?p=4266\">hlavn\u00ed pl\u00e1n<br \/>\n<\/a><strong>2017<\/strong>: <a href=\"https:\/\/www.tugtowing.cz\/?p=8665\">hlavn\u00ed pl\u00e1n<\/a><br \/>\n<strong>2018<\/strong>: <a href=\"https:\/\/www.tugtowing.cz\/?p=9279\">hlavn\u00ed pl\u00e1n<\/a><br \/>\n<strong>2019:<\/strong> <a href=\"https:\/\/www.tugtowing.cz\/?p=8665\">hlavn\u00ed pl\u00e1n<\/a><br \/>\n<strong>2020:<\/strong> <a href=\"https:\/\/www.tugtowing.cz\/?p=10132\">hlavn\u00ed pl\u00e1n<\/a><br \/>\n<strong>2021:<\/strong> regata zru\u0161ena<br \/>\n<strong>2022:<\/strong> <a href=\"https:\/\/www.tugtowing.cz\/?p=10689\">hlavn\u00ed pl\u00e1n<\/a><br \/>\n2023: hlavn\u00ed pl\u00e1n<\/p>\n<p>[\/wpspoiler]<\/p>\n<p>[wpspoiler name=&#8220;V\u00edkend s Tug Towingem&#8220;]<\/p>\n<p><strong>2006: <\/strong> <a href=\"http:\/\/www.mo-na-ko.net\/images_a\/TugTowing\/trat_abc.jpg\" target=\"_blank\" rel=\"noopener noreferrer\">hlavn\u00ed pl\u00e1n<\/a>, <a href=\"http:\/\/www.mo-na-ko.net\/images_a\/TugTowing\/trat_a.jpg\" target=\"_blank\" rel=\"noopener noreferrer\">1. kolo<\/a>, <a href=\"http:\/\/www.mo-na-ko.net\/images_a\/TugTowing\/trat_b.jpg\" target=\"_blank\" rel=\"noopener noreferrer\">2. kolo<\/a>, <a href=\"http:\/\/www.mo-na-ko.net\/images_a\/TugTowing\/trat_c.jpg\" target=\"_blank\" rel=\"noopener noreferrer\">3. kolo<\/a><br \/>\n<strong>2007: <\/strong> <a href=\"http:\/\/www.mo-na-ko.net\/php\/portal\/_Clanky2007\/_Pozvan_3\/Trat31.png\" target=\"_blank\" rel=\"noopener noreferrer\">1. kolo<\/a>, <a href=\"http:\/\/www.mo-na-ko.net\/php\/portal\/_Clanky2007\/_Pozvan_3\/Trat32.png\" target=\"_blank\" rel=\"noopener noreferrer\">2. kolo<\/a>, <a href=\"http:\/\/www.mo-na-ko.net\/php\/portal\/_Clanky2007\/_Pozvan_3\/Trat33.png\" target=\"_blank\" rel=\"noopener noreferrer\">3. kolo<\/a><br \/>\n<strong>2008: <\/strong> <a href=\"http:\/\/www.mo-na-ko.net\/php\/portal\/_Clanky2008\/TT_Osek\/Trasa1.jpg\" target=\"_blank\" rel=\"noopener noreferrer\">1. kolo<\/a>, <a href=\"http:\/\/www.mo-na-ko.net\/php\/portal\/_Clanky2008\/TT_Osek\/Trasa2.jpg\" target=\"_blank\" rel=\"noopener noreferrer\">2. kolo<\/a>, <a href=\"http:\/\/www.mo-na-ko.net\/php\/portal\/_Clanky2008\/TT_Osek\/Trasa3.jpg\" target=\"_blank\" rel=\"noopener noreferrer\">3. kolo<\/a><br \/>\n<strong>2009: <\/strong> <a href=\"http:\/\/www.mo-na-ko.net\/php\/portal\/_Clanky2009\/TTC2009\/TTC03-2009-00.jpg\" target=\"_blank\" rel=\"noopener noreferrer\">hlavn\u00ed pl\u00e1n<\/a>, <a href=\"http:\/\/www.mo-na-ko.net\/php\/portal\/_Clanky2009\/TTC2009\/TTC03-2009-01.jpg\" target=\"_blank\" rel=\"noopener noreferrer\">1. kolo<\/a>, <a href=\"http:\/\/www.mo-na-ko.net\/php\/portal\/_Clanky2009\/TTC2009\/TTC03-2009-02.jpg\" target=\"_blank\" rel=\"noopener noreferrer\">2. kolo<\/a>, <a href=\"http:\/\/www.mo-na-ko.net\/php\/portal\/_Clanky2009\/TTC2009\/TTC03-2009-03.jpg\" target=\"_blank\" rel=\"noopener noreferrer\">3. kolo<\/a>, <a href=\"http:\/\/www.mo-na-ko.net\/php\/portal\/_Clanky2009\/TTC2009\/TTC03-2009-04.jpg\" target=\"_blank\" rel=\"noopener noreferrer\">noc<\/a><br \/>\n<strong>2010: <\/strong> <a href=\"http:\/\/www.mo-na-ko.net\/php\/portal\/_Clanky0000\/TT-CZ\/Trate\/Panistavka\/trat_basic_LTT_1.jpg\" target=\"_blank\" rel=\"noopener noreferrer\">1. kolo LTT<\/a>, <a href=\"http:\/\/www.mo-na-ko.net\/php\/portal\/_Clanky0000\/TT-CZ\/Trate\/Panistavka\/trat_basic_LTT_2.jpg\" target=\"_blank\" rel=\"noopener noreferrer\">2. kolo LTT<\/a>, <a href=\"http:\/\/www.mo-na-ko.net\/php\/portal\/_Clanky0000\/TT-CZ\/Trate\/Panistavka\/trat_basic_TTT_1.jpg\" target=\"_blank\" rel=\"noopener noreferrer\">1. kolo TTT<\/a>, <a href=\"http:\/\/www.mo-na-ko.net\/php\/portal\/_Clanky0000\/TT-CZ\/Trate\/Panistavka\/trat_basic_TTT_2.jpg\" target=\"_blank\" rel=\"noopener noreferrer\">2. kolo TTT<\/a>, <a href=\"http:\/\/www.mo-na-ko.net\/php\/portal\/_Clanky0000\/TT-CZ\/Trate\/Panistavka\/trat_basic_TLR_1.jpg\" target=\"_blank\" rel=\"noopener noreferrer\">1. kolo TTT<\/a>, <a href=\"http:\/\/www.mo-na-ko.net\/php\/portal\/_Clanky0000\/TT-CZ\/Trate\/Panistavka\/trat_basic_TLR_2.jpg\" target=\"_blank\" rel=\"noopener noreferrer\">2. kolo TTT<br \/>\n<\/a><strong>2011:<\/strong> <a title=\"hlavn\u00ed pl\u00e1n\" href=\"https:\/\/www.tugtowing.cz\/?p=1554\">hlavn\u00ed pl\u00e1n<br \/>\n<\/a><strong>2012:<\/strong> <a title=\"hlavn\u00ed pl\u00e1n\" href=\"https:\/\/www.tugtowing.cz\/?p=2501\">hlavn\u00ed pl\u00e1n<br \/>\n<\/a><strong>2013: <\/strong> <a href=\"https:\/\/www.tugtowing.cz\/?p=3495\">hlavn\u00ed pl\u00e1n<br \/>\n<\/a><strong>2014: <\/strong> <a href=\"https:\/\/www.tugtowing.cz\/?p=4888\">hlavn\u00ed pl\u00e1n<\/a><br \/>\n<strong>2015:<\/strong> <a href=\"https:\/\/www.tugtowing.cz\/?p=6650\">hlavn\u00ed pl\u00e1n<br \/>\n<\/a><strong>2017:<\/strong> <a href=\"https:\/\/www.tugtowing.cz\/?p=8873\">hlavn\u00ed pl\u00e1n<\/a><br \/>\n<strong>2018:<\/strong> <a href=\"https:\/\/www.tugtowing.cz\/?p=9520\">hlavn\u00ed pl\u00e1n<\/a><br \/>\n<strong>2019:<\/strong> <a href=\"https:\/\/www.tugtowing.cz\/?p=9836\">hlavn\u00ed pl\u00e1n<\/a><br \/>\n<strong>2022:<\/strong> <a href=\"https:\/\/www.tugtowing.cz\/?p=10766\">hlavn\u00ed pl\u00e1n<\/a><br \/>\n[\/wpspoiler]<\/p>\n<p>[wpspoiler name=&#8220;Tug Towing v Protivanov\u011b&#8220;]<br \/>\n<strong>2010: <\/strong> <a href=\"http:\/\/www.mo-na-ko.net\/php\/portal\/_Clanky0000\/TT-CZ\/Trate\/Protivanov\/LTT_TTT_VlekOkruh1.jpg\" target=\"_blank\" rel=\"noopener noreferrer\">1. kolo vleky<\/a>, <a href=\"http:\/\/www.mo-na-ko.net\/php\/portal\/_Clanky0000\/TT-CZ\/Trate\/Protivanov\/LTT_TTT_VlekOkruh1.jpg\" target=\"_blank\" rel=\"noopener noreferrer\">2. kolo vleky<\/a>, <a href=\"http:\/\/www.mo-na-ko.net\/php\/portal\/_Clanky0000\/TT-CZ\/Trate\/Protivanov\/TTT_PlosinaManevr.jpg\" target=\"_blank\" rel=\"noopener noreferrer\">man\u00e9vr plo\u0161ina<\/a>, <a href=\"http:\/\/www.mo-na-ko.net\/php\/portal\/_Clanky0000\/TT-CZ\/Trate\/Protivanov\/TlacakyOkruh1.jpg\" target=\"_blank\" rel=\"noopener noreferrer\">1. kolo TLR<\/a>, <a href=\"http:\/\/www.mo-na-ko.net\/php\/portal\/_Clanky0000\/TT-CZ\/Trate\/Protivanov\/TlacakyOkruh1.jpg\" target=\"_blank\" rel=\"noopener noreferrer\">2. kolo TLR<\/a><br \/>\n<strong>2011: <\/strong> <a title=\"hlavn\u00ed pl\u00e1n\" href=\"https:\/\/www.tugtowing.cz\/?p=1489\">hlavn\u00ed pl\u00e1n<\/a><br \/>\n<strong>2012: <\/strong> <a title=\"hlavn\u00ed pl\u00e1n\" href=\"https:\/\/www.tugtowing.cz\/?p=2514\">hlavn\u00ed pl\u00e1n<\/a><br \/>\n<strong>2013: <\/strong> <a title=\"hlavn\u00ed pl\u00e1n\" href=\"https:\/\/www.tugtowing.cz\/?p=3580\">hlavn\u00ed pl\u00e1n<\/a><br \/>\n<strong>2014: <\/strong> <a title=\"hlavn\u00ed pl\u00e1n\" href=\"https:\/\/www.tugtowing.cz\/?page_id=4660\">hlavn\u00ed pl\u00e1n<\/a><br \/>\n<strong>2015:<\/strong> <a href=\"https:\/\/www.tugtowing.cz\/?p=6822\">hlavn\u00ed pl\u00e1n<br \/>\n<\/a><strong>2016:<\/strong> hlavn\u00ed pl\u00e1n<br \/>\n<strong>2017:<\/strong> <a href=\"https:\/\/www.tugtowing.cz\/?p=8962\">hlavn\u00ed pl\u00e1n<\/a><br \/>\n[\/wpspoiler]<\/p>\n<p>[wpspoiler name=&#8220;Cab\u016fv memori\u00e1l&#8220;]<br \/>\n<strong>2018:<\/strong> <a href=\"https:\/\/www.tugtowing.cz\/?p=9564\">hlavn\u00ed pl\u00e1n<\/a><br \/>\n<strong>2019:<\/strong> <a href=\"https:\/\/www.tugtowing.cz\/?p=9987\">hlavn\u00ed pl\u00e1n<\/a><br \/>\n<strong>2020:<\/strong> <a href=\"https:\/\/www.tugtowing.cz\/?p=10249\">hlavn\u00ed pl\u00e1n<\/a><br \/>\n<strong>2021:<\/strong> hlavn\u00ed pl\u00e1n<br \/>\n<strong>2022:<\/strong> <a href=\"https:\/\/www.tugtowing.cz\/?p=10714\">hlavn\u00ed pl\u00e1n<\/a><br \/>\n[\/wpspoiler]<\/p>\n<p>[wpspoiler name=&#8220;Olom\u00f3ck\u00e1 vana&#8220;]<br \/>\n<strong>2007: <\/strong> <a href=\"http:\/\/www.mo-na-ko.net\/php\/portal\/_Clanky2007\/OlomoucVana\/11.jpg\" target=\"_blank\" rel=\"noopener noreferrer\">1. kolo<\/a><br \/>\n<strong>2008: <\/strong> <a href=\"http:\/\/www.mo-na-ko.net\/php\/portal\/_Clanky2008\/TT_Olo\/01.jpg\" target=\"_blank\" rel=\"noopener noreferrer\">1.,2. a 3. kolo<\/a><br \/>\n<strong>2009: <\/strong> <a href=\"http:\/\/www.mo-na-ko.net\/php\/portal\/_Clanky2009\/TTC2009\/TTC02-2009-1.png\" target=\"_blank\" rel=\"noopener noreferrer\">1. kolo<\/a>, <a href=\"http:\/\/www.mo-na-ko.net\/php\/portal\/_Clanky2009\/TTC2009\/TTC02-2009-2.png\" target=\"_blank\" rel=\"noopener noreferrer\">2. kolo<\/a><br \/>\n[\/wpspoiler]<\/p>\n<p>[wpspoiler name=&#8220;O Branick\u00fd soudek&#8220;]<br \/>\n<strong>2006: <\/strong> <a href=\"http:\/\/www.mo-na-ko.net\/images_a\/TugTowing\/PrahaZatoka\/mapa2.gif\" target=\"_blank\" rel=\"noopener noreferrer\">1. a 2. kolo<\/a><br \/>\n<strong>2007: <\/strong> <a href=\"http:\/\/www.mo-na-ko.net\/php\/portal\/_Clanky2007\/_Pozvan_7\/trat.jpg\" target=\"_blank\" rel=\"noopener noreferrer\">1. a 2. kolo<\/a><br \/>\n<strong>2008: <\/strong> <a href=\"http:\/\/www.mo-na-ko.net\/php\/portal\/_Clanky2008\/TT_Branik\/11.jpg\" target=\"_blank\" rel=\"noopener noreferrer\">1. a 2. kolo<\/a><br \/>\n<strong>2009: <\/strong> <a href=\"http:\/\/www.mo-na-ko.net\/php\/portal\/_Clanky2009\/TTC2009\/TTC04-2009.jpg\" target=\"_blank\" rel=\"noopener noreferrer\">1. a 2. kolo<\/a><br \/>\n<strong>2010: <\/strong> <a href=\"http:\/\/www.mo-na-ko.net\/php\/portal\/_Clanky0000\/TT-CZ\/Trate\/Branik\/trat-LTT-TTT.png\" target=\"_blank\" rel=\"noopener noreferrer\">LTT + TTT 1. a .2. kolo<\/a>,&nbsp;<a href=\"http:\/\/www.mo-na-ko.net\/php\/portal\/_Clanky0000\/TT-CZ\/Trate\/Branik\/trat-TLR-1kolo.png\" target=\"_blank\" rel=\"noopener noreferrer\">TLR 1. kolo<\/a>,&nbsp;<a href=\"http:\/\/www.mo-na-ko.net\/php\/portal\/_Clanky0000\/TT-CZ\/Trate\/Branik\/trat-TLR-2kolo.png\" target=\"_blank\" rel=\"noopener noreferrer\">TLR 2. kolo<\/a><br \/>\n[\/wpspoiler]<\/p>\n<p>[wpspoiler name=&#8220;O soudek Panist\u00e1vky&#8220;]<br \/>\n<strong>2011: <\/strong> <a href=\"https:\/\/www.tugtowing.cz\/?p=1862\">hlavn\u00ed pl\u00e1n<\/a><br \/>\n<strong>2012: <\/strong> <a href=\"https:\/\/www.tugtowing.cz\/?p=2827\">hlavn\u00ed pl\u00e1n<\/a><br \/>\n<strong>2013: <\/strong> <a title=\"hlavn\u00ed pl\u00e1n\" href=\"https:\/\/www.tugtowing.cz\/?p=3832\">hlavn\u00ed pl\u00e1n<\/a><br \/>\n<strong>2014: <\/strong> <a title=\"hlavn\u00ed pl\u00e1n\" href=\"https:\/\/www.tugtowing.cz\/?p=5603\">hlavn\u00ed pl\u00e1n<\/a><br \/>\n<strong>2015: <\/strong> <a title=\"hlavn\u00ed pl\u00e1n\" href=\"https:\/\/www.tugtowing.cz\/?p=7439\">hlavn\u00ed pl\u00e1n<br \/>\n<\/a><strong>2016:<\/strong> <a href=\"https:\/\/www.tugtowing.cz\/?p=7439\">hlavn\u00ed pl\u00e1n<\/a> (stejn\u00fd jako v roce 2015)<br \/>\n<strong>2017:<\/strong> <a href=\"https:\/\/www.tugtowing.cz\/?p=9158\">hlavn\u00ed pl\u00e1n<\/a><br \/>\n<strong>2018:<\/strong> <a href=\"https:\/\/www.tugtowing.cz\/?p=9602\">hlavn\u00ed pl\u00e1n<\/a><br \/>\n<strong>2021:<\/strong> <a href=\"https:\/\/www.tugtowing.cz\/?p=10570\">hlavn\u00ed pl\u00e1n<\/a><br \/>\n<strong>2022:<\/strong> <a href=\"https:\/\/www.tugtowing.cz\/?p=10782\">hlavn\u00ed pl\u00e1n<\/a><br \/>\n[\/wpspoiler]<\/p>\n<p>[wpspoiler name=&#8220;P\u0159\u00edbramsk\u00fd soudek&#8220;]<br \/>\n<strong>2019:<\/strong> <a href=\"https:\/\/www.tugtowing.cz\/?p=10030\">hlavn\u00ed pl\u00e1n<\/a><br \/>\n<strong>2020:<\/strong> <a href=\"https:\/\/www.tugtowing.cz\/?p=10292\">hlavn\u00ed pl\u00e1n<\/a><br \/>\n[\/wpspoiler]<\/p>\n<p>[wpspoiler name=&#8220;TT Otrokovice&#8220;]<br \/>\n<strong>2008: <\/strong> <a href=\"http:\/\/www.mo-na-ko.net\/php\/portal\/_Clanky2008\/TT_Otrok\/01.pdf\" target=\"_blank\" rel=\"noopener noreferrer\">1. kolo<\/a> <a href=\"http:\/\/www.mo-na-ko.net\/php\/portal\/_Clanky2008\/TT_Otrok\/02.pdf\" target=\"_blank\" rel=\"noopener noreferrer\">2. kolo<\/a> <a href=\"http:\/\/www.mo-na-ko.net\/php\/portal\/_Clanky2008\/TT_Otrok\/03.pdf\" target=\"_blank\" rel=\"noopener noreferrer\">3. kolo<\/a><br \/>\n[\/wpspoiler]<\/p>\n<p>[wpspoiler name=&#8220;N\u00e1hradn\u00ed regata&#8220;]<br \/>\n<strong>2016:<\/strong> <a href=\"https:\/\/www.tugtowing.cz\/?p=7765\">hlavn\u00ed pl\u00e1n<\/a><br \/>\n[\/wpspoiler]<br \/>\n<span style=\"border-radius: 2px; text-indent: 20px; width: auto; padding: 0px 4px 0px 0px; text-align: center; font: bold 11px\/20px 'Helvetica Neue',Helvetica,sans-serif; color: #ffffff; background: #bd081c no-repeat scroll 3px 50% \/ 14px 14px; position: absolute; opacity: 1; z-index: 8675309; display: none; cursor: pointer;\">Ulo\u017eit<\/span><\/p>\n<p><span style=\"border-radius: 2px; text-indent: 20px; width: auto; padding: 0px 4px 0px 0px; text-align: center; font: bold 11px\/20px 'Helvetica Neue',Helvetica,sans-serif; color: #ffffff; background: #bd081c no-repeat scroll 3px 50% \/ 14px 14px; position: absolute; opacity: 1; z-index: 8675309; display: none; cursor: pointer;\">Ulo\u017eit<\/span><\/p>\n<p><span style=\"border-radius: 2px; text-indent: 20px; width: auto; padding: 0px 4px 0px 0px; text-align: center; font: bold 11px\/20px 'Helvetica Neue',Helvetica,sans-serif; color: #ffffff; background: #bd081c no-repeat scroll 3px 50% \/ 14px 14px; position: absolute; opacity: 1; z-index: 8675309; display: none; cursor: pointer;\">Ulo\u017eit<\/span><\/p>\n<p><span style=\"border-radius: 2px; text-indent: 20px; width: auto; padding: 0px 4px 0px 0px; text-align: center; font: bold 11px\/20px 'Helvetica Neue',Helvetica,sans-serif; color: #ffffff; background: #bd081c no-repeat scroll 3px 50% \/ 14px 14px; position: absolute; opacity: 1; z-index: 8675309; display: none; cursor: pointer;\">Ulo\u017eit<\/span><\/p>\n<p><span style=\"border-radius: 2px; text-indent: 20px; width: auto; padding: 0px 4px 0px 0px; text-align: center; font: bold 11px\/20px 'Helvetica Neue',Helvetica,sans-serif; color: #ffffff; background: #bd081c no-repeat scroll 3px 50% \/ 14px 14px; position: absolute; opacity: 1; z-index: 8675309; display: none; cursor: pointer;\">Ulo\u017eit<\/span><\/p>\n<p><span style=\"border-radius: 2px; text-indent: 20px; width: auto; padding: 0px 4px 0px 0px; text-align: center; font: bold 11px\/20px 'Helvetica Neue',Helvetica,sans-serif; color: #ffffff; background: #bd081c no-repeat scroll 3px 50% \/ 14px 14px; position: absolute; opacity: 1; z-index: 8675309; display: none; cursor: pointer;\">Ulo\u017eit<\/span><\/p>\n<p><span style=\"border-radius: 2px; text-indent: 20px; width: auto; padding: 0px 4px 0px 0px; text-align: center; font: bold 11px\/20px 'Helvetica Neue',Helvetica,sans-serif; color: #ffffff; background: #bd081c no-repeat scroll 3px 50% \/ 14px 14px; position: absolute; opacity: 1; z-index: 8675309; display: none; cursor: pointer;\">Ulo\u017eit<\/span><\/p>\n<p><span style=\"border-radius: 2px; text-indent: 20px; width: auto; padding: 0px 4px 0px 0px; text-align: center; font: bold 11px\/20px 'Helvetica Neue',Helvetica,sans-serif; color: #ffffff; background: #bd081c no-repeat scroll 3px 50% \/ 14px 14px; position: absolute; opacity: 1; z-index: 8675309; display: none; cursor: pointer;\">Ulo\u017eit<\/span><\/p>\n<p><span style=\"border-radius: 2px; text-indent: 20px; width: auto; padding: 0px 4px 0px 0px; text-align: center; font: bold 11px\/20px 'Helvetica Neue',Helvetica,sans-serif; color: #ffffff; background: #bd081c no-repeat scroll 3px 50% \/ 14px 14px; position: absolute; opacity: 1; z-index: 8675309; display: none; cursor: pointer;\">Ulo\u017eit<\/span><\/p>\n<p><span style=\"border-radius: 2px; text-indent: 20px; width: auto; padding: 0px 4px 0px 0px; text-align: center; font: bold 11px\/20px 'Helvetica Neue',Helvetica,sans-serif; color: #ffffff; background: #bd081c no-repeat scroll 3px 50% \/ 14px 14px; position: absolute; opacity: 1; z-index: 8675309; display: none; cursor: pointer;\">Ulo\u017eit<\/span><\/p>\n","protected":false},"excerpt":{"rendered":"<p>P\u0159ehled pl\u00e1n\u016f trat\u00ed (kurs\u016f), kter\u00e9 byly postaveny na sout\u011b\u017en\u00edch i nesout\u011b\u017en\u00edch setk\u00e1n\u00ed v tug towingu a jejich\u017e pl\u00e1ny se dochovaly. Seznam je \u0159azen podle jednotliv\u00fdch setk\u00e1n\u00ed a chronologicky podle roku uskute\u010dn\u011bn\u00ed v r\u00e1mci setk\u00e1n\u00ed. Pl\u00e1ny trat\u00ed nejsou kresleny v m\u011b\u0159\u00edtku. &nbsp; Nov\u00e9 naviga\u010dn\u00ed zna\u010dky [wpspoiler name=&#8220;Zimn\u00ed tug towing v Most\u011b&#8220;] 2007: 1. a 2. kolo [&hellip;]<\/p>\n","protected":false},"author":2,"featured_media":0,"parent":22,"menu_order":6,"comment_status":"closed","ping_status":"closed","template":"","meta":{"footnotes":""},"class_list":["post-425","page","type-page","status-publish","hentry"],"_links":{"self":[{"href":"https:\/\/www.tugtowing.cz\/index.php?rest_route=\/wp\/v2\/pages\/425","targetHints":{"allow":["GET"]}}],"collection":[{"href":"https:\/\/www.tugtowing.cz\/index.php?rest_route=\/wp\/v2\/pages"}],"about":[{"href":"https:\/\/www.tugtowing.cz\/index.php?rest_route=\/wp\/v2\/types\/page"}],"author":[{"embeddable":true,"href":"https:\/\/www.tugtowing.cz\/index.php?rest_route=\/wp\/v2\/users\/2"}],"replies":[{"embeddable":true,"href":"https:\/\/www.tugtowing.cz\/index.php?rest_route=%2Fwp%2Fv2%2Fcomments&post=425"}],"version-history":[{"count":14,"href":"https:\/\/www.tugtowing.cz\/index.php?rest_route=\/wp\/v2\/pages\/425\/revisions"}],"predecessor-version":[{"id":10869,"href":"https:\/\/www.tugtowing.cz\/index.php?rest_route=\/wp\/v2\/pages\/425\/revisions\/10869"}],"up":[{"embeddable":true,"href":"https:\/\/www.tugtowing.cz\/index.php?rest_route=\/wp\/v2\/pages\/22"}],"wp:attachment":[{"href":"https:\/\/www.tugtowing.cz\/index.php?rest_route=%2Fwp%2Fv2%2Fmedia&parent=425"}],"curies":[{"name":"wp","href":"https:\/\/api.w.org\/{rel}","templated":true}]}}