{"id":442,"date":"2010-11-03T15:26:24","date_gmt":"2010-11-03T13:26:24","guid":{"rendered":"http:\/\/www.tugtowing.cz\/?page_id=442"},"modified":"2012-06-13T12:49:45","modified_gmt":"2012-06-13T11:49:45","slug":"archiv","status":"publish","type":"page","link":"https:\/\/www.tugtowing.cz\/?page_id=442","title":{"rendered":"Archiv"},"content":{"rendered":"<p>V archivu naleznete odkazy na fotogalerie a videa ze sout\u011b\u017en\u00edch i nesout\u011b\u017en\u00edch setk\u00e1n\u00ed lodn\u00edch model\u00e1\u0159\u016f v tug towingu.<\/p>\n<p><strong>Dal\u0161\u00ed rubriky:<\/strong><\/p>\n<ul>\n<li><a title=\"Fotogalerie\" href=\"https:\/\/www.tugtowing.cz\/?page_id=446\">Fotogalerie<\/a><\/li>\n<li><a title=\"Video\" href=\"https:\/\/www.tugtowing.cz\/?page_id=457\">Video<\/a><\/li>\n<li><a title=\"Odkazy\" href=\"https:\/\/www.tugtowing.cz\/?page_id=776\">Odkazy<\/a><\/li>\n<\/ul>\n","protected":false},"excerpt":{"rendered":"<p>V archivu naleznete odkazy na fotogalerie a videa ze sout\u011b\u017en\u00edch i nesout\u011b\u017en\u00edch setk\u00e1n\u00ed lodn\u00edch model\u00e1\u0159\u016f v tug towingu. Dal\u0161\u00ed rubriky: Fotogalerie Video Odkazy<\/p>\n","protected":false},"author":2,"featured_media":0,"parent":0,"menu_order":8,"comment_status":"closed","ping_status":"closed","template":"","meta":{"footnotes":""},"class_list":["post-442","page","type-page","status-publish","hentry"],"_links":{"self":[{"href":"https:\/\/www.tugtowing.cz\/index.php?rest_route=\/wp\/v2\/pages\/442","targetHints":{"allow":["GET"]}}],"collection":[{"href":"https:\/\/www.tugtowing.cz\/index.php?rest_route=\/wp\/v2\/pages"}],"about":[{"href":"https:\/\/www.tugtowing.cz\/index.php?rest_route=\/wp\/v2\/types\/page"}],"author":[{"embeddable":true,"href":"https:\/\/www.tugtowing.cz\/index.php?rest_route=\/wp\/v2\/users\/2"}],"replies":[{"embeddable":true,"href":"https:\/\/www.tugtowing.cz\/index.php?rest_route=%2Fwp%2Fv2%2Fcomments&post=442"}],"version-history":[{"count":0,"href":"https:\/\/www.tugtowing.cz\/index.php?rest_route=\/wp\/v2\/pages\/442\/revisions"}],"wp:attachment":[{"href":"https:\/\/www.tugtowing.cz\/index.php?rest_route=%2Fwp%2Fv2%2Fmedia&parent=442"}],"curies":[{"name":"wp","href":"https:\/\/api.w.org\/{rel}","templated":true}]}}