{"id":4660,"date":"2014-03-12T20:30:18","date_gmt":"2014-03-12T19:30:18","guid":{"rendered":"http:\/\/www.tugtowing.cz\/?page_id=4660"},"modified":"2014-10-27T11:12:14","modified_gmt":"2014-10-27T10:12:14","slug":"tug-towing-v-protivanove","status":"publish","type":"page","link":"https:\/\/www.tugtowing.cz\/?page_id=4660","title":{"rendered":"Tug Towing v Protivanov\u011b"},"content":{"rendered":"<p style=\"text-align: center;\"><img loading=\"lazy\" decoding=\"async\" class=\"ngg-singlepic ngg-none aligncenter\" alt=\"bann2014ttc03_468x60px\" src=\"https:\/\/www.tugtowing.cz\/wp-content\/uploads\/bannery\/bann2014ttc03_468x60px.png\" width=\"468\" height=\"60\" \/><\/p>\n<p style=\"text-align: center;\"><a title=\"Propozice\" href=\"https:\/\/www.tugtowing.cz\/?p=4929\">Propozice<\/a><\/p>\n<p style=\"text-align: center;\"><a title=\"Pl\u00e1nky trat\u00ed\" href=\"https:\/\/www.tugtowing.cz\/?p=5094#more-5094\">Pl\u00e1nky trat\u00ed<\/a><\/p>\n<p style=\"text-align: center;\"><a title=\"Protivanovsk\u00e1 v\u011btrn\u00e1 loterie\" href=\"https:\/\/www.tugtowing.cz\/?p=5127\">Anketa<\/a><\/p>\n<p style=\"text-align: center;\"><a title=\"Report\u00e1\u017e\" href=\"https:\/\/www.tugtowing.cz\/?p=5127\">Report\u00e1\u017e<\/a><\/p>\n<p style=\"text-align: center;\"><a title=\"Fotogalerie\" href=\"https:\/\/www.tugtowing.cz\/?page_id=446#TT06\">Foto<\/a><\/p>\n<p style=\"text-align: center;\">Video<\/p>\n<p style=\"text-align: center;\"><a title=\"V\u00fdsledky\" href=\"https:\/\/www.tugtowing.cz\/doc\/Tabulky\/TTC03-2014.htm\" target=\"_blank\">V\u00fdsledky<\/a><\/p>\n<p style=\"text-align: center;\">Z\u00e1pisy j\u00edzd <a title=\"LTT\" href=\"https:\/\/www.tugtowing.cz\/doc\/TTC2014\/TTC03-LTT.zip\">LTT<\/a>, <a title=\"TTT\" href=\"https:\/\/www.tugtowing.cz\/doc\/TTC2014\/TTC03-TTT.zip\">TTT<\/a>, <a href=\"https:\/\/www.tugtowing.cz\/doc\/TTC2014\/TTC03-TR1.zip\">TR1<\/a>, <a title=\"TR2\" href=\"https:\/\/www.tugtowing.cz\/doc\/TTC2014\/TTC03-TR2.zip\">TR2<\/a>, <a title=\"V\u00fdsledkov\u00e1 listina\" href=\"https:\/\/www.tugtowing.cz\/doc\/TTC2014\/TTC03.zip\">TTC03<\/a><\/p>\n","protected":false},"excerpt":{"rendered":"<p>Propozice Pl\u00e1nky trat\u00ed Anketa Report\u00e1\u017e Foto Video V\u00fdsledky Z\u00e1pisy j\u00edzd LTT, TTT, TR1, TR2, TTC03<\/p>\n","protected":false},"author":2,"featured_media":0,"parent":4030,"menu_order":5,"comment_status":"open","ping_status":"closed","template":"","meta":{"footnotes":""},"class_list":["post-4660","page","type-page","status-publish","hentry"],"_links":{"self":[{"href":"https:\/\/www.tugtowing.cz\/index.php?rest_route=\/wp\/v2\/pages\/4660","targetHints":{"allow":["GET"]}}],"collection":[{"href":"https:\/\/www.tugtowing.cz\/index.php?rest_route=\/wp\/v2\/pages"}],"about":[{"href":"https:\/\/www.tugtowing.cz\/index.php?rest_route=\/wp\/v2\/types\/page"}],"author":[{"embeddable":true,"href":"https:\/\/www.tugtowing.cz\/index.php?rest_route=\/wp\/v2\/users\/2"}],"replies":[{"embeddable":true,"href":"https:\/\/www.tugtowing.cz\/index.php?rest_route=%2Fwp%2Fv2%2Fcomments&post=4660"}],"version-history":[{"count":0,"href":"https:\/\/www.tugtowing.cz\/index.php?rest_route=\/wp\/v2\/pages\/4660\/revisions"}],"up":[{"embeddable":true,"href":"https:\/\/www.tugtowing.cz\/index.php?rest_route=\/wp\/v2\/pages\/4030"}],"wp:attachment":[{"href":"https:\/\/www.tugtowing.cz\/index.php?rest_route=%2Fwp%2Fv2%2Fmedia&parent=4660"}],"curies":[{"name":"wp","href":"https:\/\/api.w.org\/{rel}","templated":true}]}}