{"id":4676,"date":"2014-03-12T21:16:34","date_gmt":"2014-03-12T20:16:34","guid":{"rendered":"http:\/\/www.tugtowing.cz\/?page_id=4676"},"modified":"2020-05-21T10:28:38","modified_gmt":"2020-05-21T09:28:38","slug":"seznam-clenu","status":"publish","type":"page","link":"https:\/\/www.tugtowing.cz\/?page_id=4676","title":{"rendered":"Seznam \u010dlen\u016f"},"content":{"rendered":"<p>Monika Va\u0161kebov\u00e1<br \/>\nJaroslav Va\u0161keba<br \/>\nRobert Jurka<br \/>\nJaroslav Jungman<br \/>\nMarek Sobaniec<br \/>\nMarek Sobaniec ml.<br \/>\nJi\u0159\u00ed Loren\u010d\u00edk<br \/>\nMichal Herman<br \/>\nMartin \u0158eh\u016f\u0159ek<br \/>\nV\u00edt Jel\u00ednek<br \/>\nJan Jel\u00ednek<br \/>\nTom\u00e1\u0161 Jel\u00ednek<br \/>\nLud\u011bk Rais<br \/>\nJaroslav Dole\u010dek<br \/>\nOndra Slav\u00edk<br \/>\nIvan \u010cerven\u00fd<br \/>\nPavel \u010cerven\u00fd<\/p>\n","protected":false},"excerpt":{"rendered":"<p>Monika Va\u0161kebov\u00e1 Jaroslav Va\u0161keba Robert Jurka Jaroslav Jungman Marek Sobaniec Marek Sobaniec ml. Ji\u0159\u00ed Loren\u010d\u00edk Michal Herman Martin \u0158eh\u016f\u0159ek V\u00edt Jel\u00ednek Jan Jel\u00ednek Tom\u00e1\u0161 Jel\u00ednek Lud\u011bk Rais Jaroslav Dole\u010dek Ondra Slav\u00edk Ivan \u010cerven\u00fd Pavel \u010cerven\u00fd<\/p>\n","protected":false},"author":2,"featured_media":0,"parent":52,"menu_order":3,"comment_status":"closed","ping_status":"closed","template":"","meta":{"footnotes":""},"class_list":["post-4676","page","type-page","status-publish","hentry"],"_links":{"self":[{"href":"https:\/\/www.tugtowing.cz\/index.php?rest_route=\/wp\/v2\/pages\/4676","targetHints":{"allow":["GET"]}}],"collection":[{"href":"https:\/\/www.tugtowing.cz\/index.php?rest_route=\/wp\/v2\/pages"}],"about":[{"href":"https:\/\/www.tugtowing.cz\/index.php?rest_route=\/wp\/v2\/types\/page"}],"author":[{"embeddable":true,"href":"https:\/\/www.tugtowing.cz\/index.php?rest_route=\/wp\/v2\/users\/2"}],"replies":[{"embeddable":true,"href":"https:\/\/www.tugtowing.cz\/index.php?rest_route=%2Fwp%2Fv2%2Fcomments&post=4676"}],"version-history":[{"count":0,"href":"https:\/\/www.tugtowing.cz\/index.php?rest_route=\/wp\/v2\/pages\/4676\/revisions"}],"up":[{"embeddable":true,"href":"https:\/\/www.tugtowing.cz\/index.php?rest_route=\/wp\/v2\/pages\/52"}],"wp:attachment":[{"href":"https:\/\/www.tugtowing.cz\/index.php?rest_route=%2Fwp%2Fv2%2Fmedia&parent=4676"}],"curies":[{"name":"wp","href":"https:\/\/api.w.org\/{rel}","templated":true}]}}