{"id":494,"date":"2010-11-04T17:14:00","date_gmt":"2010-11-04T15:14:00","guid":{"rendered":"http:\/\/www.tugtowing.cz\/?page_id=494"},"modified":"2010-11-05T11:21:34","modified_gmt":"2010-11-05T09:21:34","slug":"tug-towing-cup-2009","status":"publish","type":"page","link":"https:\/\/www.tugtowing.cz\/?page_id=494","title":{"rendered":"Tug Towing Cup 2009"},"content":{"rendered":"<p><img loading=\"lazy\" decoding=\"async\" class=\"ngg-singlepic alignnone\" src=\"https:\/\/www.tugtowing.cz\/wp-content\/uploads\/loga\/logottc2009.gif\" alt=\"logottc2009\" width=\"120\" height=\"120\" \/><\/p>\n<p>Tug Towing Cup 2009 je seri\u00e1l sout\u011b\u017en\u00edch setk\u00e1n\u00ed, na kter\u00fdch sout\u011b\u017e\u00ed  dru\u017estva v Tug  Towingu. V\u00edt\u011bz seri\u00e1lu bude vyhl\u00e1\u0161en \u0161ampi\u00f3nem v Tug  Towingu. Tento  titul m\u00e1 pouze presti\u017en\u00ed hodnotu.<\/p>\n<h2 style=\"text-align: center;\"><strong>V\u00ddSLEDKY<\/strong><\/h2>\n<p style=\"text-align: center;\"><strong>Kategorie: tla\u010dn\u00e9 remork\u00e9ry<\/strong><\/p>\n<p style=\"text-align: center;\">Celkov\u00fdm v\u00edt\u011bzem t\u00e9to kategorie se stal t\u00fdm<\/p>\n<p style=\"text-align: center;\">[singlepic id=297 w= h= float=center]<\/p>\n<h2 style=\"text-align: center;\"><strong>Fi\u010d\u00e1k a Tla\u010dmen<\/strong><\/h2>\n<p style=\"text-align: center;\"><strong> <\/strong><br \/>\nuvedeno v abecedn\u00edm po\u0159ad\u00ed<br \/>\nremork\u00e9r (Fi\u010d\u00e1k): Chalenger<br \/>\nremork\u00e9r (Tla\u010dmen): Fachman<br \/>\nkapit\u00e1n (Fi\u010d\u00e1k): <strong>Mak<\/strong><br \/>\nkapit\u00e1n (Tla\u010dmen): <strong>Michal Hermann<\/strong><\/p>\n<p style=\"text-align: center;\">3. m\u00edsto: t\u00fdm \u010cSPLO<\/p>\n<p style=\"text-align: center;\">Leto\u0161n\u00ed souboje tla\u010dn\u00fdch remork\u00e9r\u016f byly opravdu vyrovn\u00e9 o \u010dem\u017e sv\u011bd\u010d\u00ed i to, \u017ee se o prvn\u00ed a druh\u00e9 m\u00edsto d\u011bl\u00ed dva t\u00fdmy.<\/p>\n<p style=\"text-align: center;\"><strong>Kategorie: lehk\u00fd tug towing<\/strong><\/p>\n<p style=\"text-align: center;\">Celkov\u00fdm v\u00edt\u011bzem t\u00e9to kategorie se stal t\u00fdm<\/p>\n<p style=\"text-align: center;\">[singlepic id=297 w= h= float=center]<br \/>\n<strong> <\/strong><\/p>\n<h2 style=\"text-align: center;\"><strong>LoVe<\/strong><\/h2>\n<p style=\"text-align: center;\">remork\u00e9ry: Abeille Flandre\/Ka\u0161t\u00e1nek nebo Barracuda<br \/>\nkapit\u00e1ni: <strong>Godrik<\/strong> a <strong>Nex<\/strong> nebo <strong>Msob<\/strong><\/p>\n<p style=\"text-align: center;\">2. m\u00edsto: t\u00fdm NeJaToD<br \/>\n3. m\u00edsto: t\u00fdm Last Minute<\/p>\n<p style=\"text-align: center;\">D\u00e1 se \u0159\u00edct, \u017ee tuto kategorii si rozebrali favorit\u00e9 a o celkov\u00e9  um\u00edst\u011bn\u00ed se bojovalo a\u017e do posledn\u00ed plavby. Stejn\u011b jako v lo\u0148sk\u00e9m  ro\u010dn\u00edku.<\/p>\n<p style=\"text-align: center;\"><strong>Kategorie: t\u011b\u017ek\u00fd tug towing<\/strong><\/p>\n<p style=\"text-align: center;\">Celkov\u00fdm v\u00edt\u011bzem t\u00e9to kategorie se stal t\u00fdm<\/p>\n<p style=\"text-align: center;\">[singlepic id=297 w= h= float=center]<\/p>\n<h2 style=\"text-align: center;\"><strong>LoVe<\/strong><\/h2>\n<p style=\"text-align: center;\">remork\u00e9ry: Watergeus a Watergeus<br \/>\nkapit\u00e1ni: <strong>Godrik<\/strong> a <strong>P\u0159ema<\/strong><\/p>\n<p style=\"text-align: center;\">2. m\u00edsto: t\u00fdm Otazn\u00edk<br \/>\n3. m\u00edsto: t\u00fdm TF-323<\/p>\n<p style=\"text-align: center;\">Lo\u0148sk\u00e9 prvenstv\u00ed obh\u00e1jil t\u00fdm LoVe. Co dodat? Snad jen, \u017ee p\u0159\u00ed\u0161t\u00ed sez\u00f3nu jim to asi u\u017e neprojde.<\/p>\n<h3 style=\"text-align: center;\">V\u0161em v\u00edt\u011bz\u016fm srde\u010dn\u011b blahop\u0159ejeme!<\/h3>\n","protected":false},"excerpt":{"rendered":"<p>Tug Towing Cup 2009 je seri\u00e1l sout\u011b\u017en\u00edch setk\u00e1n\u00ed, na kter\u00fdch sout\u011b\u017e\u00ed dru\u017estva v Tug Towingu. V\u00edt\u011bz seri\u00e1lu bude vyhl\u00e1\u0161en \u0161ampi\u00f3nem v Tug Towingu. Tento titul m\u00e1 pouze presti\u017en\u00ed hodnotu. V\u00ddSLEDKY Kategorie: tla\u010dn\u00e9 remork\u00e9ry Celkov\u00fdm v\u00edt\u011bzem t\u00e9to kategorie se stal t\u00fdm [singlepic id=297 w= h= float=center] Fi\u010d\u00e1k a Tla\u010dmen uvedeno v abecedn\u00edm po\u0159ad\u00ed remork\u00e9r (Fi\u010d\u00e1k): Chalenger [&hellip;]<\/p>\n","protected":false},"author":2,"featured_media":0,"parent":2,"menu_order":4,"comment_status":"open","ping_status":"closed","template":"","meta":{"footnotes":""},"class_list":["post-494","page","type-page","status-publish","hentry"],"_links":{"self":[{"href":"https:\/\/www.tugtowing.cz\/index.php?rest_route=\/wp\/v2\/pages\/494","targetHints":{"allow":["GET"]}}],"collection":[{"href":"https:\/\/www.tugtowing.cz\/index.php?rest_route=\/wp\/v2\/pages"}],"about":[{"href":"https:\/\/www.tugtowing.cz\/index.php?rest_route=\/wp\/v2\/types\/page"}],"author":[{"embeddable":true,"href":"https:\/\/www.tugtowing.cz\/index.php?rest_route=\/wp\/v2\/users\/2"}],"replies":[{"embeddable":true,"href":"https:\/\/www.tugtowing.cz\/index.php?rest_route=%2Fwp%2Fv2%2Fcomments&post=494"}],"version-history":[{"count":0,"href":"https:\/\/www.tugtowing.cz\/index.php?rest_route=\/wp\/v2\/pages\/494\/revisions"}],"up":[{"embeddable":true,"href":"https:\/\/www.tugtowing.cz\/index.php?rest_route=\/wp\/v2\/pages\/2"}],"wp:attachment":[{"href":"https:\/\/www.tugtowing.cz\/index.php?rest_route=%2Fwp%2Fv2%2Fmedia&parent=494"}],"curies":[{"name":"wp","href":"https:\/\/api.w.org\/{rel}","templated":true}]}}