{"id":5,"date":"2010-10-18T14:29:52","date_gmt":"2010-10-18T12:29:52","guid":{"rendered":"http:\/\/www.tugtowing.cz\/?page_id=5"},"modified":"2011-09-18T16:44:46","modified_gmt":"2011-09-18T14:44:46","slug":"tug-towing-cup-2011","status":"publish","type":"page","link":"https:\/\/www.tugtowing.cz\/?page_id=5","title":{"rendered":"Tug Towing Cup 2011"},"content":{"rendered":"<p>[singlepic id=176 w=100 h=75 float=left]Tug Towing Cup je seri\u00e1l vybran\u00fdch sout\u011b\u017en\u00edch setk\u00e1n\u00ed v tug towingu. V\u00fdsledky t\u011bchto sout\u011b\u017en\u00edch setk\u00e1n\u00ed se zapo\u010d\u00edt\u00e1vaj\u00ed do tzv. &#8222;poh\u00e1ru&#8220;. T\u00fdm, kter\u00fd z t\u011bchto sout\u011b\u017e\u00ed z\u00edsk\u00e1 nejv\u00edce bod\u016f, z\u00edsk\u00e1v\u00e1 presti\u017en\u00ed titul <strong>&#8222;\u0161ampiona v Tug Towingu&#8220;<\/strong> a putovn\u00ed poh\u00e1r.<\/p>\n<p style=\"text-align: center;\"><strong>V\u00ddSLEDKY<\/strong><\/p>\n<p style=\"text-align: center;\">Kategorie: <strong>tla\u010dn\u00e9 remork\u00e9ry &#8211; jedno\u0161roub\u00e9<\/strong><\/p>\n<p style=\"text-align: center;\">Celkov\u00fdm v\u00edt\u011bzem t\u00e9to kategorie se stal t\u00fdm<\/p>\n<p style=\"text-align: center;\"><img loading=\"lazy\" decoding=\"async\" class=\"ngg-singlepic ngg-none aligncenter\" src=\"https:\/\/www.tugtowing.cz\/wp-content\/uploads\/default\/poharobrazek.jpg\" alt=\"poharobrazek\" width=\"73\" height=\"91\" \/><\/p>\n<p style=\"text-align: center;\"><strong>TF323 tla\u010dn\u00e1<\/strong><\/p>\n<p style=\"text-align: center;\">remork\u00e9r: \u010cerven\u00fd trpasl\u00edk<br \/>\nkapit\u00e1n: <strong>Lud\u011bk Rais<\/strong><\/p>\n<p style=\"text-align: center;\">2. m\u00edsto: t\u00fdm S\u00f3lo<br \/>\n3.m\u00edsto: t\u00fdm Tla\u010dmen<\/p>\n<p style=\"text-align: center;\">Kategorie: <strong>tla\u010dn\u00e9 remork\u00e9ry -v\u00edce\u0161roub\u00e9<\/strong><\/p>\n<p style=\"text-align: center;\">Celkov\u00fdm v\u00edt\u011bzem t\u00e9to kategorie se stal t\u00fdm<\/p>\n<p style=\"text-align: center;\"><img loading=\"lazy\" decoding=\"async\" class=\"ngg-singlepic ngg-none aligncenter\" src=\"https:\/\/www.tugtowing.cz\/wp-content\/uploads\/default\/poharobrazek.jpg\" alt=\"poharobrazek\" width=\"73\" height=\"91\" \/><\/p>\n<p style=\"text-align: center;\"><strong>\u010cSPLO II<\/strong><\/p>\n<p style=\"text-align: center;\">remork\u00e9r: TR-8<br \/>\nkapit\u00e1n: <strong>Robert Jurka<\/strong><\/p>\n<p style=\"text-align: center;\">2.m\u00edsto: t\u00fdm Fi\u010d\u00e1k<br \/>\n3.m\u00edsto: t\u00fdm Dlouhej Kou\u0159<\/p>\n<p style=\"text-align: center;\">Kategorie: <strong>lehk\u00fd tug towing<\/strong><\/p>\n<p style=\"text-align: center;\">Celkov\u00fdm v\u00edt\u011bzem t\u00e9to kategorie se stal t\u00fdm<\/p>\n<p style=\"text-align: center;\"><img loading=\"lazy\" decoding=\"async\" class=\"ngg-singlepic ngg-none aligncenter\" src=\"https:\/\/www.tugtowing.cz\/wp-content\/uploads\/default\/poharobrazek.jpg\" alt=\"poharobrazek\" width=\"73\" height=\"91\" \/><\/p>\n<p style=\"text-align: center;\"><strong>LoVe lite<\/strong><\/p>\n<p style=\"text-align: center;\">remork\u00e9ry: Abeille Flandre, B2<br \/>\nkapit\u00e1ni:<strong> Ji\u0159\u00ed Loren\u010d\u00edk (Godrik)<\/strong>, <strong>Marek Sobaniec (MSOB)<\/strong><\/p>\n<p style=\"text-align: center;\">2.m\u00edsto: t\u00fdm F\u00f3gli<br \/>\n3.m\u00edsto: t\u00fdm B\u00e9\u010dka<\/p>\n<p style=\"text-align: center;\">Kategorie: <strong>t\u011b\u017ek\u00fd tug towing<\/strong><\/p>\n<p style=\"text-align: center;\">Celkov\u00fdm v\u00edt\u011bzem t\u00e9to kategorie se stal t\u00fdm<\/p>\n<p style=\"text-align: center;\"><img loading=\"lazy\" decoding=\"async\" class=\"ngg-singlepic ngg-none aligncenter\" src=\"https:\/\/www.tugtowing.cz\/wp-content\/uploads\/default\/poharobrazek.jpg\" alt=\"poharobrazek\" width=\"73\" height=\"91\" \/><\/p>\n<p style=\"text-align: center;\"><strong>Parat<\/strong><\/p>\n<p style=\"text-align: center;\">remork\u00e9ry: Sysifos, Parat<br \/>\nkapit\u00e1ni: <strong>Lud\u011bk Rais<\/strong>, <strong>Milan Bure\u0161<\/strong><\/p>\n<p style=\"text-align: center;\">2.m\u00edsto: t\u00fdm LoVe<br \/>\n3.m\u00edsto: TF323<\/p>\n<h3 style=\"text-align: center;\">V\u0161em v\u00edt\u011bz\u016fm srde\u010dn\u011b blahop\u0159ejeme!<\/h3>\n<p>Titul a poh\u00e1r se ud\u011bluje za kategorie:<\/p>\n<ul>\n<li>lehk\u00fd tug towing<\/li>\n<li>t\u011b\u017ek\u00fd tug towing<\/li>\n<li>tla\u010dn\u00e9 remork\u00e9ry jedno\u0161roub\u00e9<\/li>\n<li>tla\u010dn\u00e9 remork\u00e9ry dvou\u0161roub\u00e9<\/li>\n<\/ul>\n<p><a href=\"?page_id=13\" target=\"_self\">Pravidla TTC 2011<\/a><\/p>\n<p>Logo Tug Towing Cup 2011<\/p>\n<div style=\"width: 110px\" class=\"wp-caption alignnone\"><a class=\"shutterset_\" href=\"https:\/\/www.tugtowing.cz\/wp-content\/uploads\/loga\/logottc2011.gif\"><img decoding=\"async\" class=\"ngg-singlepic ngg-center \" title=\"Logo Tug Towing Cup 2011\" src=\"https:\/\/www.tugtowing.cz\/wp-content\/uploads\/loga\/thumbs\/thumbs_logottc2011.gif\" alt=\"logottc2011\" width=\"100\" \/><\/a><p class=\"wp-caption-text\">Logo Tug Towing Cup 2011<\/p><\/div>\n<p><strong>Sout\u011b\u017en\u00ed setk\u00e1n\u00ed zapo\u010d\u00edt\u00e1van\u00e1 do poh\u00e1ru<\/strong><\/p>\n<p>26.02.2011 \u2013 27.02.2011 \u2013 Zimn\u00ed Tug Towing, Most (potvrzeno)<br \/>\n27.05.2011 \u2013 29.05.2011 \u2013 Tug Towing v Protivanov\u011b, Protivanov (potvrzeno)<br \/>\n17.06.2011 \u2013 19.06.2011 \u2013 V\u00edkend s Tug Towingem, Jinolice (<span style=\"color: #000000;\">potvrzeno<\/span>)<br \/>\n09.09.2011 \u2013 11.09.2011 \u2013 O soudek Panist\u00e1vky, \u017dirovnice (potvrzeno)<\/p>\n<p>[nggallery id=13]<\/p>\n","protected":false},"excerpt":{"rendered":"<p>[singlepic id=176 w=100 h=75 float=left]Tug Towing Cup je seri\u00e1l vybran\u00fdch sout\u011b\u017en\u00edch setk\u00e1n\u00ed v tug towingu. V\u00fdsledky t\u011bchto sout\u011b\u017en\u00edch setk\u00e1n\u00ed se zapo\u010d\u00edt\u00e1vaj\u00ed do tzv. &#8222;poh\u00e1ru&#8220;. T\u00fdm, kter\u00fd z t\u011bchto sout\u011b\u017e\u00ed z\u00edsk\u00e1 nejv\u00edce bod\u016f, z\u00edsk\u00e1v\u00e1 presti\u017en\u00ed titul &#8222;\u0161ampiona v Tug Towingu&#8220; a putovn\u00ed poh\u00e1r. V\u00ddSLEDKY Kategorie: tla\u010dn\u00e9 remork\u00e9ry &#8211; jedno\u0161roub\u00e9 Celkov\u00fdm v\u00edt\u011bzem t\u00e9to kategorie se stal t\u00fdm [&hellip;]<\/p>\n","protected":false},"author":1,"featured_media":0,"parent":2,"menu_order":7,"comment_status":"open","ping_status":"closed","template":"","meta":{"footnotes":""},"class_list":["post-5","page","type-page","status-publish","hentry"],"_links":{"self":[{"href":"https:\/\/www.tugtowing.cz\/index.php?rest_route=\/wp\/v2\/pages\/5","targetHints":{"allow":["GET"]}}],"collection":[{"href":"https:\/\/www.tugtowing.cz\/index.php?rest_route=\/wp\/v2\/pages"}],"about":[{"href":"https:\/\/www.tugtowing.cz\/index.php?rest_route=\/wp\/v2\/types\/page"}],"author":[{"embeddable":true,"href":"https:\/\/www.tugtowing.cz\/index.php?rest_route=\/wp\/v2\/users\/1"}],"replies":[{"embeddable":true,"href":"https:\/\/www.tugtowing.cz\/index.php?rest_route=%2Fwp%2Fv2%2Fcomments&post=5"}],"version-history":[{"count":0,"href":"https:\/\/www.tugtowing.cz\/index.php?rest_route=\/wp\/v2\/pages\/5\/revisions"}],"up":[{"embeddable":true,"href":"https:\/\/www.tugtowing.cz\/index.php?rest_route=\/wp\/v2\/pages\/2"}],"wp:attachment":[{"href":"https:\/\/www.tugtowing.cz\/index.php?rest_route=%2Fwp%2Fv2%2Fmedia&parent=5"}],"curies":[{"name":"wp","href":"https:\/\/api.w.org\/{rel}","templated":true}]}}