{"id":501,"date":"2010-11-04T17:16:14","date_gmt":"2010-11-04T15:16:14","guid":{"rendered":"http:\/\/www.tugtowing.cz\/?page_id=501"},"modified":"2010-11-05T11:22:48","modified_gmt":"2010-11-05T09:22:48","slug":"tug-towing-cup-2008","status":"publish","type":"page","link":"https:\/\/www.tugtowing.cz\/?page_id=501","title":{"rendered":"Tug Towing Cup 2008"},"content":{"rendered":"<p><img loading=\"lazy\" decoding=\"async\" class=\"ngg-singlepic \" src=\"https:\/\/www.tugtowing.cz\/wp-content\/uploads\/loga\/logottc2008.gif\" alt=\"logottc2008\" width=\"90\" height=\"50\" \/><\/p>\n<p>Tug Towing Cup 2008 je seri\u00e1l sout\u011b\u017en\u00edch setk\u00e1n\u00ed, na kter\u00fdch sout\u011b\u017e\u00ed   dru\u017estva v Tug  Towingu. V\u00edt\u011bz seri\u00e1lu bude vyhl\u00e1\u0161en \u0161ampi\u00f3nem v Tug   Towingu. Tento  titul m\u00e1 pouze presti\u017en\u00ed hodnotu.<\/p>\n<p><a name=\"vysledky\"><\/a><\/p>\n<h2 style=\"text-align: center;\"><strong>V\u00ddSLEDKY<\/strong><\/h2>\n<p style=\"text-align: center;\"><strong>Kategorie: tla\u010dn\u00e9 remork\u00e9ry<\/strong><\/p>\n<p style=\"text-align: center;\">Celkov\u00fdm v\u00edt\u011bzem t\u00e9to kategorie se stal t\u00fdm<\/p>\n<p style=\"text-align: center;\">[singlepic id=297 w= h= float=center]<\/p>\n<h2 style=\"text-align: center;\"><strong>Nautilus III.<\/strong><\/h2>\n<p style=\"text-align: center;\">remork\u00e9r: TR-8<br \/>\nkapit\u00e1n: <strong>Robert Jurka<\/strong><\/p>\n<p style=\"text-align: center;\">2. m\u00edsto: t\u00fdm Tla\u010dmen<br \/>\n3. m\u00edsto: t\u00fdm Fi\u010d\u00e1k<\/p>\n<p style=\"text-align: center;\">Robert se sv\u00fdm speci\u00e1lem, kter\u00fd kormidloval opravdu skv\u011ble, t\u011b\u017eko  hledal konkurenci. Nad n\u011bkter\u00fdmi man\u00e9vry jsme ob\u010das nech\u00e1pav\u011b kroutili  hlavou. Springery se ale rozhodn\u011b nenechaly zahambit!<\/p>\n<p style=\"text-align: center;\"><strong>Kategorie: lehk\u00fd tug towing<\/strong><\/p>\n<p style=\"text-align: center;\">Celkov\u00fdm v\u00edt\u011bzem t\u00e9to kategorie se stal t\u00fdm<\/p>\n<p style=\"text-align: center;\">[singlepic id=297 w= h= float=center]<\/p>\n<h2 style=\"text-align: center;\"><strong>NeJaToD<\/strong><\/h2>\n<p style=\"text-align: center;\">remork\u00e9ry: Monako I.\/Springer a Monako I.\/Ka\u0161t\u00e1nek<br \/>\nkapit\u00e1ni: <strong>Ivvo<\/strong> a <strong>Nex<\/strong><\/p>\n<p style=\"text-align: center;\">2. m\u00edsto: t\u00fdm Osam\u011bl\u00fd drak<br \/>\n3. m\u00edsto: t\u00fdm Rychl\u00e1 rota<\/p>\n<p style=\"text-align: center;\">Osam\u011bl\u00fd drak a\u017e do posledn\u00edho setk\u00e1n\u00ed v Bran\u00edku sout\u011b\u017e vedl. M\u011bl  v\u0161echny trumfy v ruce, ani couva\u010dka nebyla pro n\u011bj probl\u00e9m. Nakonec  NeJaToD prok\u00e1zali \u017ee opravdu um\u00ed a v samotn\u00e9m z\u00e1v\u011bru strhli v\u00edt\u011bzstv\u00ed na  svoji stranu.<\/p>\n<p style=\"text-align: center;\"><strong>Kategorie: t\u011b\u017ek\u00fd tug towing<\/strong><\/p>\n<p style=\"text-align: center;\">Celkov\u00fdm v\u00edt\u011bzem t\u00e9to kategorie se stal t\u00fdm<\/p>\n<p style=\"text-align: center;\">[singlepic id=297 w= h= float=center]<\/p>\n<h2 style=\"text-align: center;\"><strong>LoVe<\/strong><\/h2>\n<p style=\"text-align: center;\">remork\u00e9ry: Watergeus a Watergeus<br \/>\nkapit\u00e1ni: <strong>Godrik<\/strong> a <strong>P\u0159ema<\/strong><\/p>\n<p style=\"text-align: center;\">2. m\u00edsto: t\u00fdm Last Minute<br \/>\n3. m\u00edsto: t\u00fdm Nautilus I.<\/p>\n<p style=\"text-align: center;\">Co Godrik promarnil v lehk\u00e9m TT, to si s P\u0159emou vynahradili v t\u011b\u017ek\u00e9m tug towingu. Posledn\u00ed <em>&#8222;bitvu&#8220;<\/em> v Bran\u00edku sice nevyhr\u00e1li, ale <em>&#8222;celou v\u00e1lku&#8220;<\/em> protentokr\u00e1te ano!<\/p>\n<h2 style=\"text-align: center;\"><strong>V\u0161em v\u00edt\u011bz\u016fm srde\u010dn\u011b blahop\u0159ejeme!<\/strong><\/h2>\n","protected":false},"excerpt":{"rendered":"<p>Tug Towing Cup 2008 je seri\u00e1l sout\u011b\u017en\u00edch setk\u00e1n\u00ed, na kter\u00fdch sout\u011b\u017e\u00ed dru\u017estva v Tug Towingu. V\u00edt\u011bz seri\u00e1lu bude vyhl\u00e1\u0161en \u0161ampi\u00f3nem v Tug Towingu. Tento titul m\u00e1 pouze presti\u017en\u00ed hodnotu. V\u00ddSLEDKY Kategorie: tla\u010dn\u00e9 remork\u00e9ry Celkov\u00fdm v\u00edt\u011bzem t\u00e9to kategorie se stal t\u00fdm [singlepic id=297 w= h= float=center] Nautilus III. remork\u00e9r: TR-8 kapit\u00e1n: Robert Jurka 2. m\u00edsto: t\u00fdm [&hellip;]<\/p>\n","protected":false},"author":2,"featured_media":0,"parent":2,"menu_order":3,"comment_status":"open","ping_status":"closed","template":"","meta":{"footnotes":""},"class_list":["post-501","page","type-page","status-publish","hentry"],"_links":{"self":[{"href":"https:\/\/www.tugtowing.cz\/index.php?rest_route=\/wp\/v2\/pages\/501","targetHints":{"allow":["GET"]}}],"collection":[{"href":"https:\/\/www.tugtowing.cz\/index.php?rest_route=\/wp\/v2\/pages"}],"about":[{"href":"https:\/\/www.tugtowing.cz\/index.php?rest_route=\/wp\/v2\/types\/page"}],"author":[{"embeddable":true,"href":"https:\/\/www.tugtowing.cz\/index.php?rest_route=\/wp\/v2\/users\/2"}],"replies":[{"embeddable":true,"href":"https:\/\/www.tugtowing.cz\/index.php?rest_route=%2Fwp%2Fv2%2Fcomments&post=501"}],"version-history":[{"count":0,"href":"https:\/\/www.tugtowing.cz\/index.php?rest_route=\/wp\/v2\/pages\/501\/revisions"}],"up":[{"embeddable":true,"href":"https:\/\/www.tugtowing.cz\/index.php?rest_route=\/wp\/v2\/pages\/2"}],"wp:attachment":[{"href":"https:\/\/www.tugtowing.cz\/index.php?rest_route=%2Fwp%2Fv2%2Fmedia&parent=501"}],"curies":[{"name":"wp","href":"https:\/\/api.w.org\/{rel}","templated":true}]}}