{"id":506,"date":"2010-11-04T17:17:43","date_gmt":"2010-11-04T15:17:43","guid":{"rendered":"http:\/\/www.tugtowing.cz\/?page_id=506"},"modified":"2013-10-10T10:01:01","modified_gmt":"2013-10-10T09:01:01","slug":"sezona-2007","status":"publish","type":"page","link":"https:\/\/www.tugtowing.cz\/?page_id=506","title":{"rendered":"Sez\u00f3na 2007"},"content":{"rendered":"<p><a class=\"shutterset_\" title=\"ilustra\u010dn\u00ed foto - v\u00fd\u0159ez z klasick\u00e9ho lodn\u00edho telegrafu\" href=\"https:\/\/www.tugtowing.cz\/wp-content\/uploads\/default\/lodnitelegraf80x80.png\"><img loading=\"lazy\" decoding=\"async\" class=\"ngg-singlepic ngg-left alignleft\" alt=\"lodnitelegraf80x80\" src=\"https:\/\/www.tugtowing.cz\/wp-content\/uploads\/default\/thumbs\/thumbs_lodnitelegraf80x80.png\" width=\"100\" height=\"75\" \/><\/a> V t\u00e9to sez\u00f3n\u011b prob\u011bhly hned \u010dty\u0159i sout\u011b\u017en\u00ed setk\u00e1n\u00ed, kter\u00e9 se pozd\u011bji staly z\u00e1kladem pro vznik Tug Towing CUPu. Zimn\u00ed TT v Most\u011b se uskute\u010dnil v mal\u00e9m, ale dostate\u010dn\u00e9m baz\u00e9nu m\u00edstn\u00edho d\u011btsk\u00e9ho domova.\u00a0 V\u00edkend s TT v Protivanov\u011b byl velmi vyda\u0159en\u00fd a vypadalo to, \u017ee TT m\u00e1 v \u010cR skv\u011ble na\u0161l\u00e1pnuto. Olomouck\u00e1 vana byla sp\u00ed\u0161e propagac\u00ed t\u00e9to sout\u011b\u017en\u00ed discipl\u00edny. Druh\u00e9 setk\u00e1n\u00ed v Praze ukon\u010dilo tuto \u00fasp\u011b\u0161nou sez\u00f3nu.<\/p>\n","protected":false},"excerpt":{"rendered":"<p>V t\u00e9to sez\u00f3n\u011b prob\u011bhly hned \u010dty\u0159i sout\u011b\u017en\u00ed setk\u00e1n\u00ed, kter\u00e9 se pozd\u011bji staly z\u00e1kladem pro vznik Tug Towing CUPu. Zimn\u00ed TT v Most\u011b se uskute\u010dnil v mal\u00e9m, ale dostate\u010dn\u00e9m baz\u00e9nu m\u00edstn\u00edho d\u011btsk\u00e9ho domova.\u00a0 V\u00edkend s TT v Protivanov\u011b byl velmi vyda\u0159en\u00fd a vypadalo to, \u017ee TT m\u00e1 v \u010cR skv\u011ble na\u0161l\u00e1pnuto. Olomouck\u00e1 vana byla sp\u00ed\u0161e propagac\u00ed [&hellip;]<\/p>\n","protected":false},"author":2,"featured_media":0,"parent":2,"menu_order":2,"comment_status":"open","ping_status":"closed","template":"","meta":{"footnotes":""},"class_list":["post-506","page","type-page","status-publish","hentry"],"_links":{"self":[{"href":"https:\/\/www.tugtowing.cz\/index.php?rest_route=\/wp\/v2\/pages\/506","targetHints":{"allow":["GET"]}}],"collection":[{"href":"https:\/\/www.tugtowing.cz\/index.php?rest_route=\/wp\/v2\/pages"}],"about":[{"href":"https:\/\/www.tugtowing.cz\/index.php?rest_route=\/wp\/v2\/types\/page"}],"author":[{"embeddable":true,"href":"https:\/\/www.tugtowing.cz\/index.php?rest_route=\/wp\/v2\/users\/2"}],"replies":[{"embeddable":true,"href":"https:\/\/www.tugtowing.cz\/index.php?rest_route=%2Fwp%2Fv2%2Fcomments&post=506"}],"version-history":[{"count":0,"href":"https:\/\/www.tugtowing.cz\/index.php?rest_route=\/wp\/v2\/pages\/506\/revisions"}],"up":[{"embeddable":true,"href":"https:\/\/www.tugtowing.cz\/index.php?rest_route=\/wp\/v2\/pages\/2"}],"wp:attachment":[{"href":"https:\/\/www.tugtowing.cz\/index.php?rest_route=%2Fwp%2Fv2%2Fmedia&parent=506"}],"curies":[{"name":"wp","href":"https:\/\/api.w.org\/{rel}","templated":true}]}}