{"id":509,"date":"2010-11-04T17:18:54","date_gmt":"2010-11-04T15:18:54","guid":{"rendered":"http:\/\/www.tugtowing.cz\/?page_id=509"},"modified":"2013-10-10T10:01:31","modified_gmt":"2013-10-10T09:01:31","slug":"sezona-2006","status":"publish","type":"page","link":"https:\/\/www.tugtowing.cz\/?page_id=509","title":{"rendered":"Sez\u00f3na 2006"},"content":{"rendered":"<p><a class=\"shutterset_\" title=\"ilustra\u010dn\u00ed foto - v\u00fd\u0159ez z klasick\u00e9ho lodn\u00edho telegrafu\" href=\"https:\/\/www.tugtowing.cz\/wp-content\/uploads\/default\/lodnitelegraf80x80.png\"><img loading=\"lazy\" decoding=\"async\" class=\"ngg-singlepic ngg-left alignleft\" alt=\"lodnitelegraf80x80\" src=\"https:\/\/www.tugtowing.cz\/wp-content\/uploads\/default\/thumbs\/thumbs_lodnitelegraf80x80.png\" width=\"100\" height=\"75\" \/><\/a> Tug towing nikdo z n\u00e1s neznal. V\u0161e bylo poprv\u00e9. Byla to sez\u00f3na, kdy se b\u011bhem dvou setk\u00e1n\u00ed vlastn\u011b zkou\u0161elo, zda to cel\u00e9 bude fungovat. Po prvn\u00edm sout\u011b\u017en\u00edm setk\u00e1n\u00ed v Jinolic\u00edch bylo, pro velk\u00fd \u00fasp\u011bch, uspo\u0159\u00e1d\u00e1no je\u0161t\u011b jedno v Praze &#8211; Bran\u00edku.<\/p>\n","protected":false},"excerpt":{"rendered":"<p>Tug towing nikdo z n\u00e1s neznal. V\u0161e bylo poprv\u00e9. Byla to sez\u00f3na, kdy se b\u011bhem dvou setk\u00e1n\u00ed vlastn\u011b zkou\u0161elo, zda to cel\u00e9 bude fungovat. Po prvn\u00edm sout\u011b\u017en\u00edm setk\u00e1n\u00ed v Jinolic\u00edch bylo, pro velk\u00fd \u00fasp\u011bch, uspo\u0159\u00e1d\u00e1no je\u0161t\u011b jedno v Praze &#8211; Bran\u00edku.<\/p>\n","protected":false},"author":2,"featured_media":0,"parent":2,"menu_order":1,"comment_status":"open","ping_status":"closed","template":"","meta":{"footnotes":""},"class_list":["post-509","page","type-page","status-publish","hentry"],"_links":{"self":[{"href":"https:\/\/www.tugtowing.cz\/index.php?rest_route=\/wp\/v2\/pages\/509","targetHints":{"allow":["GET"]}}],"collection":[{"href":"https:\/\/www.tugtowing.cz\/index.php?rest_route=\/wp\/v2\/pages"}],"about":[{"href":"https:\/\/www.tugtowing.cz\/index.php?rest_route=\/wp\/v2\/types\/page"}],"author":[{"embeddable":true,"href":"https:\/\/www.tugtowing.cz\/index.php?rest_route=\/wp\/v2\/users\/2"}],"replies":[{"embeddable":true,"href":"https:\/\/www.tugtowing.cz\/index.php?rest_route=%2Fwp%2Fv2%2Fcomments&post=509"}],"version-history":[{"count":0,"href":"https:\/\/www.tugtowing.cz\/index.php?rest_route=\/wp\/v2\/pages\/509\/revisions"}],"up":[{"embeddable":true,"href":"https:\/\/www.tugtowing.cz\/index.php?rest_route=\/wp\/v2\/pages\/2"}],"wp:attachment":[{"href":"https:\/\/www.tugtowing.cz\/index.php?rest_route=%2Fwp%2Fv2%2Fmedia&parent=509"}],"curies":[{"name":"wp","href":"https:\/\/api.w.org\/{rel}","templated":true}]}}