{"id":52,"date":"2010-10-18T14:59:14","date_gmt":"2010-10-18T12:59:14","guid":{"rendered":"http:\/\/www.tugtowing.cz\/?page_id=52"},"modified":"2023-02-02T19:45:54","modified_gmt":"2023-02-02T18:45:54","slug":"klub-namolo-o-s","status":"publish","type":"page","link":"https:\/\/www.tugtowing.cz\/?page_id=52","title":{"rendered":"Spolek NAMOLO!"},"content":{"rendered":"<h1><strong>Spolek NAMOLO!<\/strong><\/h1>\n<p><strong>Registra\u010dn\u00ed \u00fadaje:<\/strong><br \/>\nI\u010c: 22859764<strong><br \/>\n<\/strong>Obchodn\u00ed n\u00e1zev: <strong>Spolek NAMOLO!<br \/>\n<\/strong>Registrace: Ministerstvo vnitra, dne 6.8.2010 pod \u010d.j. 22859764<strong><br \/>\n<\/strong>Z\u00e1pis v obchodn\u00edm rejst\u0159\u00edku: spisov\u00e1 zna\u010dka L 21824, M\u011bstsk\u00fd soud v Praze.<\/p>\n<p><a href=\"http:\/\/www.podnikatel.cz\/rejstrik\/spolek-namolo-22859764\/\" target=\"_blank\" rel=\"noopener noreferrer\">Rejst\u0159\u00edk<\/a><\/p>\n<p><strong>S\u00eddlo:<\/strong><br \/>\nDunick\u00e1 3144\/6<br \/>\n141 00 Praha 4 \u2013 Z\u00e1b\u011bhlice<\/p>\n<p><strong>Kontaktn\u00ed adresa:<\/strong><br \/>\nMonika Va\u0161kebov\u00e1<br \/>\nDunick\u00e1 3144\/6<br \/>\n141 00 Praha 4 \u2013 Z\u00e1b\u011bhlice<br \/>\ne-mail: spoleknamolo&lt;zavin\u00e1\u010d&gt;gmail.com<\/p>\n<p><strong>Bankovn\u00ed spojen\u00ed:<\/strong><br \/>\n\u010c\u00edslo \u00fa\u010dtu: <span style=\"font-size: medium;\"><span style=\"font-size: large;\">1083506019\/3030<\/span><\/span> &#8211; AIR Bank<\/p>\n<p><strong>Org\u00e1ny sdru\u017een\u00ed:<\/strong><br \/>\nP\u0159edseda: Monika Va\u0161kebov\u00e1<br \/>\nM\u00edstop\u0159edseda: Lud\u011bk Rais<br \/>\nV\u00fdbor spolku: Ji\u0159\u00ed Loren\u010d\u00edk, Ond\u0159ej Slav\u00edk, Marek Sobaniec<br \/>\nPokladn\u00edk a veden\u00ed \u00fa\u010detnictv\u00ed: Monika Va\u0161kebov\u00e1<\/p>\n<p><strong>Dokumenty:<\/strong><br \/>\n<a title=\"Stanovy\" href=\"https:\/\/www.tugtowing.cz\/?page_id=116\" target=\"_blank\" rel=\"noopener noreferrer\">Stanovy<\/a><br \/>\n<a href=\"https:\/\/www.tugtowing.cz\/?page_id=194\"> P\u0159ihl\u00e1\u0161ka za \u010dlena<\/a><br \/>\n<a href=\"https:\/\/www.tugtowing.cz\/?page_id=8534\">Z\u00e1pis z&nbsp;ustanovuj\u00edc\u00ed \u010dlensk\u00e9 sch\u016fze (12. z\u00e1\u0159\u00ed 2010)<br \/>\nZ\u00e1pis z \u010dlensk\u00e9 sch\u016fze 5.6.2016<\/a><\/p>\n<p><strong>Jak se st\u00e1t \u010dlenem Spolku NAMOLO!<br \/>\n<\/strong><\/p>\n<ul>\n<li>Vytiskn\u011bte si <a title=\"P\u0159ihl\u00e1\u0161ka HTML\" href=\"?page_id=194\" target=\"_self\" rel=\"noopener noreferrer\">p\u0159ihl\u00e1\u0161ku<\/a>.<\/li>\n<li>P\u0159ihl\u00e1\u0161ku pe\u010dliv\u011b vypl\u0148te a vlastnoru\u010dn\u011b podepi\u0161te.<\/li>\n<li>Vypln\u011bnou p\u0159ihl\u00e1\u0161ku za\u0161lete klasickou po\u0161tou na kontaktn\u00ed adresu&nbsp; sdru\u017een\u00ed nebo ji naskenujte a za\u0161lete elektronickou po\u0161tou.<\/li>\n<\/ul>\n<p><strong>\u010clensk\u00e9 p\u0159\u00edsp\u011bvky:<\/strong><br \/>\n\u010clenov\u00e9 star\u0161\u00ed 18 let.&nbsp;&nbsp;&nbsp;&nbsp;&nbsp;&nbsp;&nbsp;&nbsp;&nbsp;&nbsp; 100K\u010d \/ m\u011bs\u00edc<br \/>\n\u010clenov\u00e9 mlad\u0161\u00ed 18 let.&nbsp;&nbsp;&nbsp;&nbsp;&nbsp;&nbsp;&nbsp;&nbsp; 50% v\u00fd\u0161e \u010dlensk\u00e9ho p\u0159\u00edsp\u011bvku \u010dlena star\u0161\u00edho 18 let \/ m\u011bs\u00edc<br \/>\n\u010clensk\u00fd p\u0159\u00edsp\u011bvek je splatn\u00fd nejpozd\u011bji do 20 dne kalend\u00e1\u0159n\u00edho m\u011bs\u00edce na \u00fa\u010det sdru\u017een\u00ed.<br \/>\n\u010clen\u016fm je zas\u00edl\u00e1na faktura v&nbsp;elektronick\u00e9 podob\u011b na e-mail, kter\u00fd uvedli v&nbsp;p\u0159ihl\u00e1\u0161ce.<br \/>\nP\u0159\u00edsp\u011bvky je mo\u017en\u00e9 hradit v&nbsp;m\u011bs\u00ed\u010dn\u00edch, \u010dtvrtletn\u00edch, pololetn\u00edch nebo ro\u010dn\u00edch spl\u00e1tk\u00e1ch. \u00dahradu doporu\u010dujeme prov\u00e9st:<\/p>\n<p>1)&nbsp;&nbsp;&nbsp;&nbsp; p\u0159evodem z&nbsp;\u00fa\u010dtu na \u00fa\u010det pod variabiln\u00edm symbolem, kter\u00fd je uveden na faktu\u0159e.,<br \/>\n2)&nbsp;&nbsp;&nbsp;&nbsp; slo\u017eit hotov\u011b pomoc\u00ed slo\u017eenky na libovoln\u00e9 pobo\u010dce Komer\u010dn\u00ed banky. Na slo\u017eence nevypl\u0148ujte variabiln\u00ed symbol, pouze svoje jm\u00e9no!<\/p>\n<p><strong>Dotazy:<\/strong><br \/>\nSvoje p\u0159\u00edpadn\u00e9 dotazy m\u016f\u017eete zas\u00edlat na elektonickou adresu: spoleknamolo&lt;zavin\u00e1\u010d&gt;gmail.com<\/p>\n<p><strong>Dal\u0161\u00ed rubriky:<\/strong><\/p>\n<ul>\n<li><a title=\"P\u0159ihl\u00e1\u0161ka\" href=\"https:\/\/www.tugtowing.cz\/?page_id=194\">P\u0159ihl\u00e1\u0161ka<\/a><\/li>\n<li><a title=\"Stanovy\" href=\"https:\/\/www.tugtowing.cz\/?page_id=116\">Stanovy<\/a><\/li>\n<li><a title=\"Invent\u00e1rn\u00ed seznam majetku\" href=\"https:\/\/www.tugtowing.cz\/?page_id=2054\">Invent\u00e1rn\u00ed seznam majetku<\/a><\/li>\n<li><a title=\"Z\u00e1pis\" href=\"https:\/\/www.tugtowing.cz\/?page_id=2078\">Z\u00e1pis z \u010dlensk\u00e9 sch\u016fze 2011<\/a><\/li>\n<li><a title=\"Z\u00e1pis\" href=\"https:\/\/www.tugtowing.cz\/?page_id=2907\">Z\u00e1pis z \u010dlensk\u00e9 sch\u016fze 2012<\/a><\/li>\n<li><a title=\"Z\u00e1pis z \u010dlensk\u00e9 sch\u016fze ze dne 13.9.2013\" href=\"https:\/\/www.tugtowing.cz\/?page_id=3921\">Z\u00e1pis z \u010dlensk\u00e9 sch\u016fze 2013<\/a><\/li>\n<li><a title=\"Z\u00e1pis z \u010dlensk\u00e9 sch\u016fze 2014\" href=\"https:\/\/www.tugtowing.cz\/?page_id=6023\">Z\u00e1pis z \u010dlensk\u00e9 sch\u016fze 2014<\/a><\/li>\n<li><a href=\"https:\/\/www.tugtowing.cz\/?page_id=8469\">Z\u00e1pis z \u010dlensk\u00e9 sch\u016fze 2015<\/a><\/li>\n<li><a href=\"https:\/\/www.tugtowing.cz\/?page_id=8473\">Z\u00e1pis z momo\u0159\u00e1dn\u00e9 \u010dlensk\u00e9 sch\u016fze 2016<\/a><\/li>\n<li><a href=\"https:\/\/www.tugtowing.cz\/?page_id=8534\">Z\u00e1pis z \u010dlensk\u00e9 sch\u016fze 2016<\/a><\/li>\n<li><a href=\"https:\/\/www.tugtowing.cz\/?page_id=9655\">Z\u00e1pis z \u010dlensk\u00e9 sch\u016fze 2017<\/a><\/li>\n<li><a href=\"https:\/\/www.tugtowing.cz\/?page_id=9659\">Z\u00e1pis z \u010dlensk\u00e9 sch\u016fze 2018<\/a><\/li>\n<li><a href=\"https:\/\/www.tugtowing.cz\/?page_id=9694\">Volba v\u00fdboru Spolku NAMOLO! &#8211; 2018<\/a><\/li>\n<li><a href=\"https:\/\/www.tugtowing.cz\/?page_id=10056\">Z\u00e1pis z \u010dlensk\u00e9 sch\u016fze 2019<\/a><\/li>\n<li><a href=\"https:\/\/www.tugtowing.cz\/?page_id=10416\">Z\u00e1pis z \u010dlensk\u00e9 sch\u016fze 2020<\/a><\/li>\n<li><a href=\"https:\/\/www.tugtowing.cz\/?page_id=10836\">Z\u00e1pis z \u010dlensk\u00e9 sch\u016fze 2021<\/a><\/li>\n<li><a href=\"https:\/\/www.tugtowing.cz\/?page_id=10838\">Z\u00e1pis z \u010dlensk\u00e9 sch\u016fze 2022<\/a><\/li>\n<li><a href=\"https:\/\/www.tugtowing.cz\/?page_id=2565\">N\u00e1kupy materi\u00e1lu a vybaven\u00ed<\/a><\/li>\n<li><a title=\"Vy\u00fa\u010dtov\u00e1n\u00ed roku 2011\" href=\"https:\/\/www.tugtowing.cz\/?page_id=2240\">Vy\u00fa\u010dtov\u00e1n\u00ed roku 2011<\/a><\/li>\n<li><a title=\"Vy\u00fa\u010dtov\u00e1n\u00ed 2012\" href=\"https:\/\/www.tugtowing.cz\/?page_id=2912\">Vy\u00fa\u010dtov\u00e1n\u00ed roku 2012<\/a><\/li>\n<li><a title=\"Vy\u00fa\u010dtov\u00e1n\u00ed roku 2013\" href=\"https:\/\/www.tugtowing.cz\/?page_id=3927\">Vy\u00fa\u010dtov\u00e1n\u00ed roku 2013<\/a><\/li>\n<li><a title=\"Vy\u00fa\u010dtov\u00e1n\u00ed roku 2014\" href=\"https:\/\/www.tugtowing.cz\/?page_id=6012\">Vy\u00fa\u010dtov\u00e1n\u00ed roku 2014<\/a><\/li>\n<li><a href=\"https:\/\/www.tugtowing.cz\/?page_id=8463\">Vy\u00fa\u010dtov\u00e1n\u00ed roku 2015<\/a><\/li>\n<li><a href=\"https:\/\/www.tugtowing.cz\/?page_id=8467\">Vy\u00fa\u010dtov\u00e1n\u00ed roku 2016<\/a><\/li>\n<li><a href=\"https:\/\/www.tugtowing.cz\/?page_id=9377\">Vy\u00fa\u010dtov\u00e1n\u00ed roku 2017<\/a><\/li>\n<li><a href=\"https:\/\/www.tugtowing.cz\/?page_id=10052\">Vy\u00fa\u010dtov\u00e1n\u00ed roku 2018<\/a><\/li>\n<li><a href=\"https:\/\/www.tugtowing.cz\/?page_id=10054\">Vy\u00fa\u010dtov\u00e1n\u00ed roku 2019<\/a><\/li>\n<li><a href=\"https:\/\/www.tugtowing.cz\/?page_id=10419\">Vy\u00fa\u010dtov\u00e1n\u00ed roku 2020<\/a><\/li>\n<li><a href=\"https:\/\/www.tugtowing.cz\/?page_id=10800\">Vy\u00fa\u010dtov\u00e1n\u00ed roku 2021<\/a><\/li>\n<li><a href=\"https:\/\/www.tugtowing.cz\/?page_id=10802\">Vy\u00fa\u010dtov\u00e1n\u00ed roku 2022<\/a><\/li>\n<\/ul>\n","protected":false},"excerpt":{"rendered":"<p>Spolek NAMOLO! Registra\u010dn\u00ed \u00fadaje: I\u010c: 22859764 Obchodn\u00ed n\u00e1zev: Spolek NAMOLO! Registrace: Ministerstvo vnitra, dne 6.8.2010 pod \u010d.j. 22859764 Z\u00e1pis v obchodn\u00edm rejst\u0159\u00edku: spisov\u00e1 zna\u010dka L 21824, M\u011bstsk\u00fd soud v Praze. Rejst\u0159\u00edk S\u00eddlo: Dunick\u00e1 3144\/6 141 00 Praha 4 \u2013 Z\u00e1b\u011bhlice Kontaktn\u00ed adresa: Monika Va\u0161kebov\u00e1 Dunick\u00e1 3144\/6 141 00 Praha 4 \u2013 Z\u00e1b\u011bhlice e-mail: spoleknamolo&lt;zavin\u00e1\u010d&gt;gmail.com Bankovn\u00ed [&hellip;]<\/p>\n","protected":false},"author":1,"featured_media":0,"parent":0,"menu_order":1,"comment_status":"closed","ping_status":"closed","template":"","meta":{"footnotes":""},"class_list":["post-52","page","type-page","status-publish","hentry"],"_links":{"self":[{"href":"https:\/\/www.tugtowing.cz\/index.php?rest_route=\/wp\/v2\/pages\/52","targetHints":{"allow":["GET"]}}],"collection":[{"href":"https:\/\/www.tugtowing.cz\/index.php?rest_route=\/wp\/v2\/pages"}],"about":[{"href":"https:\/\/www.tugtowing.cz\/index.php?rest_route=\/wp\/v2\/types\/page"}],"author":[{"embeddable":true,"href":"https:\/\/www.tugtowing.cz\/index.php?rest_route=\/wp\/v2\/users\/1"}],"replies":[{"embeddable":true,"href":"https:\/\/www.tugtowing.cz\/index.php?rest_route=%2Fwp%2Fv2%2Fcomments&post=52"}],"version-history":[{"count":6,"href":"https:\/\/www.tugtowing.cz\/index.php?rest_route=\/wp\/v2\/pages\/52\/revisions"}],"predecessor-version":[{"id":10861,"href":"https:\/\/www.tugtowing.cz\/index.php?rest_route=\/wp\/v2\/pages\/52\/revisions\/10861"}],"wp:attachment":[{"href":"https:\/\/www.tugtowing.cz\/index.php?rest_route=%2Fwp%2Fv2%2Fmedia&parent=52"}],"curies":[{"name":"wp","href":"https:\/\/api.w.org\/{rel}","templated":true}]}}