{"id":522,"date":"2010-11-04T17:22:11","date_gmt":"2010-11-04T15:22:11","guid":{"rendered":"http:\/\/www.tugtowing.cz\/?page_id=522"},"modified":"2010-11-12T10:21:15","modified_gmt":"2010-11-12T08:21:15","slug":"sezona-2010","status":"publish","type":"page","link":"https:\/\/www.tugtowing.cz\/?page_id=522","title":{"rendered":"Sez\u00f3na 2010"},"content":{"rendered":"<p><a class=\"shutterset_\" title=\"ilustra\u010dn\u00ed foto - v\u00fd\u0159ez z klasick\u00e9ho lodn\u00edho telegrafu\" href=\"https:\/\/www.tugtowing.cz\/wp-content\/uploads\/default\/lodnitelegraf80x80.png\"><img decoding=\"async\" class=\"ngg-singlepic ngg-left\" src=\"https:\/\/www.tugtowing.cz\/wp-content\/uploads\/default\/thumbs\/thumbs_lodnitelegraf80x80.png\" alt=\"lodnitelegraf80x80\" \/><\/a> Krom\u011b Tug Towing Cupu 2010 prob\u011bhly je\u0161t\u011b t\u0159i akce, kter\u00e9 se t\u00fdkaly tug towingu. Prvn\u00ed byl &#8222;TT Wor Shop 2010&#8220; v P\u0159\u00edbrami. P\u0159\u00e1telsk\u00e9 setk\u00e1n\u00ed p\u0159\u00edznivc\u016f tug towingu. Druhou byla soukrom\u00e1 sout\u011b\u017e &#8222;Olomouck\u00e1 vana&#8220; a t\u0159et\u00ed byl &#8222;Springer Cup 2010&#8220; spojen\u00fd s &#8222;6. srazem Klubu NAMOLO! v P\u00edsku&#8220;.<\/p>\n","protected":false},"excerpt":{"rendered":"<p>Krom\u011b Tug Towing Cupu 2010 prob\u011bhly je\u0161t\u011b t\u0159i akce, kter\u00e9 se t\u00fdkaly tug towingu. Prvn\u00ed byl &#8222;TT Wor Shop 2010&#8220; v P\u0159\u00edbrami. P\u0159\u00e1telsk\u00e9 setk\u00e1n\u00ed p\u0159\u00edznivc\u016f tug towingu. Druhou byla soukrom\u00e1 sout\u011b\u017e &#8222;Olomouck\u00e1 vana&#8220; a t\u0159et\u00ed byl &#8222;Springer Cup 2010&#8220; spojen\u00fd s &#8222;6. srazem Klubu NAMOLO! v P\u00edsku&#8220;.<\/p>\n","protected":false},"author":2,"featured_media":0,"parent":2,"menu_order":6,"comment_status":"open","ping_status":"closed","template":"","meta":{"footnotes":""},"class_list":["post-522","page","type-page","status-publish","hentry"],"_links":{"self":[{"href":"https:\/\/www.tugtowing.cz\/index.php?rest_route=\/wp\/v2\/pages\/522","targetHints":{"allow":["GET"]}}],"collection":[{"href":"https:\/\/www.tugtowing.cz\/index.php?rest_route=\/wp\/v2\/pages"}],"about":[{"href":"https:\/\/www.tugtowing.cz\/index.php?rest_route=\/wp\/v2\/types\/page"}],"author":[{"embeddable":true,"href":"https:\/\/www.tugtowing.cz\/index.php?rest_route=\/wp\/v2\/users\/2"}],"replies":[{"embeddable":true,"href":"https:\/\/www.tugtowing.cz\/index.php?rest_route=%2Fwp%2Fv2%2Fcomments&post=522"}],"version-history":[{"count":0,"href":"https:\/\/www.tugtowing.cz\/index.php?rest_route=\/wp\/v2\/pages\/522\/revisions"}],"up":[{"embeddable":true,"href":"https:\/\/www.tugtowing.cz\/index.php?rest_route=\/wp\/v2\/pages\/2"}],"wp:attachment":[{"href":"https:\/\/www.tugtowing.cz\/index.php?rest_route=%2Fwp%2Fv2%2Fmedia&parent=522"}],"curies":[{"name":"wp","href":"https:\/\/api.w.org\/{rel}","templated":true}]}}