{"id":534,"date":"2010-11-05T10:02:13","date_gmt":"2010-11-05T08:02:13","guid":{"rendered":"http:\/\/www.tugtowing.cz\/?page_id=534"},"modified":"2010-11-12T10:27:41","modified_gmt":"2010-11-12T08:27:41","slug":"o-branicky-soudek-praha","status":"publish","type":"page","link":"https:\/\/www.tugtowing.cz\/?page_id=534","title":{"rendered":"O Branick\u00fd soudek &#8211; Praha"},"content":{"rendered":"<p style=\"text-align: center;\"><center>[singlepic id=299 w=80 h=80 float=none]<\/center><\/p>\n<p style=\"text-align: center;\"><a href=\"http:\/\/www.mo-na-ko.net\/images_a\/TugTowing\/propozice2.htm\" target=\"_blank\">Propozice<\/a><\/p>\n<p style=\"text-align: center;\"><a href=\"?page_id=425#TT04\" target=\"_self\">Pl\u00e1nky trat\u00ed<\/a><\/p>\n<p style=\"text-align: center;\"><a href=\"http:\/\/www.mo-na-ko.net\/clanky4\/163_BranikTT\/clanek.htm\" target=\"_blank\">Report\u00e1\u017e<\/a><a href=\"?page_id=446#TT04\" target=\"_self\"><\/a><\/p>\n<p style=\"text-align: center;\"><a href=\"?page_id=446#TT04\" target=\"_self\">Foto<\/a><\/p>\n<p style=\"text-align: center;\">Video &#8211; nen\u00ed k dispozici<\/p>\n<p style=\"text-align: center;\">V\u00fdsledky &#8211; viz. <a href=\"http:\/\/www.mo-na-ko.net\/clanky4\/163_BranikTT\/clanek.htm\" target=\"_blank\">report\u00e1\u017e<\/a><\/p>\n<p style=\"text-align: center;\">Z\u00e1pisy j\u00edzd &#8211; nejsou k dispozici<\/p>\n","protected":false},"excerpt":{"rendered":"<p>[singlepic id=299 w=80 h=80 float=none] Propozice Pl\u00e1nky trat\u00ed Report\u00e1\u017e Foto Video &#8211; nen\u00ed k dispozici V\u00fdsledky &#8211; viz. report\u00e1\u017e Z\u00e1pisy j\u00edzd &#8211; nejsou k dispozici<\/p>\n","protected":false},"author":2,"featured_media":0,"parent":509,"menu_order":2,"comment_status":"open","ping_status":"open","template":"","meta":{"footnotes":""},"class_list":["post-534","page","type-page","status-publish","hentry"],"_links":{"self":[{"href":"https:\/\/www.tugtowing.cz\/index.php?rest_route=\/wp\/v2\/pages\/534","targetHints":{"allow":["GET"]}}],"collection":[{"href":"https:\/\/www.tugtowing.cz\/index.php?rest_route=\/wp\/v2\/pages"}],"about":[{"href":"https:\/\/www.tugtowing.cz\/index.php?rest_route=\/wp\/v2\/types\/page"}],"author":[{"embeddable":true,"href":"https:\/\/www.tugtowing.cz\/index.php?rest_route=\/wp\/v2\/users\/2"}],"replies":[{"embeddable":true,"href":"https:\/\/www.tugtowing.cz\/index.php?rest_route=%2Fwp%2Fv2%2Fcomments&post=534"}],"version-history":[{"count":0,"href":"https:\/\/www.tugtowing.cz\/index.php?rest_route=\/wp\/v2\/pages\/534\/revisions"}],"up":[{"embeddable":true,"href":"https:\/\/www.tugtowing.cz\/index.php?rest_route=\/wp\/v2\/pages\/509"}],"wp:attachment":[{"href":"https:\/\/www.tugtowing.cz\/index.php?rest_route=%2Fwp%2Fv2%2Fmedia&parent=534"}],"curies":[{"name":"wp","href":"https:\/\/api.w.org\/{rel}","templated":true}]}}