{"id":542,"date":"2010-11-05T10:07:33","date_gmt":"2010-11-05T08:07:33","guid":{"rendered":"http:\/\/www.tugtowing.cz\/?page_id=542"},"modified":"2010-11-12T10:30:26","modified_gmt":"2010-11-12T08:30:26","slug":"vikend-s-tt-v-protivanove","status":"publish","type":"page","link":"https:\/\/www.tugtowing.cz\/?page_id=542","title":{"rendered":"V\u00edkend s TT v Protivanov\u011b"},"content":{"rendered":"<p style=\"text-align: center;\"><center>[singlepic id=300 w=80 h=80 float=none]<\/center><\/p>\n<p style=\"text-align: center;\"><a href=\"http:\/\/www.mo-na-ko.net\/php\/portal\/view.php?cisloclanku=2007010023\" target=\"_blank\">Propozice<\/a><\/p>\n<p style=\"text-align: center;\"><a href=\"?page_id=425#TT02\" target=\"_self\">Pl\u00e1nky trat\u00ed<\/a><\/p>\n<p style=\"text-align: center;\"><a href=\"http:\/\/www.mo-na-ko.net\/php\/portal\/view.php?cisloclanku=2007060002\" target=\"_blank\">Report\u00e1\u017e<\/a><\/p>\n<p style=\"text-align: center;\"><a href=\"?page_id=446#TT02\" target=\"_self\">Foto<\/a><\/p>\n<p style=\"text-align: center;\"><a href=\"?page_id=457#TT02\" target=\"_self\">Video<\/a><\/p>\n<p style=\"text-align: center;\">V\u00fdsledky &#8211; <a href=\"http:\/\/www.mo-na-ko.net\/php\/portal\/_Clanky2007\/Protivanov\/list_lehkyTT.jpg\" target=\"_blank\">lehk\u00fd<\/a>, <a href=\"http:\/\/www.mo-na-ko.net\/php\/portal\/_Clanky2007\/Protivanov\/list_tezkyTT.jpg\" target=\"_blank\">t\u011b\u017ek\u00fd<\/a><\/p>\n<p style=\"text-align: center;\">Z\u00e1pisy j\u00edzd &#8211; nejsou k dispozici<\/p>\n","protected":false},"excerpt":{"rendered":"<p>[singlepic id=300 w=80 h=80 float=none] Propozice Pl\u00e1nky trat\u00ed Report\u00e1\u017e Foto Video V\u00fdsledky &#8211; lehk\u00fd, t\u011b\u017ek\u00fd Z\u00e1pisy j\u00edzd &#8211; nejsou k dispozici<\/p>\n","protected":false},"author":2,"featured_media":0,"parent":506,"menu_order":2,"comment_status":"open","ping_status":"open","template":"","meta":{"footnotes":""},"class_list":["post-542","page","type-page","status-publish","hentry"],"_links":{"self":[{"href":"https:\/\/www.tugtowing.cz\/index.php?rest_route=\/wp\/v2\/pages\/542","targetHints":{"allow":["GET"]}}],"collection":[{"href":"https:\/\/www.tugtowing.cz\/index.php?rest_route=\/wp\/v2\/pages"}],"about":[{"href":"https:\/\/www.tugtowing.cz\/index.php?rest_route=\/wp\/v2\/types\/page"}],"author":[{"embeddable":true,"href":"https:\/\/www.tugtowing.cz\/index.php?rest_route=\/wp\/v2\/users\/2"}],"replies":[{"embeddable":true,"href":"https:\/\/www.tugtowing.cz\/index.php?rest_route=%2Fwp%2Fv2%2Fcomments&post=542"}],"version-history":[{"count":0,"href":"https:\/\/www.tugtowing.cz\/index.php?rest_route=\/wp\/v2\/pages\/542\/revisions"}],"up":[{"embeddable":true,"href":"https:\/\/www.tugtowing.cz\/index.php?rest_route=\/wp\/v2\/pages\/506"}],"wp:attachment":[{"href":"https:\/\/www.tugtowing.cz\/index.php?rest_route=%2Fwp%2Fv2%2Fmedia&parent=542"}],"curies":[{"name":"wp","href":"https:\/\/api.w.org\/{rel}","templated":true}]}}