{"id":544,"date":"2010-11-05T10:08:12","date_gmt":"2010-11-05T08:08:12","guid":{"rendered":"http:\/\/www.tugtowing.cz\/?page_id=544"},"modified":"2010-11-12T10:31:16","modified_gmt":"2010-11-12T08:31:16","slug":"olomocka-vana-olomouc","status":"publish","type":"page","link":"https:\/\/www.tugtowing.cz\/?page_id=544","title":{"rendered":"Olom\u00f3ck\u00e1 vana &#8211; Olomouc"},"content":{"rendered":"<p style=\"text-align: center;\"><center>[singlepic id=300 w=80 h=80 float=none]<\/center><\/p>\n<p style=\"text-align: center;\">Propozice &#8211; nejsou k dispozici<\/p>\n<p style=\"text-align: center;\"><a href=\"?page_id=425#TT03\" target=\"_self\">Pl\u00e1nky trat\u00ed<\/a><\/p>\n<p style=\"text-align: center;\"><a href=\"http:\/\/www.mo-na-ko.net\/php\/portal\/view.php?cisloclanku=2007100008\" target=\"_blank\">Report\u00e1\u017e<\/a><\/p>\n<p style=\"text-align: center;\"><a href=\"?page_id=446#TT03\" target=\"_self\">Foto<\/a><\/p>\n<p style=\"text-align: center;\"><a href=\"?page_id=457#TT03\" target=\"_self\">Video<\/a><\/p>\n<p style=\"text-align: center;\">V\u00fdsledky &#8211; viz. <a href=\"http:\/\/www.mo-na-ko.net\/php\/portal\/view.php?cisloclanku=2007100008\" target=\"_blank\">report\u00e1\u017e<\/a><\/p>\n<p style=\"text-align: center;\">Z\u00e1pisy j\u00edzd &#8211; nejsou k dispozici<\/p>\n","protected":false},"excerpt":{"rendered":"<p>[singlepic id=300 w=80 h=80 float=none] Propozice &#8211; nejsou k dispozici Pl\u00e1nky trat\u00ed Report\u00e1\u017e Foto Video V\u00fdsledky &#8211; viz. report\u00e1\u017e Z\u00e1pisy j\u00edzd &#8211; nejsou k dispozici<\/p>\n","protected":false},"author":2,"featured_media":0,"parent":506,"menu_order":3,"comment_status":"open","ping_status":"open","template":"","meta":{"footnotes":""},"class_list":["post-544","page","type-page","status-publish","hentry"],"_links":{"self":[{"href":"https:\/\/www.tugtowing.cz\/index.php?rest_route=\/wp\/v2\/pages\/544","targetHints":{"allow":["GET"]}}],"collection":[{"href":"https:\/\/www.tugtowing.cz\/index.php?rest_route=\/wp\/v2\/pages"}],"about":[{"href":"https:\/\/www.tugtowing.cz\/index.php?rest_route=\/wp\/v2\/types\/page"}],"author":[{"embeddable":true,"href":"https:\/\/www.tugtowing.cz\/index.php?rest_route=\/wp\/v2\/users\/2"}],"replies":[{"embeddable":true,"href":"https:\/\/www.tugtowing.cz\/index.php?rest_route=%2Fwp%2Fv2%2Fcomments&post=544"}],"version-history":[{"count":0,"href":"https:\/\/www.tugtowing.cz\/index.php?rest_route=\/wp\/v2\/pages\/544\/revisions"}],"up":[{"embeddable":true,"href":"https:\/\/www.tugtowing.cz\/index.php?rest_route=\/wp\/v2\/pages\/506"}],"wp:attachment":[{"href":"https:\/\/www.tugtowing.cz\/index.php?rest_route=%2Fwp%2Fv2%2Fmedia&parent=544"}],"curies":[{"name":"wp","href":"https:\/\/api.w.org\/{rel}","templated":true}]}}