{"id":546,"date":"2010-11-05T10:08:44","date_gmt":"2010-11-05T08:08:44","guid":{"rendered":"http:\/\/www.tugtowing.cz\/?page_id=546"},"modified":"2010-11-12T10:31:44","modified_gmt":"2010-11-12T08:31:44","slug":"o-branicky-soudek-praha","status":"publish","type":"page","link":"https:\/\/www.tugtowing.cz\/?page_id=546","title":{"rendered":"O Branick\u00fd soudek &#8211; Praha"},"content":{"rendered":"<p style=\"text-align: center;\"><center>[singlepic id=300 w=80 h=80 float=none]<\/center><\/p>\n<p style=\"text-align: center;\"><a href=\"http:\/\/www.mo-na-ko.net\/php\/portal\/view.php?cisloclanku=2007070006\" target=\"_blank\">Propozice<\/a><\/p>\n<p style=\"text-align: center;\"><a href=\"?page_id=425#TT04\" target=\"_self\">Pl\u00e1nky trat\u00ed<\/a><\/p>\n<p style=\"text-align: center;\"><a href=\"http:\/\/www.mo-na-ko.net\/php\/portal\/view.php?cisloclanku=2007060002\" target=\"_blank\">Report\u00e1\u017e<\/a><\/p>\n<p style=\"text-align: center;\"><a href=\"?page_id=446#TT04\" target=\"_self\">Foto<\/a><\/p>\n<p style=\"text-align: center;\"><a href=\"?page_id=457#TT04\" target=\"_self\">Video<\/a><\/p>\n<p style=\"text-align: center;\">V\u00fdsledky &#8211; viz <a href=\"http:\/\/www.mo-na-ko.net\/php\/portal\/view.php?cisloclanku=2007060002\" target=\"_blank\">report\u00e1\u017e<\/a><\/p>\n<p style=\"text-align: center;\">Z\u00e1pisy j\u00edzd &#8211; viz <a href=\"http:\/\/www.mo-na-ko.net\/php\/portal\/view.php?cisloclanku=2007060002\" target=\"_blank\">report\u00e1\u017e<\/a><\/p>\n","protected":false},"excerpt":{"rendered":"<p>[singlepic id=300 w=80 h=80 float=none] Propozice Pl\u00e1nky trat\u00ed Report\u00e1\u017e Foto Video V\u00fdsledky &#8211; viz report\u00e1\u017e Z\u00e1pisy j\u00edzd &#8211; viz report\u00e1\u017e<\/p>\n","protected":false},"author":2,"featured_media":0,"parent":506,"menu_order":4,"comment_status":"open","ping_status":"open","template":"","meta":{"footnotes":""},"class_list":["post-546","page","type-page","status-publish","hentry"],"_links":{"self":[{"href":"https:\/\/www.tugtowing.cz\/index.php?rest_route=\/wp\/v2\/pages\/546","targetHints":{"allow":["GET"]}}],"collection":[{"href":"https:\/\/www.tugtowing.cz\/index.php?rest_route=\/wp\/v2\/pages"}],"about":[{"href":"https:\/\/www.tugtowing.cz\/index.php?rest_route=\/wp\/v2\/types\/page"}],"author":[{"embeddable":true,"href":"https:\/\/www.tugtowing.cz\/index.php?rest_route=\/wp\/v2\/users\/2"}],"replies":[{"embeddable":true,"href":"https:\/\/www.tugtowing.cz\/index.php?rest_route=%2Fwp%2Fv2%2Fcomments&post=546"}],"version-history":[{"count":0,"href":"https:\/\/www.tugtowing.cz\/index.php?rest_route=\/wp\/v2\/pages\/546\/revisions"}],"up":[{"embeddable":true,"href":"https:\/\/www.tugtowing.cz\/index.php?rest_route=\/wp\/v2\/pages\/506"}],"wp:attachment":[{"href":"https:\/\/www.tugtowing.cz\/index.php?rest_route=%2Fwp%2Fv2%2Fmedia&parent=546"}],"curies":[{"name":"wp","href":"https:\/\/api.w.org\/{rel}","templated":true}]}}