{"id":550,"date":"2010-11-05T10:13:01","date_gmt":"2010-11-05T08:13:01","guid":{"rendered":"http:\/\/www.tugtowing.cz\/?page_id=550"},"modified":"2010-11-12T09:47:34","modified_gmt":"2010-11-12T07:47:34","slug":"zimni-tug-towing-v-moste","status":"publish","type":"page","link":"https:\/\/www.tugtowing.cz\/?page_id=550","title":{"rendered":"Zimn\u00ed tug towing v Most\u011b"},"content":{"rendered":"<p style=\"text-align: center;\"><img decoding=\"async\" class=\"ngg-singlepic ngg-center aligncenter\" src=\"https:\/\/www.tugtowing.cz\/wp-content\/uploads\/bannery\/banzimnittmost.gif\" alt=\"banzimnittmost\" \/><\/p>\n<p style=\"text-align: center;\"><a href=\"http:\/\/www.mo-na-ko.net\/php\/portal\/view.php?cisloclanku=2007120001\" target=\"_blank\">Propozice<\/a><\/p>\n<p style=\"text-align: center;\"><a href=\"?page_id=425#TT01\" target=\"_self\">Pl\u00e1nky trat\u00ed<\/a><\/p>\n<p style=\"text-align: center;\"><a href=\"http:\/\/www.mo-na-ko.net\/php\/portal\/_Clanky2008\/TTC2008\/StartList_TugTowingMost2008.htm\" target=\"_blank\">Report\u00e1\u017e<\/a><\/p>\n<p style=\"text-align: center;\"><a href=\"?page_id=446#TT01\" target=\"_self\">Foto<\/a><\/p>\n<p style=\"text-align: center;\"><a href=\"?page_id=457#TT01\" target=\"_self\">Video<\/a><\/p>\n<p style=\"text-align: center;\"><a href=\"http:\/\/www.mo-na-ko.net\/php\/portal\/_Clanky2008\/TT_Most\/VL_TTMost2008.htm\" target=\"_blank\">V\u00fdsledky<\/a><\/p>\n<p style=\"text-align: center;\">Z\u00e1pisy j\u00edzd &#8211; nejsou k dispozici<\/p>\n","protected":false},"excerpt":{"rendered":"<p>Propozice Pl\u00e1nky trat\u00ed Report\u00e1\u017e Foto Video V\u00fdsledky Z\u00e1pisy j\u00edzd &#8211; nejsou k dispozici<\/p>\n","protected":false},"author":2,"featured_media":0,"parent":501,"menu_order":1,"comment_status":"open","ping_status":"open","template":"","meta":{"footnotes":""},"class_list":["post-550","page","type-page","status-publish","hentry"],"_links":{"self":[{"href":"https:\/\/www.tugtowing.cz\/index.php?rest_route=\/wp\/v2\/pages\/550","targetHints":{"allow":["GET"]}}],"collection":[{"href":"https:\/\/www.tugtowing.cz\/index.php?rest_route=\/wp\/v2\/pages"}],"about":[{"href":"https:\/\/www.tugtowing.cz\/index.php?rest_route=\/wp\/v2\/types\/page"}],"author":[{"embeddable":true,"href":"https:\/\/www.tugtowing.cz\/index.php?rest_route=\/wp\/v2\/users\/2"}],"replies":[{"embeddable":true,"href":"https:\/\/www.tugtowing.cz\/index.php?rest_route=%2Fwp%2Fv2%2Fcomments&post=550"}],"version-history":[{"count":0,"href":"https:\/\/www.tugtowing.cz\/index.php?rest_route=\/wp\/v2\/pages\/550\/revisions"}],"up":[{"embeddable":true,"href":"https:\/\/www.tugtowing.cz\/index.php?rest_route=\/wp\/v2\/pages\/501"}],"wp:attachment":[{"href":"https:\/\/www.tugtowing.cz\/index.php?rest_route=%2Fwp%2Fv2%2Fmedia&parent=550"}],"curies":[{"name":"wp","href":"https:\/\/api.w.org\/{rel}","templated":true}]}}