{"id":561,"date":"2010-11-05T10:17:29","date_gmt":"2010-11-05T08:17:29","guid":{"rendered":"http:\/\/www.tugtowing.cz\/?page_id=561"},"modified":"2010-11-11T13:51:52","modified_gmt":"2010-11-11T11:51:52","slug":"zimni-tug-towing-v-moste","status":"publish","type":"page","link":"https:\/\/www.tugtowing.cz\/?page_id=561","title":{"rendered":"Zimn\u00ed tug towing v Most\u011b"},"content":{"rendered":"<p style=\"text-align: center;\"><img decoding=\"async\" class=\"ngg-singlepic ngg-center aligncenter\" src=\"https:\/\/www.tugtowing.cz\/wp-content\/uploads\/bannery\/banttc01.gif\" alt=\"banttc01\" \/><\/p>\n<p style=\"text-align: center;\"><a href=\"http:\/\/www.mo-na-ko.net\/php\/portal\/view.php?cisloclanku=2008120003\" target=\"_blank\">Propozice<\/a><\/p>\n<p style=\"text-align: center;\"><a href=\"?page_id=425#TT01\" target=\"_self\">Pl\u00e1nky trat\u00ed<\/a><\/p>\n<p style=\"text-align: center;\"><a href=\"http:\/\/www.mo-na-ko.net\/php\/portal\/view.php?cisloclanku=2009020013\" target=\"_blank\">Report\u00e1\u017e<\/a><\/p>\n<p style=\"text-align: center;\"><a href=\"?page_id=446#TT01\" target=\"_self\">Foto<\/a><\/p>\n<p style=\"text-align: center;\">Video &#8211; nen\u00ed k dispozici<\/p>\n<p style=\"text-align: center;\"><a href=\"http:\/\/www.mo-na-ko.net\/php\/portal\/_Clanky2009\/TTC2009\/TTC01-2009.htm\" target=\"_blank\">V\u00fdsledky<\/a><\/p>\n<p style=\"text-align: center;\">Z\u00e1pisy j\u00edzd &#8211; <a href=\"http:\/\/www.mo-na-ko.net\/php\/portal\/_Clanky2009\/TTC2009\/TTC01-zapisy1.pdf\" target=\"_blank\">1<\/a> &#8211; <a href=\"http:\/\/www.mo-na-ko.net\/php\/portal\/_Clanky2009\/TTC2009\/TTC01-zapisy2.pdf\" target=\"_blank\">2<\/a> &#8211; <a href=\"http:\/\/www.mo-na-ko.net\/php\/portal\/_Clanky2009\/TTC2009\/TTC01-zapisy3.pdf\" target=\"_blank\">3<\/a><\/p>\n","protected":false},"excerpt":{"rendered":"<p>Propozice Pl\u00e1nky trat\u00ed Report\u00e1\u017e Foto Video &#8211; nen\u00ed k dispozici V\u00fdsledky Z\u00e1pisy j\u00edzd &#8211; 1 &#8211; 2 &#8211; 3<\/p>\n","protected":false},"author":2,"featured_media":0,"parent":494,"menu_order":1,"comment_status":"open","ping_status":"open","template":"","meta":{"footnotes":""},"class_list":["post-561","page","type-page","status-publish","hentry"],"_links":{"self":[{"href":"https:\/\/www.tugtowing.cz\/index.php?rest_route=\/wp\/v2\/pages\/561","targetHints":{"allow":["GET"]}}],"collection":[{"href":"https:\/\/www.tugtowing.cz\/index.php?rest_route=\/wp\/v2\/pages"}],"about":[{"href":"https:\/\/www.tugtowing.cz\/index.php?rest_route=\/wp\/v2\/types\/page"}],"author":[{"embeddable":true,"href":"https:\/\/www.tugtowing.cz\/index.php?rest_route=\/wp\/v2\/users\/2"}],"replies":[{"embeddable":true,"href":"https:\/\/www.tugtowing.cz\/index.php?rest_route=%2Fwp%2Fv2%2Fcomments&post=561"}],"version-history":[{"count":0,"href":"https:\/\/www.tugtowing.cz\/index.php?rest_route=\/wp\/v2\/pages\/561\/revisions"}],"up":[{"embeddable":true,"href":"https:\/\/www.tugtowing.cz\/index.php?rest_route=\/wp\/v2\/pages\/494"}],"wp:attachment":[{"href":"https:\/\/www.tugtowing.cz\/index.php?rest_route=%2Fwp%2Fv2%2Fmedia&parent=561"}],"curies":[{"name":"wp","href":"https:\/\/api.w.org\/{rel}","templated":true}]}}