{"id":5624,"date":"2014-10-02T19:38:28","date_gmt":"2014-10-02T18:38:28","guid":{"rendered":"http:\/\/www.tugtowing.cz\/?page_id=5624"},"modified":"2015-08-17T08:34:12","modified_gmt":"2015-08-17T07:34:12","slug":"tug-towing-oslavy-10-vyroci","status":"publish","type":"page","link":"https:\/\/www.tugtowing.cz\/?page_id=5624","title":{"rendered":"Tug Towing &#8211; oslavy 10. v\u00fdro\u010d\u00ed"},"content":{"rendered":"<p style=\"text-align: center;\"><a href=\"https:\/\/www.tugtowing.cz\/?p=6852\">Report\u00e1\u017e<\/a><\/p>\n<p style=\"text-align: center;\"><img decoding=\"async\" class=\"ngg-singlepic ngg-center\" src=\"https:\/\/www.tugtowing.cz\/wp-content\/uploads\/bannery\/bannerTugTowing10let.png\" alt=\"bannerTugTowing10let\" \/><\/p>\n<p style=\"text-align: center;\"><strong>V\u00e1\u017een\u00ed p\u00e1ni Kapit\u00e1ni!<\/strong><\/p>\n<p style=\"text-align: center;\">Ve sv\u00e9m kalend\u00e1\u0159i si rezervujte term\u00edn <strong>12.-14.6.2015<\/strong><\/p>\n<p style=\"text-align: center;\">V <strong>Protivanov\u011b<\/strong> prob\u011bhnou oslavy <strong>10. v\u00fdro\u010d\u00ed tug towingu<\/strong> v \u010cR!<\/p>\n<p style=\"text-align: center;\"><strong>Na co se m\u016f\u017eete t\u011b\u0161it?<\/strong><\/p>\n<p style=\"text-align: center;\"><a title=\"TTC03\" href=\"https:\/\/www.tugtowing.cz\/?page_id=5953\">2. sout\u011b\u017en\u00ed kola, zapo\u010d\u00edt\u00e1van\u00e1 do TTC 2015<\/a><\/p>\n<p style=\"text-align: center;\">v\u00fdstava historick\u00fdch remork\u00e9r\u016f<\/p>\n<p style=\"text-align: center;\">v\u00fdstava pl\u00e1nk\u016f trat\u00ed<\/p>\n<p style=\"text-align: center;\">v\u00fdstava diplom\u016f a poh\u00e1r\u016f<\/p>\n<p style=\"text-align: center;\">semin\u00e1\u0159 a prom\u00edt\u00e1n\u00ed <em>&#8222;filmu&#8220;<\/em> z historie tug towingu<\/p>\n<p style=\"text-align: center;\">ve\u010dern\u00ed posezen\u00ed u ohn\u011b<\/p>\n<p style=\"text-align: center;\">spojen\u00e9 s grilov\u00e1n\u00edm mas\u00ed\u010dka<\/p>\n<p style=\"text-align: center;\">pivko + nealko<\/p>\n<p style=\"text-align: center;\">a dal\u0161\u00ed z\u00e1bavu<\/p>\n<p style=\"text-align: center;\">Podrobnosti budou zve\u0159ejn\u011bny b\u011bhem jara 2015.<\/p>\n<p style=\"text-align: center;\"><strong>T\u011b\u0161\u00edme se na V\u00e1s!<\/strong><\/p>\n<p style=\"text-align: center;\">Keba<\/p>\n<p>&nbsp;<\/p>\n","protected":false},"excerpt":{"rendered":"<p>Report\u00e1\u017e V\u00e1\u017een\u00ed p\u00e1ni Kapit\u00e1ni! Ve sv\u00e9m kalend\u00e1\u0159i si rezervujte term\u00edn 12.-14.6.2015 V Protivanov\u011b prob\u011bhnou oslavy 10. v\u00fdro\u010d\u00ed tug towingu v \u010cR! Na co se m\u016f\u017eete t\u011b\u0161it? 2. sout\u011b\u017en\u00ed kola, zapo\u010d\u00edt\u00e1van\u00e1 do TTC 2015 v\u00fdstava historick\u00fdch remork\u00e9r\u016f v\u00fdstava pl\u00e1nk\u016f trat\u00ed v\u00fdstava diplom\u016f a poh\u00e1r\u016f semin\u00e1\u0159 a prom\u00edt\u00e1n\u00ed &#8222;filmu&#8220; z historie tug towingu ve\u010dern\u00ed posezen\u00ed u ohn\u011b [&hellip;]<\/p>\n","protected":false},"author":2,"featured_media":0,"parent":5908,"menu_order":0,"comment_status":"open","ping_status":"closed","template":"","meta":{"footnotes":""},"class_list":["post-5624","page","type-page","status-publish","hentry"],"_links":{"self":[{"href":"https:\/\/www.tugtowing.cz\/index.php?rest_route=\/wp\/v2\/pages\/5624","targetHints":{"allow":["GET"]}}],"collection":[{"href":"https:\/\/www.tugtowing.cz\/index.php?rest_route=\/wp\/v2\/pages"}],"about":[{"href":"https:\/\/www.tugtowing.cz\/index.php?rest_route=\/wp\/v2\/types\/page"}],"author":[{"embeddable":true,"href":"https:\/\/www.tugtowing.cz\/index.php?rest_route=\/wp\/v2\/users\/2"}],"replies":[{"embeddable":true,"href":"https:\/\/www.tugtowing.cz\/index.php?rest_route=%2Fwp%2Fv2%2Fcomments&post=5624"}],"version-history":[{"count":0,"href":"https:\/\/www.tugtowing.cz\/index.php?rest_route=\/wp\/v2\/pages\/5624\/revisions"}],"up":[{"embeddable":true,"href":"https:\/\/www.tugtowing.cz\/index.php?rest_route=\/wp\/v2\/pages\/5908"}],"wp:attachment":[{"href":"https:\/\/www.tugtowing.cz\/index.php?rest_route=%2Fwp%2Fv2%2Fmedia&parent=5624"}],"curies":[{"name":"wp","href":"https:\/\/api.w.org\/{rel}","templated":true}]}}