{"id":563,"date":"2010-11-05T10:18:25","date_gmt":"2010-11-05T08:18:25","guid":{"rendered":"http:\/\/www.tugtowing.cz\/?page_id=563"},"modified":"2010-11-11T13:55:43","modified_gmt":"2010-11-11T11:55:43","slug":"olomocka-vana-olomouc","status":"publish","type":"page","link":"https:\/\/www.tugtowing.cz\/?page_id=563","title":{"rendered":"Olom\u00f3ck\u00e1 vana &#8211; Olomouc"},"content":{"rendered":"<p style=\"text-align: center;\"><img decoding=\"async\" class=\"ngg-singlepic ngg-center aligncenter\" src=\"https:\/\/www.tugtowing.cz\/wp-content\/uploads\/bannery\/banttc02.gif\" alt=\"banttc02\" \/><\/p>\n<p style=\"text-align: center;\"><a href=\"http:\/\/www.mo-na-ko.net\/php\/portal\/view.php?cisloclanku=2008120004\" target=\"_self\">Propozice<\/a><\/p>\n<p style=\"text-align: center;\"><a href=\"?page_id=425#TT03\" target=\"_self\">Pl\u00e1nky trat\u00ed<\/a><\/p>\n<p style=\"text-align: center;\"><a href=\"http:\/\/www.mo-na-ko.net\/php\/portal\/view.php?cisloclanku=2009040012\" target=\"_blank\">Report\u00e1\u017e<\/a><\/p>\n<p style=\"text-align: center;\"><a href=\"?page_id=446#TT03\" target=\"_self\">Foto<\/a><\/p>\n<p style=\"text-align: center;\"><a href=\"?page_id=457#TT03\" target=\"_self\">Video<\/a><\/p>\n<p style=\"text-align: center;\"><a href=\"http:\/\/www.mo-na-ko.net\/php\/portal\/_Clanky2009\/TTC2009\/TTC02-2009.htm\" target=\"_blank\">V\u00fdsledky<\/a><\/p>\n<p style=\"text-align: center;\"><a href=\"http:\/\/www.mo-na-ko.net\/php\/portal\/_Clanky2009\/TTC02\/01.pdf\" target=\"_blank\">Z\u00e1pisy j\u00edzd<\/a><\/p>\n","protected":false},"excerpt":{"rendered":"<p>Propozice Pl\u00e1nky trat\u00ed Report\u00e1\u017e Foto Video V\u00fdsledky Z\u00e1pisy j\u00edzd<\/p>\n","protected":false},"author":2,"featured_media":0,"parent":494,"menu_order":2,"comment_status":"open","ping_status":"open","template":"","meta":{"footnotes":""},"class_list":["post-563","page","type-page","status-publish","hentry"],"_links":{"self":[{"href":"https:\/\/www.tugtowing.cz\/index.php?rest_route=\/wp\/v2\/pages\/563","targetHints":{"allow":["GET"]}}],"collection":[{"href":"https:\/\/www.tugtowing.cz\/index.php?rest_route=\/wp\/v2\/pages"}],"about":[{"href":"https:\/\/www.tugtowing.cz\/index.php?rest_route=\/wp\/v2\/types\/page"}],"author":[{"embeddable":true,"href":"https:\/\/www.tugtowing.cz\/index.php?rest_route=\/wp\/v2\/users\/2"}],"replies":[{"embeddable":true,"href":"https:\/\/www.tugtowing.cz\/index.php?rest_route=%2Fwp%2Fv2%2Fcomments&post=563"}],"version-history":[{"count":0,"href":"https:\/\/www.tugtowing.cz\/index.php?rest_route=\/wp\/v2\/pages\/563\/revisions"}],"up":[{"embeddable":true,"href":"https:\/\/www.tugtowing.cz\/index.php?rest_route=\/wp\/v2\/pages\/494"}],"wp:attachment":[{"href":"https:\/\/www.tugtowing.cz\/index.php?rest_route=%2Fwp%2Fv2%2Fmedia&parent=563"}],"curies":[{"name":"wp","href":"https:\/\/api.w.org\/{rel}","templated":true}]}}