{"id":5899,"date":"2014-11-13T21:46:06","date_gmt":"2014-11-13T20:46:06","guid":{"rendered":"http:\/\/www.tugtowing.cz\/?page_id=5899"},"modified":"2015-10-01T19:49:34","modified_gmt":"2015-10-01T18:49:34","slug":"tug-towing-cup-2015","status":"publish","type":"page","link":"https:\/\/www.tugtowing.cz\/?page_id=5899","title":{"rendered":"Tug Towing Cup 2015"},"content":{"rendered":"<p>Tug Towing Cup je seri\u00e1l vybran\u00fdch sout\u011b\u017en\u00edch setk\u00e1n\u00ed v tug towingu. V\u00fdsledky t\u011bchto sout\u011b\u017en\u00edch setk\u00e1n\u00ed se zapo\u010d\u00edt\u00e1vaj\u00ed do tzv.\u00a0<em>\u201epoh\u00e1ru\u201c<\/em>. T\u00fdm, kter\u00fd z t\u011bchto sout\u011b\u017e\u00ed z\u00edsk\u00e1 nejv\u00edce bod\u016f, z\u00edsk\u00e1v\u00e1 presti\u017en\u00ed titul\u00a0<strong>\u201e\u0161ampiona v Tug Towingu\u201c<\/strong>\u00a0a putovn\u00ed poh\u00e1r.<\/p>\n<p style=\"text-align: center;\"><strong>V\u00ddSLEDKY<\/strong><\/p>\n<p style=\"text-align: center;\">Kategorie:\u00a0<strong>tla\u010dn\u00e9 remork\u00e9ry \u2013 jedno\u0161roub\u00e9<\/strong><\/p>\n<p style=\"text-align: center;\">Celkov\u00fdm v\u00edt\u011bzem t\u00e9to kategorie se stal t\u00fdm<\/p>\n<p style=\"text-align: center;\"><img loading=\"lazy\" decoding=\"async\" src=\"https:\/\/www.tugtowing.cz\/wp-content\/uploads\/default\/poharobrazek.jpg\" alt=\"poharobrazek\" width=\"73\" height=\"91\" \/><\/p>\n<p style=\"text-align: center;\"><strong>323 tla\u010dn\u00e1<br \/>\n<\/strong><\/p>\n<p style=\"text-align: center;\">remork\u00e9r: \u010cerven\u00fd trpasl\u00edk<br \/>\nkapit\u00e1n: <strong>Lud\u011bk Rais (Lu\u010fa)<br \/>\n<\/strong><\/p>\n<p style=\"text-align: center;\">2. m\u00edsto: t\u00fdm Tla\u010dmen<br \/>\n3.m\u00edsto: t\u00fdm S\u00f3lo<\/p>\n<p style=\"text-align: center;\">Kategorie:\u00a0<strong>tla\u010dn\u00e9 remork\u00e9ry -v\u00edce\u0161roub\u00e9<\/strong><\/p>\n<p style=\"text-align: center;\">Celkov\u00fdm v\u00edt\u011bzem t\u00e9to kategorie se stal t\u00fdm<\/p>\n<p style=\"text-align: center;\"><img loading=\"lazy\" decoding=\"async\" src=\"https:\/\/www.tugtowing.cz\/wp-content\/uploads\/default\/poharobrazek.jpg\" alt=\"poharobrazek\" width=\"73\" height=\"91\" \/><\/p>\n<p style=\"text-align: center;\"><strong>\u010cSPLO II<br \/>\n<\/strong><\/p>\n<p style=\"text-align: center;\">remork\u00e9r: TR-8<br \/>\nkapit\u00e1n: <strong>Robert Jurka<br \/>\n<\/strong><\/p>\n<p style=\"text-align: center;\">2.m\u00edsto: t\u00fdm Bublina<br \/>\n3.m\u00edsto: t\u00fdm JaPaDo<\/p>\n<p style=\"text-align: center;\">Kategorie:\u00a0<strong>lehk\u00fd tug towing<\/strong><\/p>\n<p style=\"text-align: center;\">Celkov\u00fdm v\u00edt\u011bzem t\u00e9to kategorie se stal t\u00fdm<\/p>\n<p style=\"text-align: center;\"><img loading=\"lazy\" decoding=\"async\" src=\"https:\/\/www.tugtowing.cz\/wp-content\/uploads\/default\/poharobrazek.jpg\" alt=\"poharobrazek\" width=\"73\" height=\"91\" \/><\/p>\n<p style=\"text-align: center;\"><strong>Fair play<br \/>\n<\/strong><\/p>\n<p style=\"text-align: center;\">remork\u00e9ry: Abeille Flandre, Salvador Dali<br \/>\nkapit\u00e1ni:<strong> V\u00edt Jel\u00ednek<\/strong>, <strong>Tom\u00e1\u0161 Jel\u00ednek<\/strong><\/p>\n<p style=\"text-align: center;\">2.m\u00edsto: t\u00fdm Rum\u00edci<br \/>\n3.m\u00edsto: t\u00fdm B\u00e9\u010dka<\/p>\n<p style=\"text-align: center;\">Kategorie:\u00a0<strong>t\u011b\u017ek\u00fd tug towing<\/strong><\/p>\n<p style=\"text-align: center;\">Celkov\u00fdm v\u00edt\u011bzem t\u00e9to kategorie se stal t\u00fdm<\/p>\n<p style=\"text-align: center;\"><img loading=\"lazy\" decoding=\"async\" src=\"https:\/\/www.tugtowing.cz\/wp-content\/uploads\/default\/poharobrazek.jpg\" alt=\"poharobrazek\" width=\"73\" height=\"91\" \/><\/p>\n<p style=\"text-align: center;\"><strong>AC\/DC<\/strong><\/p>\n<p style=\"text-align: center;\">remork\u00e9ry: Sysifos, Monako III<br \/>\nkapit\u00e1ni:\u00a0<strong>Lud\u011bk Rais (Lu\u010fa)<\/strong>, <strong>Jaroslav Va\u0161keba<\/strong> (<strong>Keba)<\/strong><\/p>\n<p style=\"text-align: center;\">2.m\u00edsto: t\u00fdm TF 323<br \/>\n3.m\u00edsto: Otazn\u00edk<\/p>\n<h3 style=\"text-align: center;\">V\u0161em v\u00edt\u011bz\u016fm srde\u010dn\u011b blahop\u0159ejeme!<\/h3>\n<p><a title=\"Pravidla TTC 2015\" href=\"https:\/\/www.tugtowing.cz\/?page_id=5860\">Pravidla TTC 2015<\/a><\/p>\n<p><img decoding=\"async\" class=\"ngg-singlepic ngg-none\" src=\"https:\/\/www.tugtowing.cz\/wp-content\/uploads\/loga\/logottc2015.png\" alt=\"logottc2015\" \/><\/p>\n<p>Logo Tug Towing Cup 2015<\/p>\n<p><strong>Sout\u011b\u017en\u00ed setk\u00e1n\u00ed zapo\u010d\u00edt\u00e1van\u00e1 do poh\u00e1ru<\/strong><\/p>\n<p>21.02.2015 \u2013 22.02.2015 \u2013\u00a0<a title=\"Zimn\u00ed Tug towing\" href=\"https:\/\/www.tugtowing.cz\/?page_id=5949\"><strong>Zimn\u00ed Tug Towing<\/strong><\/a>, Most\u00a0(m\u00edsto, term\u00edn a ubytov\u00e1n\u00ed potvrzeno v penzionu Poh\u00e1dka)<br \/>\n22.05.2015 \u2013 24.05.2015 \u2013\u00a0<a title=\"V\u00edkend s tug towingem\" href=\"https:\/\/www.tugtowing.cz\/?page_id=5951\"><strong>V\u00edkend s Tug Towingem<\/strong><\/a>, Jind\u0159ich\u016fv Hradec \u00a0 (m\u00edsto, term\u00edn a ubytov\u00e1n\u00ed potvrzeno v penzionu Manypeny)<br \/>\n12.06.2015 \u2013 14.06.2015 \u2013\u00a0<strong><a title=\"10 let TT v \u010cR\" href=\"https:\/\/www.tugtowing.cz\/?page_id=5953\">Tug Towing v Protivanov\u011b<\/a>\u00a0a <a title=\"10 let TT v \u010cR\" href=\"https:\/\/www.tugtowing.cz\/?page_id=5624\">oslavy 10. v\u00fdro\u010d\u00ed TT v \u010cR<\/a><\/strong>, Protivanov (term\u00edn a ubytov\u00e1n\u00ed potvrzeno v RS Protivanov)<br \/>\n11.09.2015 \u2013 13.09.2015 \u2013\u00a0<a title=\"O soudek panist\u00e1vky\" href=\"https:\/\/www.tugtowing.cz\/?page_id=5955\"><strong>O soudek Panist\u00e1vky<\/strong><\/a>, \u017dirovnice (term\u00edn a ubytov\u00e1n\u00ed potvrzeno v ATC Panist\u00e1vka)<\/p>\n<p>[nggallery id=13]<\/p>\n","protected":false},"excerpt":{"rendered":"<p>Tug Towing Cup je seri\u00e1l vybran\u00fdch sout\u011b\u017en\u00edch setk\u00e1n\u00ed v tug towingu. V\u00fdsledky t\u011bchto sout\u011b\u017en\u00edch setk\u00e1n\u00ed se zapo\u010d\u00edt\u00e1vaj\u00ed do tzv.\u00a0\u201epoh\u00e1ru\u201c. T\u00fdm, kter\u00fd z t\u011bchto sout\u011b\u017e\u00ed z\u00edsk\u00e1 nejv\u00edce bod\u016f, z\u00edsk\u00e1v\u00e1 presti\u017en\u00ed titul\u00a0\u201e\u0161ampiona v Tug Towingu\u201c\u00a0a putovn\u00ed poh\u00e1r. V\u00ddSLEDKY Kategorie:\u00a0tla\u010dn\u00e9 remork\u00e9ry \u2013 jedno\u0161roub\u00e9 Celkov\u00fdm v\u00edt\u011bzem t\u00e9to kategorie se stal t\u00fdm 323 tla\u010dn\u00e1 remork\u00e9r: \u010cerven\u00fd trpasl\u00edk kapit\u00e1n: Lud\u011bk Rais [&hellip;]<\/p>\n","protected":false},"author":2,"featured_media":0,"parent":2,"menu_order":27,"comment_status":"open","ping_status":"closed","template":"","meta":{"footnotes":""},"class_list":["post-5899","page","type-page","status-publish","hentry"],"_links":{"self":[{"href":"https:\/\/www.tugtowing.cz\/index.php?rest_route=\/wp\/v2\/pages\/5899","targetHints":{"allow":["GET"]}}],"collection":[{"href":"https:\/\/www.tugtowing.cz\/index.php?rest_route=\/wp\/v2\/pages"}],"about":[{"href":"https:\/\/www.tugtowing.cz\/index.php?rest_route=\/wp\/v2\/types\/page"}],"author":[{"embeddable":true,"href":"https:\/\/www.tugtowing.cz\/index.php?rest_route=\/wp\/v2\/users\/2"}],"replies":[{"embeddable":true,"href":"https:\/\/www.tugtowing.cz\/index.php?rest_route=%2Fwp%2Fv2%2Fcomments&post=5899"}],"version-history":[{"count":0,"href":"https:\/\/www.tugtowing.cz\/index.php?rest_route=\/wp\/v2\/pages\/5899\/revisions"}],"up":[{"embeddable":true,"href":"https:\/\/www.tugtowing.cz\/index.php?rest_route=\/wp\/v2\/pages\/2"}],"wp:attachment":[{"href":"https:\/\/www.tugtowing.cz\/index.php?rest_route=%2Fwp%2Fv2%2Fmedia&parent=5899"}],"curies":[{"name":"wp","href":"https:\/\/api.w.org\/{rel}","templated":true}]}}