{"id":5949,"date":"2015-01-07T17:27:17","date_gmt":"2015-01-07T16:27:17","guid":{"rendered":"http:\/\/www.tugtowing.cz\/?page_id=5949"},"modified":"2015-03-18T09:27:00","modified_gmt":"2015-03-18T08:27:00","slug":"zimni-tug-towing-v-moste","status":"publish","type":"page","link":"https:\/\/www.tugtowing.cz\/?page_id=5949","title":{"rendered":"Zimn\u00ed tug towing v Most\u011b"},"content":{"rendered":"<p style=\"text-align: center;\"><img loading=\"lazy\" decoding=\"async\" class=\"ngg-singlepic ngg-center aligncenter\" alt=\"banZimniTTMost2015\" src=\"https:\/\/www.tugtowing.cz\/wp-content\/uploads\/bannery\/banZimniTTMost2015.png\" width=\"468\" height=\"60\" \/><\/p>\n<p style=\"text-align: center;\"><a title=\"Propozice\" href=\"https:\/\/www.tugtowing.cz\/?p=5963\">Propozice<\/a><\/p>\n<p style=\"text-align: center;\"><a title=\"Pl\u00e1nky trat\u00ed\" href=\"https:\/\/www.tugtowing.cz\/?p=6179\">Pl\u00e1nky trat\u00ed<\/a><\/p>\n<p style=\"text-align: center;\"><a title=\"Anketa je v report\u00e1\u017ei\" href=\"https:\/\/www.tugtowing.cz\/?p=6456\">Anketa<\/a><\/p>\n<p style=\"text-align: center;\"><a title=\"Report\u00e1\u017e\" href=\"https:\/\/www.tugtowing.cz\/?p=6456\">Report\u00e1\u017e<\/a><\/p>\n<p style=\"text-align: center;\">Foto<\/p>\n<p style=\"text-align: center;\"><a title=\"V\u00fdsledky\" href=\"https:\/\/www.tugtowing.cz\/doc\/Tabulky\/TTC01-2015.htm\" target=\"_blank\">V\u00fdsledky<\/a><\/p>\n<p style=\"text-align: center;\"><a title=\"Video\" href=\" https:\/\/www.tugtowing.cz\/?p=6501\">Video<\/a><\/p>\n<p style=\"text-align: center;\">Z\u00e1pisy j\u00edzd: <a title=\"Z\u00e1pisy j\u00edzd LTT\" href=\"https:\/\/www.tugtowing.cz\/doc\/TTC2015\/TTC01-LTT.rar\">LTT<\/a>, <a title=\"Z\u00e1pisy j\u00edzd TTT\" href=\"https:\/\/www.tugtowing.cz\/doc\/TTC2015\/TTC01-TTT.rar\">TTT<\/a>, <a title=\"Z\u00e1pisy j\u00edzd TR1\" href=\"https:\/\/www.tugtowing.cz\/doc\/TTC2015\/TTC01-TR1.rar\">TR1<\/a>, <a title=\"Z\u00e1pisy j\u00edzd TR2\" href=\"https:\/\/www.tugtowing.cz\/doc\/TTC2015\/TTC01-TR2.rar\">TR2<\/a>, <a title=\"Startovn\u00ed a v\u00fdsledkov\u00e1 listina\" href=\"https:\/\/www.tugtowing.cz\/doc\/TTC2015\/TTC01.rar\">TTC01<\/a><\/p>\n","protected":false},"excerpt":{"rendered":"<p>Propozice Pl\u00e1nky trat\u00ed Anketa Report\u00e1\u017e Foto V\u00fdsledky Video Z\u00e1pisy j\u00edzd: LTT, TTT, TR1, TR2, TTC01<\/p>\n","protected":false},"author":2,"featured_media":0,"parent":5899,"menu_order":2,"comment_status":"closed","ping_status":"closed","template":"","meta":{"footnotes":""},"class_list":["post-5949","page","type-page","status-publish","hentry"],"_links":{"self":[{"href":"https:\/\/www.tugtowing.cz\/index.php?rest_route=\/wp\/v2\/pages\/5949","targetHints":{"allow":["GET"]}}],"collection":[{"href":"https:\/\/www.tugtowing.cz\/index.php?rest_route=\/wp\/v2\/pages"}],"about":[{"href":"https:\/\/www.tugtowing.cz\/index.php?rest_route=\/wp\/v2\/types\/page"}],"author":[{"embeddable":true,"href":"https:\/\/www.tugtowing.cz\/index.php?rest_route=\/wp\/v2\/users\/2"}],"replies":[{"embeddable":true,"href":"https:\/\/www.tugtowing.cz\/index.php?rest_route=%2Fwp%2Fv2%2Fcomments&post=5949"}],"version-history":[{"count":0,"href":"https:\/\/www.tugtowing.cz\/index.php?rest_route=\/wp\/v2\/pages\/5949\/revisions"}],"up":[{"embeddable":true,"href":"https:\/\/www.tugtowing.cz\/index.php?rest_route=\/wp\/v2\/pages\/5899"}],"wp:attachment":[{"href":"https:\/\/www.tugtowing.cz\/index.php?rest_route=%2Fwp%2Fv2%2Fmedia&parent=5949"}],"curies":[{"name":"wp","href":"https:\/\/api.w.org\/{rel}","templated":true}]}}