{"id":5951,"date":"2015-01-07T17:27:47","date_gmt":"2015-01-07T16:27:47","guid":{"rendered":"http:\/\/www.tugtowing.cz\/?page_id=5951"},"modified":"2015-06-03T07:49:57","modified_gmt":"2015-06-03T06:49:57","slug":"vikend-s-tug-towingem-jindrichuv-hradec","status":"publish","type":"page","link":"https:\/\/www.tugtowing.cz\/?page_id=5951","title":{"rendered":"V\u00edkend s tug towingem &#8211; Jind\u0159ich\u016fv Hradec"},"content":{"rendered":"<p style=\"text-align: center;\"><img decoding=\"async\" class=\"ngg-singlepic ngg-center\" src=\"https:\/\/www.tugtowing.cz\/wp-content\/uploads\/bannery\/ban_VikendTT2015.png\" alt=\"ban_VikendTT2015\" \/><\/p>\n<p style=\"text-align: center;\"><a title=\"Propozice\" href=\"https:\/\/www.tugtowing.cz\/?p=6566\">Propozice<\/a><\/p>\n<p style=\"text-align: center;\"><a href=\"https:\/\/www.tugtowing.cz\/?p=6650\">Pl\u00e1nky trat\u00ed<\/a><\/p>\n<p style=\"text-align: center;\">Anketa<\/p>\n<p style=\"text-align: center;\"><a href=\"https:\/\/www.tugtowing.cz\/doc\/Tabulky\/TTC02-2015.htm\" target=\"_blank\">V\u00fdsledky<\/a><\/p>\n<p style=\"text-align: center;\"><a href=\"https:\/\/www.tugtowing.cz\/?p=6793\">Report\u00e1\u017e<\/a><\/p>\n<p style=\"text-align: center;\"><a href=\"https:\/\/www.tugtowing.cz\/?page_id=446#TT02\">Foto<\/a><\/p>\n<p style=\"text-align: center;\"><a href=\"https:\/\/www.tugtowing.cz\/?page_id=457#TT02\">Video<\/a><\/p>\n<p style=\"text-align: center;\">Z\u00e1pisy j\u00edzd: <a href=\"https:\/\/www.tugtowing.cz\/doc\/TTC2015\/TTC02-LTT.zip\">LTT<\/a>, <a href=\"https:\/\/www.tugtowing.cz\/doc\/TTC2015\/TTC02-TTT.zip\">TTT<\/a>, <a href=\"https:\/\/www.tugtowing.cz\/doc\/TTC2015\/TTC02-TR1.zip\">TR1<\/a>, <a href=\"https:\/\/www.tugtowing.cz\/doc\/TTC2015\/TTC02-TR2.zip\">TR2<\/a>, <a href=\"https:\/\/www.tugtowing.cz\/doc\/TTC2015\/TTC02.zip\">TTC02<\/a><\/p>\n","protected":false},"excerpt":{"rendered":"<p>Propozice Pl\u00e1nky trat\u00ed Anketa V\u00fdsledky Report\u00e1\u017e Foto Video Z\u00e1pisy j\u00edzd: LTT, TTT, TR1, TR2, TTC02<\/p>\n","protected":false},"author":2,"featured_media":0,"parent":5899,"menu_order":4,"comment_status":"closed","ping_status":"closed","template":"","meta":{"footnotes":""},"class_list":["post-5951","page","type-page","status-publish","hentry"],"_links":{"self":[{"href":"https:\/\/www.tugtowing.cz\/index.php?rest_route=\/wp\/v2\/pages\/5951","targetHints":{"allow":["GET"]}}],"collection":[{"href":"https:\/\/www.tugtowing.cz\/index.php?rest_route=\/wp\/v2\/pages"}],"about":[{"href":"https:\/\/www.tugtowing.cz\/index.php?rest_route=\/wp\/v2\/types\/page"}],"author":[{"embeddable":true,"href":"https:\/\/www.tugtowing.cz\/index.php?rest_route=\/wp\/v2\/users\/2"}],"replies":[{"embeddable":true,"href":"https:\/\/www.tugtowing.cz\/index.php?rest_route=%2Fwp%2Fv2%2Fcomments&post=5951"}],"version-history":[{"count":0,"href":"https:\/\/www.tugtowing.cz\/index.php?rest_route=\/wp\/v2\/pages\/5951\/revisions"}],"up":[{"embeddable":true,"href":"https:\/\/www.tugtowing.cz\/index.php?rest_route=\/wp\/v2\/pages\/5899"}],"wp:attachment":[{"href":"https:\/\/www.tugtowing.cz\/index.php?rest_route=%2Fwp%2Fv2%2Fmedia&parent=5951"}],"curies":[{"name":"wp","href":"https:\/\/api.w.org\/{rel}","templated":true}]}}