{"id":5953,"date":"2015-01-07T17:28:38","date_gmt":"2015-01-07T16:28:38","guid":{"rendered":"http:\/\/www.tugtowing.cz\/?page_id=5953"},"modified":"2015-08-08T20:01:13","modified_gmt":"2015-08-08T19:01:13","slug":"tug-towing-v-protivanove","status":"publish","type":"page","link":"https:\/\/www.tugtowing.cz\/?page_id=5953","title":{"rendered":"Tug towing v Protivanov\u011b"},"content":{"rendered":"<p style=\"text-align: center;\"><img decoding=\"async\" class=\"ngg-singlepic ngg-center aligncenter\" src=\"https:\/\/www.tugtowing.cz\/wp-content\/uploads\/bannery\/banProtivanov10let.png\" alt=\"banProtivanov10let\" \/><\/p>\n<p style=\"text-align: center;\"><a href=\"https:\/\/www.tugtowing.cz\/?p=6724\">Propozice<\/a><\/p>\n<p style=\"text-align: center;\"><a href=\"https:\/\/www.tugtowing.cz\/?p=6822\">Pl\u00e1nky trat\u00ed<\/a><\/p>\n<p style=\"text-align: center;\"><a href=\"https:\/\/www.tugtowing.cz\/?p=6834\">Anketa<\/a><\/p>\n<p style=\"text-align: center;\"><a href=\"https:\/\/www.tugtowing.cz\/doc\/Tabulky\/TTC03-2015.htm\" target=\"_blank\">V\u00fdsledky<\/a><\/p>\n<p style=\"text-align: center;\"><a href=\"https:\/\/www.tugtowing.cz\/?p=6852\">Report\u00e1\u017e<\/a><\/p>\n<p style=\"text-align: center;\">Foto<\/p>\n<p style=\"text-align: center;\">Video<\/p>\n<p style=\"text-align: center;\">Z\u00e1pisy j\u00edzd: <a href=\"https:\/\/www.tugtowing.cz\/doc\/TTC2015\/TTC03-LTT.zip\" target=\"_blank\">LTT<\/a>, <a href=\"https:\/\/www.tugtowing.cz\/doc\/TTC2015\/TTC03-TTT.zip\" target=\"_blank\">TTT<\/a>, <a href=\"https:\/\/www.tugtowing.cz\/doc\/TTC2015\/TTC03-TR1.zip\" target=\"_blank\">TR1<\/a>, <a href=\"https:\/\/www.tugtowing.cz\/doc\/TTC2015\/TTC03-TR2.zip\" target=\"_blank\">TR2<\/a>, <a href=\"https:\/\/www.tugtowing.cz\/doc\/TTC2015\/TTC03.zip\" target=\"_blank\">TTC03<\/a><\/p>\n","protected":false},"excerpt":{"rendered":"<p>Propozice Pl\u00e1nky trat\u00ed Anketa V\u00fdsledky Report\u00e1\u017e Foto Video Z\u00e1pisy j\u00edzd: LTT, TTT, TR1, TR2, TTC03<\/p>\n","protected":false},"author":2,"featured_media":0,"parent":5899,"menu_order":6,"comment_status":"closed","ping_status":"closed","template":"","meta":{"footnotes":""},"class_list":["post-5953","page","type-page","status-publish","hentry"],"_links":{"self":[{"href":"https:\/\/www.tugtowing.cz\/index.php?rest_route=\/wp\/v2\/pages\/5953","targetHints":{"allow":["GET"]}}],"collection":[{"href":"https:\/\/www.tugtowing.cz\/index.php?rest_route=\/wp\/v2\/pages"}],"about":[{"href":"https:\/\/www.tugtowing.cz\/index.php?rest_route=\/wp\/v2\/types\/page"}],"author":[{"embeddable":true,"href":"https:\/\/www.tugtowing.cz\/index.php?rest_route=\/wp\/v2\/users\/2"}],"replies":[{"embeddable":true,"href":"https:\/\/www.tugtowing.cz\/index.php?rest_route=%2Fwp%2Fv2%2Fcomments&post=5953"}],"version-history":[{"count":0,"href":"https:\/\/www.tugtowing.cz\/index.php?rest_route=\/wp\/v2\/pages\/5953\/revisions"}],"up":[{"embeddable":true,"href":"https:\/\/www.tugtowing.cz\/index.php?rest_route=\/wp\/v2\/pages\/5899"}],"wp:attachment":[{"href":"https:\/\/www.tugtowing.cz\/index.php?rest_route=%2Fwp%2Fv2%2Fmedia&parent=5953"}],"curies":[{"name":"wp","href":"https:\/\/api.w.org\/{rel}","templated":true}]}}