{"id":6012,"date":"2015-01-10T17:58:46","date_gmt":"2015-01-10T16:58:46","guid":{"rendered":"http:\/\/www.tugtowing.cz\/?page_id=6012"},"modified":"2023-01-29T17:14:43","modified_gmt":"2023-01-29T16:14:43","slug":"vyuctovani-roku-2014","status":"publish","type":"page","link":"https:\/\/www.tugtowing.cz\/?page_id=6012","title":{"rendered":"Vy\u00fa\u010dtov\u00e1n\u00ed roku 2014"},"content":{"rendered":"<div>Klub NAMOLO o.s. kon\u010d\u00ed k\u00a0<strong>31.12.2014<\/strong>\u00a0se ztr\u00e1tou\u00a0<strong><span style=\"color: #ff0000;\">611,00<\/span> K\u010d<\/strong>.<\/div>\n<div><strong>P\u0159\u00edjmy<\/strong>\u00a0byly\u00a0<span style=\"color: #008000;\"><strong>27.940,00<\/strong><\/span>\u00a0 K\u010d.<\/div>\n<div><strong>V\u00fddaje<\/strong>\u00a0(\u00fa\u010dtovan\u00e9)<span style=\"color: #ff0000;\">\u00a0<\/span><strong><span style=\"color: #ff0000;\">28.551,00<\/span>\u00a0<\/strong>K\u010d.<\/div>\n<div><strong>Pokladna<\/strong>\u00a0m\u00e1 kone\u010dn\u00fd z\u016fstatek k 31.12.2014:<strong>\u00a00,00<\/strong>\u00a0K\u010d.<br \/>\nBankovn\u00ed \u00fa\u010det\u00a0<strong>Air bank<\/strong>\u00a0m\u00e1 kone\u010dn\u00fd z\u016fstatek k 31.12.2014:\u00a0<strong><span style=\"color: #008000;\">13.368,00<\/span>\u00a0<\/strong>K\u010d<\/div>\n<div>V roce\u00a0<strong>2014<\/strong>\u00a0byly \u00fa\u010detn\u011b tyto akce:<\/div>\n<div><strong>Most:<\/strong><\/div>\n<div>n\u00e1klady: 0,-<\/div>\n<div>vybr\u00e1no: 0,-<\/div>\n<div>ztr\u00e1ta: 0,-<\/div>\n<div><strong>Protivanov:<\/strong><\/div>\n<div>n\u00e1klady: 0,-<\/div>\n<div>vybr\u00e1no: 0,-<\/div>\n<div>zisk : 0,-<\/div>\n<div><strong>Jind\u0159ich\u016fv Hradec:<\/strong><\/div>\n<div>n\u00e1klady: 0,-<\/div>\n<div>vybr\u00e1no: 0,-<\/div>\n<div>ztr\u00e1ta : 0,-<\/div>\n<div><strong>Panist\u00e1vka:<\/strong><\/div>\n<div>n\u00e1klady: 0,-<\/div>\n<div>vybr\u00e1no: 0,-<\/div>\n<div>ztr\u00e1ta: 0,-<\/div>\n<div><\/div>\n<div>Vybran\u00e9 startovn\u00e9 bez \u010dlensk\u00fdch p\u0159\u00edsp\u011bvk\u016f: <span style=\"color: #008000;\">9.340,-<\/span> K\u010d<br \/>\n\u010clensk\u00e9 p\u0159\u00edsp\u011bvky: <span style=\"color: #008000;\">18.000,-<\/span>K\u010d<\/div>\n<div><\/div>\n<div>V roce<strong>\u00a02015<\/strong>\u00a0o\u010dek\u00e1v\u00e1me po zaplacen\u00ed \u010dlensk\u00fdch p\u0159\u00edsp\u011bvk\u016f 18.000,-K\u010d n\u00e1r\u016fst na bankovn\u00ed \u00fa\u010det \u2013 1200,-K\u010d (bankovn\u00ed poplatky).<\/div>\n<div><\/div>\n<div><strong>Nejbli\u017e\u0161\u00ed p\u0159edpokl\u00e1dan\u00e9 n\u00e1klady:<\/strong><\/div>\n<ul>\n<li>V \u00fanoru budeme platit baz\u00e9n v Most\u011b, v lo\u0148sk\u00e9m roce to bylo cca <span style=\"color: #ff0000;\">8 000,-<\/span> K\u010d. O\u010dek\u00e1v\u00e1me v\u00fdb\u011br na startovn\u00e9m <span style=\"color: #008000;\">3000,-<\/span> K\u010d (pron\u00e1jem baz\u00e9nu budeme dopl\u00e1cet z klubov\u00fdch zdroj\u016f).<\/li>\n<li>Pron\u00e1jem plov\u00e1rny v Jind\u0159ichov\u011b Hradci cca <span style=\"color: #ff0000;\">1 200,-<\/span>K\u010d.<\/li>\n<li>Pron\u00e1jem skladovac\u00edch prostor v obci Velk\u00e1 Le\u010dice <span style=\"color: #ff0000;\">1 200,-<\/span>K\u010d.<\/li>\n<li>N\u00e1kup materi\u00e1lu na \u00fadr\u017ebu vlek\u016f pro tug towing cca<span style=\"color: #ff0000;\"> 1 000,-<\/span> K\u010d.<\/li>\n<li>N\u00e1kup materi\u00e1lu na stavbu trat\u011b cca <span style=\"color: #ff0000;\">1000,-<\/span>K\u010d.<\/li>\n<li>N\u00e1kup cen pro v\u00edt\u011bze v jednotliv\u00fdch kategori\u00edch cca<span style=\"color: #ff0000;\"> 5 000,-<\/span> K\u010d.<\/li>\n<\/ul>\n<p><img decoding=\"async\" alt=\"icopdf\" src=\"https:\/\/www.tugtowing.cz\/wp-content\/uploads\/icons\/icopdf.gif\" \/>\u00a0Dokument: <a title=\"podle p\u0159edkontac\u00ed\" href=\"https:\/\/www.tugtowing.cz\/doc\/KlubNAMOLO\/KlubNAMOLO-PrijmyVydajePodlePredkontaci-2014.pdf\" target=\"_blank\" rel=\"noopener\">P\u0159\u00edjmy a v\u00fddaje dle p\u0159edkontace 2014<\/a><\/p>\n<p><img decoding=\"async\" alt=\"icoexcel\" src=\"https:\/\/www.tugtowing.cz\/wp-content\/uploads\/icons\/icoexcel.gif\" \/>\u00a0Dokument:\u00a0Hospoda\u0159en\u00ed 2014<\/p>\n<div>Zpr\u00e1vu dne 8.1.2015 sestavila Monika Va\u0161kebov\u00e1<br \/>\nZpr\u00e1va aktualizov\u00e1na dne: 8.1.2015<\/div>\n","protected":false},"excerpt":{"rendered":"<p>Klub NAMOLO o.s. kon\u010d\u00ed k\u00a031.12.2014\u00a0se ztr\u00e1tou\u00a0611,00 K\u010d. P\u0159\u00edjmy\u00a0byly\u00a027.940,00\u00a0 K\u010d. V\u00fddaje\u00a0(\u00fa\u010dtovan\u00e9)\u00a028.551,00\u00a0K\u010d. Pokladna\u00a0m\u00e1 kone\u010dn\u00fd z\u016fstatek k 31.12.2014:\u00a00,00\u00a0K\u010d. Bankovn\u00ed \u00fa\u010det\u00a0Air bank\u00a0m\u00e1 kone\u010dn\u00fd z\u016fstatek k 31.12.2014:\u00a013.368,00\u00a0K\u010d V roce\u00a02014\u00a0byly \u00fa\u010detn\u011b tyto akce: Most: n\u00e1klady: 0,- vybr\u00e1no: 0,- ztr\u00e1ta: 0,- Protivanov: n\u00e1klady: 0,- vybr\u00e1no: 0,- zisk : 0,- Jind\u0159ich\u016fv Hradec: n\u00e1klady: 0,- vybr\u00e1no: 0,- ztr\u00e1ta : 0,- Panist\u00e1vka: n\u00e1klady: 0,- vybr\u00e1no: [&hellip;]<\/p>\n","protected":false},"author":2,"featured_media":0,"parent":52,"menu_order":54,"comment_status":"open","ping_status":"closed","template":"","meta":{"footnotes":""},"class_list":["post-6012","page","type-page","status-publish","hentry"],"_links":{"self":[{"href":"https:\/\/www.tugtowing.cz\/index.php?rest_route=\/wp\/v2\/pages\/6012","targetHints":{"allow":["GET"]}}],"collection":[{"href":"https:\/\/www.tugtowing.cz\/index.php?rest_route=\/wp\/v2\/pages"}],"about":[{"href":"https:\/\/www.tugtowing.cz\/index.php?rest_route=\/wp\/v2\/types\/page"}],"author":[{"embeddable":true,"href":"https:\/\/www.tugtowing.cz\/index.php?rest_route=\/wp\/v2\/users\/2"}],"replies":[{"embeddable":true,"href":"https:\/\/www.tugtowing.cz\/index.php?rest_route=%2Fwp%2Fv2%2Fcomments&post=6012"}],"version-history":[{"count":1,"href":"https:\/\/www.tugtowing.cz\/index.php?rest_route=\/wp\/v2\/pages\/6012\/revisions"}],"predecessor-version":[{"id":10844,"href":"https:\/\/www.tugtowing.cz\/index.php?rest_route=\/wp\/v2\/pages\/6012\/revisions\/10844"}],"up":[{"embeddable":true,"href":"https:\/\/www.tugtowing.cz\/index.php?rest_route=\/wp\/v2\/pages\/52"}],"wp:attachment":[{"href":"https:\/\/www.tugtowing.cz\/index.php?rest_route=%2Fwp%2Fv2%2Fmedia&parent=6012"}],"curies":[{"name":"wp","href":"https:\/\/api.w.org\/{rel}","templated":true}]}}