{"id":6023,"date":"2015-01-10T19:09:15","date_gmt":"2015-01-10T18:09:15","guid":{"rendered":"http:\/\/www.tugtowing.cz\/?page_id=6023"},"modified":"2023-01-29T16:54:12","modified_gmt":"2023-01-29T15:54:12","slug":"zapis-z-clenske-zchuze-dne-13-9-2014","status":"publish","type":"page","link":"https:\/\/www.tugtowing.cz\/?page_id=6023","title":{"rendered":"Z\u00e1pis z \u010dlensk\u00e9 sch\u016fze 2014"},"content":{"rendered":"<p>Z\u00e1pis z \u010dlensk\u00e9 sch\u016fze Klubu NAMOLO! o.s.<\/p>\n<p>Na z\u00e1klad\u011b schv\u00e1len\u00fdch stanov ob\u010dansk\u00e9ho sdru\u017een\u00ed&nbsp;<a title=\"Klub NAMOLO!\" href=\"https:\/\/www.tugtowing.cz\/?page_id=52\">Klub NAMOLO! o.s.<\/a>&nbsp; byla na&nbsp;<strong>13.z\u00e1\u0159\u00ed 2014<\/strong>&nbsp;svol\u00e1na \u010dtvrt\u00e1, \u010dlensk\u00e1 sch\u016fze, kter\u00e1 se konala od 20.00 v ATC Panist\u00e1vka \u2013 \u017dirovnice.<\/p>\n<p><strong>Prvn\u00edm bodem<\/strong>&nbsp;jedn\u00e1n\u00ed byla zpr\u00e1va o \u010dinnosti a ekonomick\u00e9 situaci&nbsp;<a title=\"Klub NAMOLO!\" href=\"https:\/\/www.tugtowing.cz\/?page_id=52\">Klubu NAMOLO! o.s.<\/a>&nbsp;Klub NAMOLO!.<\/p>\n<p><em>(p\u0159ednesla p\u0159edsedkyn\u011b sdru\u017een\u00ed Monika Va\u0161kebov\u00e1)<\/em><\/p>\n<p><strong>Druh\u00fd bod<\/strong> &#8211; p\u0159\u00edtomn\u00ed \u010dlenov\u00e9 se radili, jak v&nbsp;roce&nbsp;<strong>2015<\/strong>&nbsp;pokra\u010dovat v&nbsp;po\u0159\u00e1d\u00e1n\u00ed sout\u011b\u017e\u00ed a pr\u016fb\u011bhu oslav 10. v\u00fdro\u010d\u00ed tug towingu v \u010cR. V\u0161ichni p\u0159\u00edtomn\u00ed si odsouhlasil pokra\u010dov\u00e1n\u00ed i v&nbsp;roce&nbsp;<strong>2015<\/strong>&nbsp;beze zm\u011bn s t\u00edm, \u017ee budou p\u0159ipravena nov\u00e1 pravidla pro rok 2016.<\/p>\n<p><strong>T\u0159et\u00ed bod<\/strong> &#8211; p\u0159\u00edtomn\u00ed \u010dlenov\u00e9 odhlasovali&nbsp;<strong>v\u00fd\u0161i \u010dlensk\u00fdch p\u0159\u00edsp\u011bvk\u016f<\/strong>&nbsp;na rok&nbsp;<strong>2015<\/strong>&nbsp;ve stejn\u00e9 v\u00fd\u0161i jako v roce&nbsp;<strong>2014<\/strong>, tj.&nbsp;<strong>1.200,-K\u010d<\/strong>&nbsp;za kalend\u00e1\u0159n\u00ed rok.<\/p>\n<p><strong>\u010ctvrt\u00fd bod<\/strong> &#8211; byla diskutov\u00e1na mo\u017enost vyu\u017eit\u00ed finan\u010dn\u00edch prost\u0159edk\u016f pro dal\u0161\u00ed \u010dinnost Klubu NAMOLO! o.s. P\u0159\u00edtomn\u00ed \u010dlenov\u00e9 se usnesli, \u017ee finan\u010dn\u00ed prost\u0159edky budou vyu\u017eity n\u00e1sledovn\u011b:<\/p>\n<ul>\n<li>n\u00e1kup materi\u00e1lu pro lep\u0161\u00ed vybaven\u00ed prost\u0159edky, kter\u00e9 slou\u017e\u00ed pro stavbu sout\u011b\u017en\u00edch trat\u00ed<\/li>\n<li>n\u00e1kup materi\u00e1lu pro vybaven\u00ed rozhod\u010d\u00edch<\/li>\n<li>n\u00e1kup drobn\u00fdch cen pro sout\u011b\u017e\u00edc\u00ed<\/li>\n<li>financov\u00e1n\u00ed pron\u00e1jmu baz\u00e9nu v Most\u011b<\/li>\n<li>financov\u00e1n\u00ed oslav 10. v\u00fdro\u010d\u00ed tug towingu v \u010cR<\/li>\n<li>opravy vybaven\u00ed a vlek\u016f<\/li>\n<\/ul>\n<p><strong>P\u00e1t\u00fdm bodem<\/strong>&nbsp;jedn\u00e1n\u00ed byl v\u00fdb\u011br m\u00edst, kde se uskute\u010dn\u00ed jednotliv\u00e1 sout\u011b\u017en\u00ed setk\u00e1n\u00ed v roce&nbsp;<strong>2015<\/strong>. P\u0159edb\u011b\u017en\u011b byly odsouhlaseny n\u00e1sleduj\u00edc\u00ed m\u00edsta: Most, Jind\u0159ich\u016fv Hradec, Protivanov a Panist\u00e1vka. M\u00edstem oslav bude Protivanov.<\/p>\n<p><strong>Diskuse<\/strong> &#8211; prob\u011bhla obecn\u00e1 diskuse s p\u0159ipom\u00ednkami a podn\u011bty k po\u0159\u00e1d\u00e1n\u00ed sout\u011b\u017en\u00edch setk\u00e1n\u00ed a dal\u0161\u00ed \u010dinnost ob\u010dansk\u00e9ho sdru\u017een\u00ed, kter\u00e9 se \u00fa\u010dastnili v\u0161ichni p\u0159\u00edtomn\u00ed \u010dlenov\u00e9 klubu a dal\u0161\u00ed sout\u011b\u017e\u00edc\u00ed.<\/p>\n<p><strong>\u010clensk\u00e1 sch\u016fze<\/strong>&nbsp;byla&nbsp;<strong>ukon\u010dena<\/strong>&nbsp;ve&nbsp;<strong>22:00<\/strong>&nbsp;hodin.<\/p>\n<p>P\u0159\u00edtomn\u00ed \u010dlenov\u00e9:<\/p>\n<p>Monika Va\u0161kebov\u00e1<br \/>\nIng. Robert Jurka<br \/>\nJaroslav Jungman<br \/>\nJaroslav Va\u0161keba<br \/>\nJaroslav Dole\u010dek<br \/>\nMarek Sobaniec<br \/>\nMarek Sobaniec ml.<br \/>\nMartin \u0158eh\u016f\u0159ek<\/p>\n<p>Michal Hermann<br \/>\nV\u00edt Jel\u00ednek<br \/>\nJan Jel\u00ednek<br \/>\nTom\u00e1\u0161 Jel\u00ednek<br \/>\nLud\u011bk Rais<br \/>\nJi\u0159\u00ed Loren\u010d\u00edk<\/p>\n<p>Z\u00e1pis provedl dne 13.9.2014 v ATC Panist\u00e1vka<br \/>\nJaroslav Va\u0161keba<\/p>\n","protected":false},"excerpt":{"rendered":"<p>Z\u00e1pis z \u010dlensk\u00e9 sch\u016fze Klubu NAMOLO! o.s. Na z\u00e1klad\u011b schv\u00e1len\u00fdch stanov ob\u010dansk\u00e9ho sdru\u017een\u00ed&nbsp;Klub NAMOLO! o.s.&nbsp; byla na&nbsp;13.z\u00e1\u0159\u00ed 2014&nbsp;svol\u00e1na \u010dtvrt\u00e1, \u010dlensk\u00e1 sch\u016fze, kter\u00e1 se konala od 20.00 v ATC Panist\u00e1vka \u2013 \u017dirovnice. Prvn\u00edm bodem&nbsp;jedn\u00e1n\u00ed byla zpr\u00e1va o \u010dinnosti a ekonomick\u00e9 situaci&nbsp;Klubu NAMOLO! o.s.&nbsp;Klub NAMOLO!. (p\u0159ednesla p\u0159edsedkyn\u011b sdru\u017een\u00ed Monika Va\u0161kebov\u00e1) Druh\u00fd bod &#8211; p\u0159\u00edtomn\u00ed \u010dlenov\u00e9 se radili, [&hellip;]<\/p>\n","protected":false},"author":2,"featured_media":0,"parent":52,"menu_order":9,"comment_status":"open","ping_status":"closed","template":"","meta":{"footnotes":""},"class_list":["post-6023","page","type-page","status-publish","hentry"],"_links":{"self":[{"href":"https:\/\/www.tugtowing.cz\/index.php?rest_route=\/wp\/v2\/pages\/6023","targetHints":{"allow":["GET"]}}],"collection":[{"href":"https:\/\/www.tugtowing.cz\/index.php?rest_route=\/wp\/v2\/pages"}],"about":[{"href":"https:\/\/www.tugtowing.cz\/index.php?rest_route=\/wp\/v2\/types\/page"}],"author":[{"embeddable":true,"href":"https:\/\/www.tugtowing.cz\/index.php?rest_route=\/wp\/v2\/users\/2"}],"replies":[{"embeddable":true,"href":"https:\/\/www.tugtowing.cz\/index.php?rest_route=%2Fwp%2Fv2%2Fcomments&post=6023"}],"version-history":[{"count":1,"href":"https:\/\/www.tugtowing.cz\/index.php?rest_route=\/wp\/v2\/pages\/6023\/revisions"}],"predecessor-version":[{"id":10824,"href":"https:\/\/www.tugtowing.cz\/index.php?rest_route=\/wp\/v2\/pages\/6023\/revisions\/10824"}],"up":[{"embeddable":true,"href":"https:\/\/www.tugtowing.cz\/index.php?rest_route=\/wp\/v2\/pages\/52"}],"wp:attachment":[{"href":"https:\/\/www.tugtowing.cz\/index.php?rest_route=%2Fwp%2Fv2%2Fmedia&parent=6023"}],"curies":[{"name":"wp","href":"https:\/\/api.w.org\/{rel}","templated":true}]}}