{"id":66,"date":"2010-10-19T11:52:53","date_gmt":"2010-10-19T09:52:53","guid":{"rendered":"http:\/\/www.tugtowing.cz\/?page_id=66"},"modified":"2012-12-14T14:36:58","modified_gmt":"2012-12-14T13:36:58","slug":"pravidla-2010","status":"publish","type":"page","link":"https:\/\/www.tugtowing.cz\/?page_id=66","title":{"rendered":"Tug Towing ver. 1.7 (2010)"},"content":{"rendered":"<p>Pravidla ve <strong>veri 1.7<\/strong> jsou platn\u00e1 do <strong>31.12.2010<\/strong>. (<span style=\"color: #ff0000;\">ji\u017e nejsou v platnosti<\/span>)<br \/>\nTato pravidla pro tug towing jsou neofici\u00e1ln\u00ed. Vyd\u00e1v\u00e1 a spravuje je <a title=\"Klub NAMOLO! o.s.\" href=\"https:\/\/www.tugtowing.cz\/?page_id=52\">Klub NAMOLO!<\/a>, konkr\u00e9tn\u011b rozhod\u010d\u00ed, kte\u0159\u00ed jsou uvedeni v <a title=\"Seznam rozhod\u010d\u00edch pro tug towing\" href=\"?page_id=35\" target=\"_self\">seznamu rozhod\u010d\u00edch<\/a>.<\/p>\n<p><img decoding=\"async\" class=\"ngg-singlepic ngg-left\" src=\"https:\/\/www.tugtowing.cz\/wp-content\/uploads\/icons\/icopdf.gif\" alt=\"icopdf\" \/> <a title=\"Pravidla tug towingu ver. 1.7 (2010)\" href=\"doc\/Pravidla\/2010_Pravidla_TT_ver1-7.pdf\" target=\"_blank\">St\u00e1hn\u011bte si dokument<\/a><\/p>\n<p>&nbsp;<\/p>\n","protected":false},"excerpt":{"rendered":"<p>Pravidla ve veri 1.7 jsou platn\u00e1 do 31.12.2010. (ji\u017e nejsou v platnosti) Tato pravidla pro tug towing jsou neofici\u00e1ln\u00ed. Vyd\u00e1v\u00e1 a spravuje je Klub NAMOLO!, konkr\u00e9tn\u011b rozhod\u010d\u00ed, kte\u0159\u00ed jsou uvedeni v seznamu rozhod\u010d\u00edch. St\u00e1hn\u011bte si dokument &nbsp;<\/p>\n","protected":false},"author":2,"featured_media":0,"parent":10,"menu_order":1,"comment_status":"open","ping_status":"closed","template":"","meta":{"footnotes":""},"class_list":["post-66","page","type-page","status-publish","hentry"],"_links":{"self":[{"href":"https:\/\/www.tugtowing.cz\/index.php?rest_route=\/wp\/v2\/pages\/66","targetHints":{"allow":["GET"]}}],"collection":[{"href":"https:\/\/www.tugtowing.cz\/index.php?rest_route=\/wp\/v2\/pages"}],"about":[{"href":"https:\/\/www.tugtowing.cz\/index.php?rest_route=\/wp\/v2\/types\/page"}],"author":[{"embeddable":true,"href":"https:\/\/www.tugtowing.cz\/index.php?rest_route=\/wp\/v2\/users\/2"}],"replies":[{"embeddable":true,"href":"https:\/\/www.tugtowing.cz\/index.php?rest_route=%2Fwp%2Fv2%2Fcomments&post=66"}],"version-history":[{"count":0,"href":"https:\/\/www.tugtowing.cz\/index.php?rest_route=\/wp\/v2\/pages\/66\/revisions"}],"up":[{"embeddable":true,"href":"https:\/\/www.tugtowing.cz\/index.php?rest_route=\/wp\/v2\/pages\/10"}],"wp:attachment":[{"href":"https:\/\/www.tugtowing.cz\/index.php?rest_route=%2Fwp%2Fv2%2Fmedia&parent=66"}],"curies":[{"name":"wp","href":"https:\/\/api.w.org\/{rel}","templated":true}]}}