{"id":700,"date":"2010-11-12T10:23:52","date_gmt":"2010-11-12T08:23:52","guid":{"rendered":"http:\/\/www.tugtowing.cz\/?page_id=700"},"modified":"2010-11-12T10:25:38","modified_gmt":"2010-11-12T08:25:38","slug":"olomocka-vana-2010","status":"publish","type":"page","link":"https:\/\/www.tugtowing.cz\/?page_id=700","title":{"rendered":"Olom\u00f3ck\u00e1 vana 2010"},"content":{"rendered":"<p style=\"text-align: center;\"><a class=\"shutterset_\" title=\"Ilustra\u010dn\u00ed foto pro sout\u011b\u017ee.\" href=\"https:\/\/www.tugtowing.cz\/wp-content\/uploads\/default\/soutez.png\"><img decoding=\"async\" class=\"ngg-singlepic ngg-center\" src=\"https:\/\/www.tugtowing.cz\/wp-content\/uploads\/default\/thumbs\/thumbs_soutez.png\" alt=\"soutez\" \/><\/a><\/p>\n<p style=\"text-align: center;\"><a href=\"http:\/\/www.mo-na-ko.net\/php\/portal\/view.php?cisloclanku=2010060011\" target=\"_blank\">Report\u00e1\u017e<\/a><\/p>\n","protected":false},"excerpt":{"rendered":"<p>Report\u00e1\u017e<\/p>\n","protected":false},"author":2,"featured_media":0,"parent":522,"menu_order":0,"comment_status":"open","ping_status":"open","template":"","meta":{"footnotes":""},"class_list":["post-700","page","type-page","status-publish","hentry"],"_links":{"self":[{"href":"https:\/\/www.tugtowing.cz\/index.php?rest_route=\/wp\/v2\/pages\/700","targetHints":{"allow":["GET"]}}],"collection":[{"href":"https:\/\/www.tugtowing.cz\/index.php?rest_route=\/wp\/v2\/pages"}],"about":[{"href":"https:\/\/www.tugtowing.cz\/index.php?rest_route=\/wp\/v2\/types\/page"}],"author":[{"embeddable":true,"href":"https:\/\/www.tugtowing.cz\/index.php?rest_route=\/wp\/v2\/users\/2"}],"replies":[{"embeddable":true,"href":"https:\/\/www.tugtowing.cz\/index.php?rest_route=%2Fwp%2Fv2%2Fcomments&post=700"}],"version-history":[{"count":0,"href":"https:\/\/www.tugtowing.cz\/index.php?rest_route=\/wp\/v2\/pages\/700\/revisions"}],"up":[{"embeddable":true,"href":"https:\/\/www.tugtowing.cz\/index.php?rest_route=\/wp\/v2\/pages\/522"}],"wp:attachment":[{"href":"https:\/\/www.tugtowing.cz\/index.php?rest_route=%2Fwp%2Fv2%2Fmedia&parent=700"}],"curies":[{"name":"wp","href":"https:\/\/api.w.org\/{rel}","templated":true}]}}