{"id":7556,"date":"2015-12-01T20:47:58","date_gmt":"2015-12-01T19:47:58","guid":{"rendered":"http:\/\/www.tugtowing.cz\/?page_id=7556"},"modified":"2016-09-21T09:28:55","modified_gmt":"2016-09-21T08:28:55","slug":"tug-towing-cup-2016","status":"publish","type":"page","link":"https:\/\/www.tugtowing.cz\/?page_id=7556","title":{"rendered":"Tug Towing Cup 2016"},"content":{"rendered":"<p>Tug Towing Cup je seri\u00e1l vybran\u00fdch regat v tug towingu. V\u00fdsledky t\u011bchto regat se zapo\u010d\u00edt\u00e1vaj\u00ed do tzv.\u00a0<em>\u201epoh\u00e1ru\u201c<\/em>. T\u00fdm, kter\u00fd z t\u011bchto regat z\u00edsk\u00e1 nejv\u00edce bod\u016f, z\u00edsk\u00e1v\u00e1 presti\u017en\u00ed titul\u00a0<strong>\u201e\u0161ampiona v Tug Towingu\u201c<\/strong>\u00a0a putovn\u00ed poh\u00e1r.<\/p>\n<p><a href=\"https:\/\/www.tugtowing.cz\/?page_id=7565\">Pravidla TTC 2016<\/a><\/p>\n<p><img decoding=\"async\" class=\"ngg-singlepic ngg-none aligncenter\" src=\"https:\/\/www.tugtowing.cz\/wp-content\/uploads\/loga\/logottc2016.png\" alt=\"logottc2016\" \/><\/p>\n<p style=\"text-align: center;\"><em>Logo Tug Towing Cup 2016<\/em><\/p>\n<p><strong>Regaty zapo\u010d\u00edt\u00e1van\u00e9 do poh\u00e1ru<\/strong><\/p>\n<p>12.03.2016 \u2013 13.03.2016 \u2013\u00a0<a href=\"https:\/\/www.tugtowing.cz\/?page_id=7593\"><strong>Zimn\u00ed Tug Towing<\/strong><\/a>, Most<br \/>\n20.05.2016 \u2013 22.05.2016 \u2013\u00a0<a href=\"https:\/\/www.tugtowing.cz\/?page_id=7716\"><strong>V\u00edkend s Tug Towingem<\/strong><\/a>, Jind\u0159ich\u016fv Hradec (regata byla zru\u0161ena, viz. <a href=\"https:\/\/www.tugtowing.cz\/?page_id=7748\">N\u00e1hradn\u00ed regata<\/a>)<br \/>\n03.06.2016 \u2013 05.06.2016 \u2013\u00a0<a href=\"https:\/\/www.tugtowing.cz\/?page_id=7776\"><strong>Tug Towing v Protivanov\u011b <\/strong><\/a>, Protivanov<br \/>\n09.09.2016 \u2013 11.09.2016 \u2013<a href=\"https:\/\/www.tugtowing.cz\/?page_id=7808\">\u00a0<strong>O soudek Panist\u00e1vky<\/strong><\/a>, \u017dirovnice<\/p>\n<p style=\"text-align: center;\"><span style=\"color: #ff0000;\"><strong>V\u00fdsledky Tug Towing Cup 2016<\/strong><\/span><\/p>\n<p style=\"text-align: center;\"><a href=\"https:\/\/www.tugtowing.cz\/doc\/Tabulky\/TTC-2016-FINAL.htm\" target=\"_blank\">Tabulka<\/a><\/p>\n<p style=\"text-align: center;\">Kategorie:\u00a0<strong>tla\u010dn\u00e9 remork\u00e9ry \u2013 jedno\u0161roub\u00e9<\/strong><\/p>\n<p style=\"text-align: center;\">Celkov\u00fdm v\u00edt\u011bzem t\u00e9to kategorie se stal t\u00fdm<\/p>\n<p style=\"text-align: center;\"><img loading=\"lazy\" decoding=\"async\" src=\"https:\/\/www.tugtowing.cz\/wp-content\/uploads\/default\/poharobrazek.jpg\" alt=\"poharobrazek\" width=\"73\" height=\"91\" \/><\/p>\n<p style=\"text-align: center;\"><strong>S\u00f3lo<br \/>\n<\/strong><\/p>\n<p style=\"text-align: center;\">remork\u00e9r: Armstrong<br \/>\nkapit\u00e1n: <strong>Jan Dolej\u0161ek<br \/>\n<\/strong><\/p>\n<p style=\"text-align: center;\">2. m\u00edsto: t\u00fdm 323 tla\u010dn\u00e1<br \/>\n3.m\u00edsto: t\u00fdm Tla\u010dmen<\/p>\n<p style=\"text-align: center;\">Kategorie:\u00a0<strong>tla\u010dn\u00e9 remork\u00e9ry -v\u00edce\u0161roub\u00e9<\/strong><\/p>\n<p style=\"text-align: center;\">Celkov\u00fdm v\u00edt\u011bzem t\u00e9to kategorie se stal t\u00fdm<\/p>\n<p style=\"text-align: center;\"><img loading=\"lazy\" decoding=\"async\" src=\"https:\/\/www.tugtowing.cz\/wp-content\/uploads\/default\/poharobrazek.jpg\" alt=\"poharobrazek\" width=\"73\" height=\"91\" \/><\/p>\n<p style=\"text-align: center;\"><strong>Bublina<br \/>\n<\/strong><\/p>\n<p style=\"text-align: center;\">remork\u00e9r: Cval\u00edk<br \/>\nkapit\u00e1n: <strong>Ondra Slav\u00edk<br \/>\n<\/strong><\/p>\n<p style=\"text-align: center;\">2.m\u00edsto: t\u00fdm JaPaDo<br \/>\n3.m\u00edsto: t\u00fdm \u010cSPLO<\/p>\n<p style=\"text-align: center;\">Kategorie:\u00a0<strong>lehk\u00fd tug towing<\/strong><\/p>\n<p style=\"text-align: center;\">Celkov\u00fdm v\u00edt\u011bzem t\u00e9to kategorie se stal t\u00fdm<\/p>\n<p style=\"text-align: center;\"><img loading=\"lazy\" decoding=\"async\" src=\"https:\/\/www.tugtowing.cz\/wp-content\/uploads\/default\/poharobrazek.jpg\" alt=\"poharobrazek\" width=\"73\" height=\"91\" \/><\/p>\n<p style=\"text-align: center;\"><strong>B\u00e9\u010dka<br \/>\n<\/strong><\/p>\n<p style=\"text-align: center;\">remork\u00e9ry: Barracuda, B2<br \/>\nkapit\u00e1ni:<strong> MSOB<\/strong>, <strong>Maro\u0161<\/strong><\/p>\n<p style=\"text-align: center;\">2.m\u00edsto: t\u00fdm Rum\u00edci<br \/>\n3.m\u00edsto: t\u00fdm Love lite<\/p>\n<p style=\"text-align: center;\">Kategorie:\u00a0<strong>t\u011b\u017ek\u00fd tug towing<\/strong><\/p>\n<p style=\"text-align: center;\">Celkov\u00fdm v\u00edt\u011bzem t\u00e9to kategorie se stal t\u00fdm<\/p>\n<p style=\"text-align: center;\"><img loading=\"lazy\" decoding=\"async\" src=\"https:\/\/www.tugtowing.cz\/wp-content\/uploads\/default\/poharobrazek.jpg\" alt=\"poharobrazek\" width=\"73\" height=\"91\" \/><\/p>\n<p style=\"text-align: center;\"><strong>Sr\u0161ni<br \/>\n<\/strong><\/p>\n<p style=\"text-align: center;\">remork\u00e9ry: Fairplay, Salvador Dali<br \/>\nkapit\u00e1ni: <strong>Tom\u00e1\u0161 jel\u00ednek<\/strong>, <strong>V\u00edt jel\u00ednek<\/strong><\/p>\n<p style=\"text-align: center;\">2.m\u00edsto: t\u00fdm Zb\u011bsil\u00fd p\u00e1ky<br \/>\n3.m\u00edsto: AC\/DC<\/p>\n<h3 style=\"text-align: center;\">V\u0161em v\u00edt\u011bz\u016fm srde\u010dn\u011b blahop\u0159ejeme!<\/h3>\n<p>[nggallery id=13]<\/p>\n<p>&nbsp;<\/p>\n<p><span style=\"border-radius: 2px; text-indent: 20px; width: auto; padding: 0px 4px 0px 0px; text-align: center; font: bold 11px\/20px 'Helvetica Neue',Helvetica,sans-serif; color: #ffffff; background: #bd081c no-repeat scroll 3px 50% \/ 14px 14px; position: absolute; opacity: 1; z-index: 8675309; display: none; cursor: pointer;\">Ulo\u017eit<\/span><\/p>\n<p><span style=\"border-radius: 2px; text-indent: 20px; width: auto; padding: 0px 4px 0px 0px; text-align: center; font: bold 11px\/20px 'Helvetica Neue',Helvetica,sans-serif; color: #ffffff; background: #bd081c no-repeat scroll 3px 50% \/ 14px 14px; position: absolute; opacity: 1; z-index: 8675309; display: none; cursor: pointer;\">Ulo\u017eit<\/span><\/p>\n<p><span style=\"border-radius: 2px; text-indent: 20px; width: auto; padding: 0px 4px 0px 0px; text-align: center; font: bold 11px\/20px 'Helvetica Neue',Helvetica,sans-serif; color: #ffffff; background: #bd081c no-repeat scroll 3px 50% \/ 14px 14px; position: absolute; opacity: 1; z-index: 8675309; display: none; cursor: pointer;\">Ulo\u017eit<\/span><\/p>\n<p><span style=\"border-radius: 2px; text-indent: 20px; width: auto; padding: 0px 4px 0px 0px; text-align: center; font: bold 11px\/20px 'Helvetica Neue',Helvetica,sans-serif; color: #ffffff; background: #bd081c no-repeat scroll 3px 50% \/ 14px 14px; position: absolute; opacity: 1; z-index: 8675309; display: none; cursor: pointer;\">Ulo\u017eit<\/span><\/p>\n<p><span style=\"border-radius: 2px; text-indent: 20px; width: auto; padding: 0px 4px 0px 0px; text-align: center; font: bold 11px\/20px 'Helvetica Neue',Helvetica,sans-serif; color: #ffffff; background: #bd081c  no-repeat scroll 3px 50% \/ 14px 14px; position: absolute; opacity: 1; z-index: 8675309; display: none; cursor: pointer;\">Ulo\u017eit<\/span><\/p>\n","protected":false},"excerpt":{"rendered":"<p>Tug Towing Cup je seri\u00e1l vybran\u00fdch regat v tug towingu. V\u00fdsledky t\u011bchto regat se zapo\u010d\u00edt\u00e1vaj\u00ed do tzv.\u00a0\u201epoh\u00e1ru\u201c. T\u00fdm, kter\u00fd z t\u011bchto regat z\u00edsk\u00e1 nejv\u00edce bod\u016f, z\u00edsk\u00e1v\u00e1 presti\u017en\u00ed titul\u00a0\u201e\u0161ampiona v Tug Towingu\u201c\u00a0a putovn\u00ed poh\u00e1r. Pravidla TTC 2016 Logo Tug Towing Cup 2016 Regaty zapo\u010d\u00edt\u00e1van\u00e9 do poh\u00e1ru 12.03.2016 \u2013 13.03.2016 \u2013\u00a0Zimn\u00ed Tug Towing, Most 20.05.2016 \u2013 22.05.2016 [&hellip;]<\/p>\n","protected":false},"author":2,"featured_media":0,"parent":2,"menu_order":31,"comment_status":"closed","ping_status":"closed","template":"","meta":{"footnotes":""},"class_list":["post-7556","page","type-page","status-publish","hentry"],"_links":{"self":[{"href":"https:\/\/www.tugtowing.cz\/index.php?rest_route=\/wp\/v2\/pages\/7556","targetHints":{"allow":["GET"]}}],"collection":[{"href":"https:\/\/www.tugtowing.cz\/index.php?rest_route=\/wp\/v2\/pages"}],"about":[{"href":"https:\/\/www.tugtowing.cz\/index.php?rest_route=\/wp\/v2\/types\/page"}],"author":[{"embeddable":true,"href":"https:\/\/www.tugtowing.cz\/index.php?rest_route=\/wp\/v2\/users\/2"}],"replies":[{"embeddable":true,"href":"https:\/\/www.tugtowing.cz\/index.php?rest_route=%2Fwp%2Fv2%2Fcomments&post=7556"}],"version-history":[{"count":0,"href":"https:\/\/www.tugtowing.cz\/index.php?rest_route=\/wp\/v2\/pages\/7556\/revisions"}],"up":[{"embeddable":true,"href":"https:\/\/www.tugtowing.cz\/index.php?rest_route=\/wp\/v2\/pages\/2"}],"wp:attachment":[{"href":"https:\/\/www.tugtowing.cz\/index.php?rest_route=%2Fwp%2Fv2%2Fmedia&parent=7556"}],"curies":[{"name":"wp","href":"https:\/\/api.w.org\/{rel}","templated":true}]}}