{"id":7565,"date":"2015-12-01T21:39:34","date_gmt":"2015-12-01T20:39:34","guid":{"rendered":"http:\/\/www.tugtowing.cz\/?page_id=7565"},"modified":"2016-09-23T12:20:01","modified_gmt":"2016-09-23T11:20:01","slug":"tug-towing-cup-2016","status":"publish","type":"page","link":"https:\/\/www.tugtowing.cz\/?page_id=7565","title":{"rendered":"Tug Towing Cup 2016"},"content":{"rendered":"<p><img decoding=\"async\" class=\"ngg-singlepic ngg-left alignleft\" src=\"https:\/\/www.tugtowing.cz\/wp-content\/uploads\/loga\/logottc2016.png\" alt=\"logottc2016\" \/>Po\u0159adatel sout\u011b\u017en\u00edch regat v tug towingu &#8211;\u00a0<a title=\"Klub NAMOLO! o.s.\" href=\"https:\/\/www.tugtowing.cz\/?page_id=52\">Klub NAMOLO! o.s.<\/a>, vyhla\u0161uje sout\u011b\u017e o presti\u017en\u00ed poh\u00e1r &#8211; Tug Towing Cup 2016. Pro Tug Touwing Cup 2016 budou platn\u00e1 n\u00e1sleduj\u00edc\u00ed pravidla (platn\u00e1 od 1.3.2016).<\/p>\n<p><strong>Tug Towing Cup 2016<\/strong><\/p>\n<p>je seri\u00e1l sout\u011b\u017en\u00edch regat, na kter\u00fdch sout\u011b\u017e\u00ed dru\u017estva v Tug Towingu. V\u00edt\u011bz seri\u00e1lu bude vyhl\u00e1\u0161en \u0161ampi\u00f3nem v Tug Towingu pro rok 2016. Tento titul m\u00e1 pouze presti\u017en\u00ed hodnotu.<\/p>\n<p><strong>Z\u00e1kladn\u00ed pravidla seri\u00e1lu<\/strong><\/p>\n<ul>\n<li>ka\u017ed\u00e1 zapo\u010d\u00edt\u00e1van\u00e1 regata mus\u00ed prob\u011bhnout podle jednotn\u00fdch a platn\u00fdch pravidel pro cel\u00fd poh\u00e1r<\/li>\n<li>sout\u011b\u017e\u00edc\u00ed se s <a href=\"https:\/\/www.tugtowing.cz\/?page_id=7530\">pravidly pro Tug Towing<\/a> mus\u00ed sezn\u00e1mit, p\u0159\u00edpadn\u00e1 neznalost pravidel sout\u011b\u017e\u00edc\u00edho neomlouv\u00e1<\/li>\n<li>sout\u011b\u017eit se bude ve \u010dty\u0159ech kategori\u00edch:\n<ul>\n<li>lehk\u00fd TT (remork\u00e9ry s m\u011b\u0159enou d\u00e9lkou trupu od 30cm do 100cm)<\/li>\n<li>t\u011b\u017ek\u00fd TT (remork\u00e9ry s m\u011b\u0159enou d\u00e9lkou trupu od 30cm do 100cm)<\/li>\n<li>tla\u010dn\u00e9 remork\u00e9ry jedno\u0161roub\u00e9 (tla\u010dn\u00e9 remork\u00e9ry s m\u011b\u0159enou d\u00e9lkou trupu od 30cm do 100cm)<\/li>\n<li>tla\u010dn\u00e9 remork\u00e9ry dvou\u0161roub\u00e9 (tla\u010dn\u00e9 remork\u00e9ry s m\u011b\u0159enou d\u00e9lkou trupu od 30cm do 100cm)<\/li>\n<\/ul>\n<\/li>\n<li>do poh\u00e1ru bude automaticky za\u0159azeno ka\u017ed\u00e9 dru\u017estvo, kter\u00e9 se \u00fa\u010dastn\u00ed alespo\u0148 jedn\u00e9 zapo\u010d\u00edt\u00e1van\u00e9 regaty<\/li>\n<li>jedno dru\u017estvo m\u016f\u017ee sout\u011b\u017eit ve v\u00edce kategori\u00edch<\/li>\n<li>nen\u00ed povoleno v jedn\u00e9 kategorii vytvo\u0159it v\u00edc, jak jedno sout\u011b\u017en\u00ed dru\u017estvo ve stejn\u00e9m slo\u017een\u00ed<\/li>\n<li>um\u00edst\u011bn\u00ed dru\u017estva je v ka\u017ed\u00e9 regat\u011b bodov\u00e1no zvl\u00e1\u0161\u0165 a v r\u00e1mci kategorie<\/li>\n<li>obsazen\u00ed dru\u017estva (sout\u011b\u017e\u00edc\u00ed i remork\u00e9ry) se m\u016f\u017ee m\u011bnit, ale zm\u011bnou remork\u00e9r\u016f nesm\u00ed doj\u00edt ke zm\u011bn\u011b kategorie, jinak se v\u00fdsledek regaty, kde byl takov\u00fd remork\u00e9r pou\u017eit, nepo\u010d\u00edt\u00e1<\/li>\n<li>stejn\u00fd remork\u00e9r m\u016f\u017ee b\u00fdt pou\u017eit ve v\u00edce dru\u017estvech a v\u00edce kategori\u00edch<\/li>\n<li>jeden sout\u011b\u017e\u00edc\u00ed m\u016f\u017ee b\u00fdt \u010dlenem v\u00edce dru\u017estev<\/li>\n<li>jeden sout\u011b\u017e\u00edc\u00ed m\u016f\u017ee b\u011bhem jedn\u00e9 regaty startovat v jedn\u00e9 sout\u011b\u017en\u00ed kategorii maxim\u00e1ln\u011b dvakr\u00e1t.<\/li>\n<li>dru\u017estvo se nemus\u00ed \u00fa\u010dastnit v\u0161ech regat<\/li>\n<\/ul>\n<p><strong>M\u011b\u0159en\u00ed d\u00e9lky remork\u00e9ru pro ur\u010den\u00ed \u00fa\u010dasti v regat\u011b<br \/>\n<\/strong><\/p>\n<ul>\n<li>m\u011b\u0159\u00ed se maxim\u00e1ln\u00ed d\u00e9lka trupu od z\u00e1d\u011b k p\u0159\u00eddi<\/li>\n<li>m\u011b\u0159\u00ed se maxim\u00e1ln\u00ed \u0161\u00ed\u0159ka trupu<\/li>\n<li>m\u011b\u0159\u00ed se ka\u017ed\u00fd remork\u00e9r, kter\u00fd se regaty \u00fa\u010dastn\u00ed p\u0159ed zah\u00e1jen\u00edm seri\u00e1lu a nebo kdykoliv na pokyn rozhod\u010d\u00edho<\/li>\n<li>sn\u00edmateln\u00e1 tla\u010dn\u00e1 nebo ta\u017en\u00e1 za\u0159\u00edzen\u00ed na remork\u00e9ru mus\u00ed b\u00fdt p\u0159i m\u011b\u0159en\u00ed nasazena, pokud budou pou\u017eita b\u011bhem regaty a maj\u00ed vliv na m\u011b\u0159enou d\u00e9lku nebo \u0161\u00ed\u0159ku trupu.<\/li>\n<li>sn\u00edmateln\u00e9 odra\u017ee\u010de se pro m\u011b\u0159en\u00ed sejmou<\/li>\n<li>p\u0159i regat\u011b nesm\u00ed b\u00fdt remork\u00e9r dopln\u011bn o tla\u010dn\u00e1 nebo ta\u017en\u00e1 za\u0159\u00edzen\u00ed maj\u00edc\u00ed vliv na d\u00e9lku nebo \u0161\u00ed\u0159ku remork\u00e9ru, pokud nebyla instalov\u00e1na p\u0159i m\u011b\u0159en\u00ed<\/li>\n<\/ul>\n<p><strong>Vyhodnocen\u00ed cel\u00e9ho poh\u00e1ru<\/strong><\/p>\n<ul>\n<li>ne\u00fa\u010dast dru\u017estva na regat\u011b se hodnot\u00ed nulov\u00fdm bodov\u00fdm ziskem<\/li>\n<li>jeden nejhor\u0161\u00ed bodov\u00fd zisk se \u0161krt\u00e1<\/li>\n<li>\u0161ampionem se stane dru\u017estvo, kter\u00e9 z\u00edsk\u00e1 nejv\u00edce bod\u016f ze v\u0161ech zapo\u010d\u00edt\u00e1van\u00fdch regat v tug towingu<\/li>\n<li>p\u0159i rovnosti bod\u016f u dvou a v\u00edce dru\u017estev se \u0161ampionem stane dru\u017estvo, kter\u00e9 lep\u0161\u00ed vz\u00e1jemn\u00fd v\u00fdsledek ze v\u0161ech zapo\u010d\u00edt\u00e1van\u00fdch regat v tug towingu<\/li>\n<\/ul>\n<p><strong>Bodov\u00e1n\u00ed<\/strong><\/p>\n<p>Body do poh\u00e1ru se ud\u011bluj\u00ed za celkov\u00e9 um\u00edst\u011bn\u00ed v ka\u017ed\u00e9 regat\u011b a kategorii zvl\u00e1\u0161\u0165.<br \/>\n1. m\u00edsto &#8211; 21 bod\u016f<br \/>\n2. m\u00edsto &#8211; 18 bod\u016f<br \/>\n3. m\u00edsto &#8211; 15 bod\u016f<br \/>\n4. m\u00edsto &#8211; 12 bod\u016f<br \/>\n5. m\u00edsto &#8211; 10 bod\u016f<br \/>\n6. m\u00edsto &#8211; 8 bod\u016f<br \/>\n7. m\u00edsto &#8211; 6 bod\u016f<br \/>\n8. m\u00edsto &#8211; 4 body<br \/>\n9. m\u00edsto &#8211; 2 body<br \/>\n10. m\u00edsto &#8211; 1 bod<br \/>\ndal\u0161\u00ed po\u0159ad\u00ed, dikvalifikace nebo ne\u00fa\u010dast = 0 bod\u016f<\/p>\n<p><strong>Zapo\u010d\u00edt\u00e1van\u00e9 regaty<br \/>\n<\/strong><\/p>\n<p>datum od &#8211; datum do &#8211; n\u00e1zev sout\u011b\u017ee, m\u011bsto<br \/>\n&#8212;&#8212;&#8212;&#8212;&#8212;&#8212;&#8212;&#8212;&#8212;&#8212;&#8212;&#8212;&#8212;&#8212;&#8212;&#8212;&#8212;&#8212;&#8212;-<br \/>\n12.03.2016 &#8211; 13.03.2016 &#8211;\u00a0<a href=\"https:\/\/www.tugtowing.cz\/?page_id=7593\">Zimn\u00ed Tug Towing<\/a>, Most\u00a0(potvrzeno)<br \/>\n20.05.2016 &#8211; 22.05.2016 &#8211;\u00a0<a href=\"https:\/\/www.tugtowing.cz\/?page_id=7716\">V\u00edkend s Tug Towingem<\/a>, Jind\u0159ich\u016fv Hradec (potvrzeno)<br \/>\n03.06.2016 &#8211; 05.06.2016 &#8211;\u00a0<a href=\"https:\/\/www.tugtowing.cz\/?page_id=7776\">Tug Towing v Protivanov\u011b<\/a>, Protivanov (potvrzeno)<br \/>\n09.09.2016 &#8211; 11.09.2016 &#8211;\u00a0<a href=\"https:\/\/www.tugtowing.cz\/?page_id=7808\">O soudek Panist\u00e1vky<\/a>, \u017dirovnice (potvrzeno)<\/p>\n<p>Zm\u011bna m\u00edsta a term\u00ednu je mo\u017en\u00e1.<\/p>\n<p><strong>Po\u0159adatelsk\u00fd servis<\/strong><\/p>\n<p><a title=\"Klub NAMOLO! o.s.\" href=\"https:\/\/www.tugtowing.cz\/?page_id=52\">Klub NAMOLO! o.s.<\/a>\u00a0bude poskytovat servis pro po\u0159adatele regat, kter\u00fd mohou vyu\u017e\u00edt.<\/p>\n<p><strong>1) materi\u00e1l<\/strong><br \/>\nP\u011bt vlek\u016f pro tug towing (lehk\u00fd vlek, t\u011b\u017ek\u00fd vlek, ropn\u00e1 plo\u0161ina, n\u00e1kladn\u00ed vana, plovouc\u00ed je\u0159\u00e1b), kter\u00e9 si m\u016f\u017eete zap\u016fj\u010dit. K tomu jsou d\u00e1le k dispozici, b\u00f3jky, branky, z\u00e1va\u017e\u00ed, p\u0159\u00edstav atd. ke zbudov\u00e1n\u00ed trat\u011b. Dopravu nezaji\u0161\u0165ujeme, ale je mo\u017en\u00e9 si domluvit dovoz v\u011bc\u00ed, pokud n\u011bkdo na sout\u011b\u017e pojede. V p\u0159\u00edpad\u011b z\u00e1jmu o zap\u016fj\u010den\u00ed t\u011bchto v\u011bc\u00ed napi\u0161te na adresu\u00a0<a href=\"mailto:tugtowing@seznam.cz\">tugtowing@seznam.cz<\/a>\u00a0co pot\u0159ebujete a tel. kontakt abychom se mohli podrobn\u011b domluvit.<br \/>\n<a href=\"?page_id=37\" target=\"_self\">Seznam v\u0161ech vlek\u016f<\/a>, kter\u00e9 je mo\u017en\u00e9 pro po\u0159\u00e1d\u00e1n\u00ed sout\u011b\u017ee v tug towingu pou\u017e\u00edt.<\/p>\n<p><strong>2) podklady<\/strong><br \/>\nKe sta\u017een\u00ed jsou p\u0159ipraveny\u00a0z\u00e1pisy j\u00edzd\u00a0a pravidla pro tug towing.<\/p>\n<p><strong>3) rozhod\u010d\u00ed<\/strong><br \/>\nPo\u0159adatel regaty, kter\u00e9 se zapo\u010d\u00edt\u00e1vaj\u00ed do poh\u00e1ru, si rozhod\u010d\u00ed zajist\u00ed s\u00e1m, domluvou s n\u011bkter\u00fdm z\u00a0<a href=\"?page_id=35\" target=\"_self\">delegovan\u00fdch rozhod\u010d\u00edch<\/a>. Rozhod\u010d\u00ed p\u0159ed ka\u017edou regatou maj\u00ed kr\u00e1tkou poradu a ujednot\u00ed si hodnocen\u00ed sout\u011b\u017en\u00ed plavby na postaven\u00e9 trati.<\/p>\n<p><strong>4) informace<\/strong><br \/>\nPropozice k jednotliv\u00fdm regat\u00e1m budou v\u017edy publikov\u00e1ny na str\u00e1nk\u00e1ch\u00a0<strong>Tug Towing CZ<\/strong>\u00a0a zasl\u00e1ny p\u0159ihl\u00e1\u0161en\u00fdm sout\u011b\u017e\u00edc\u00edm elektronickou po\u0161tou. Stejn\u011b tak elektronick\u00e9 p\u0159ihl\u00e1\u0161ky. V\u00fdsledky budou po skon\u010den\u00ed regaty zve\u0159ejn\u011bny na str\u00e1nk\u00e1ch\u00a0<strong>Tug Towing CZ<\/strong>.<\/p>\n<p><a title=\"Klub NAMOLO! o.s.\" href=\"https:\/\/www.tugtowing.cz\/?page_id=52\">Klub NAMOLO! o.s.<\/a><\/p>\n<p><span style=\"border-radius: 2px; text-indent: 20px; width: auto; padding: 0px 4px 0px 0px; text-align: center; font: bold 11px\/20px 'Helvetica Neue',Helvetica,sans-serif; color: #ffffff; background: #bd081c  no-repeat scroll 3px 50% \/ 14px 14px; position: absolute; opacity: 1; z-index: 8675309; display: none; cursor: pointer;\">Ulo\u017eit<\/span><\/p>\n","protected":false},"excerpt":{"rendered":"<p>Po\u0159adatel sout\u011b\u017en\u00edch regat v tug towingu &#8211;\u00a0Klub NAMOLO! o.s., vyhla\u0161uje sout\u011b\u017e o presti\u017en\u00ed poh\u00e1r &#8211; Tug Towing Cup 2016. Pro Tug Touwing Cup 2016 budou platn\u00e1 n\u00e1sleduj\u00edc\u00ed pravidla (platn\u00e1 od 1.3.2016). Tug Towing Cup 2016 je seri\u00e1l sout\u011b\u017en\u00edch regat, na kter\u00fdch sout\u011b\u017e\u00ed dru\u017estva v Tug Towingu. V\u00edt\u011bz seri\u00e1lu bude vyhl\u00e1\u0161en \u0161ampi\u00f3nem v Tug Towingu pro [&hellip;]<\/p>\n","protected":false},"author":2,"featured_media":0,"parent":10,"menu_order":20,"comment_status":"closed","ping_status":"closed","template":"","meta":{"footnotes":""},"class_list":["post-7565","page","type-page","status-publish","hentry"],"_links":{"self":[{"href":"https:\/\/www.tugtowing.cz\/index.php?rest_route=\/wp\/v2\/pages\/7565","targetHints":{"allow":["GET"]}}],"collection":[{"href":"https:\/\/www.tugtowing.cz\/index.php?rest_route=\/wp\/v2\/pages"}],"about":[{"href":"https:\/\/www.tugtowing.cz\/index.php?rest_route=\/wp\/v2\/types\/page"}],"author":[{"embeddable":true,"href":"https:\/\/www.tugtowing.cz\/index.php?rest_route=\/wp\/v2\/users\/2"}],"replies":[{"embeddable":true,"href":"https:\/\/www.tugtowing.cz\/index.php?rest_route=%2Fwp%2Fv2%2Fcomments&post=7565"}],"version-history":[{"count":0,"href":"https:\/\/www.tugtowing.cz\/index.php?rest_route=\/wp\/v2\/pages\/7565\/revisions"}],"up":[{"embeddable":true,"href":"https:\/\/www.tugtowing.cz\/index.php?rest_route=\/wp\/v2\/pages\/10"}],"wp:attachment":[{"href":"https:\/\/www.tugtowing.cz\/index.php?rest_route=%2Fwp%2Fv2%2Fmedia&parent=7565"}],"curies":[{"name":"wp","href":"https:\/\/api.w.org\/{rel}","templated":true}]}}