{"id":7716,"date":"2016-04-25T14:24:45","date_gmt":"2016-04-25T13:24:45","guid":{"rendered":"http:\/\/www.tugtowing.cz\/?page_id=7716"},"modified":"2016-04-26T15:46:01","modified_gmt":"2016-04-26T14:46:01","slug":"vikend-s-tug-towingem-jindrichuv-hradec-1","status":"publish","type":"page","link":"https:\/\/www.tugtowing.cz\/?page_id=7716","title":{"rendered":"V\u00edkend s tug towingem &#8211; Jind\u0159ich\u016fv Hradec"},"content":{"rendered":"<p style=\"text-align: center;\"><img decoding=\"async\" class=\"ngg-singlepic ngg-center aligncenter\" src=\"https:\/\/www.tugtowing.cz\/wp-content\/uploads\/bannery\/ban_TTC02-2016-468x60.jpg\" alt=\"ban_TTC02-2016-468x60\" \/><\/p>\n<p style=\"text-align: center;\"><span style=\"color: #ff0000;\"><strong>POZOR &#8211; REGATA ZRU\u0160ENA BEZ N\u00c1HRADY !!!<\/strong><\/span><\/p>\n<p style=\"text-align: center;\"><span style=\"color: #ff0000;\"><strong>Je n\u00e1m to velice l\u00edto, ale z d\u016fvodu ukon\u010den\u00ed pron\u00e1jmu M\u011bstsk\u00e9 plov\u00e1rny sou\u010dasn\u00e9mu n\u00e1jemci, nen\u00ed mo\u017en\u00e9 regatu uspo\u0159\u00e1dat.<\/strong><\/span><br \/>\n<span style=\"color: #ff0000;\"><strong>Nejsme schopni garantovat zd\u00e1rn\u00fd pr\u016fb\u011bh regaty.<\/strong><\/span><\/p>\n<p style=\"text-align: center;\">Propozice<\/p>\n<p style=\"text-align: center;\">Pl\u00e1nky trat\u00ed<\/p>\n<p style=\"text-align: center;\">Anketa<\/p>\n<p style=\"text-align: center;\">V\u00fdsledky<\/p>\n<p style=\"text-align: center;\">Report\u00e1\u017e<\/p>\n<p style=\"text-align: center;\">Foto<\/p>\n<p style=\"text-align: center;\">Video<\/p>\n<p style=\"text-align: center;\">Z\u00e1pisy j\u00edzd: LTT, TTT, TR1, TR2, TTC02<\/p>\n","protected":false},"excerpt":{"rendered":"<p>POZOR &#8211; REGATA ZRU\u0160ENA BEZ N\u00c1HRADY !!! Je n\u00e1m to velice l\u00edto, ale z d\u016fvodu ukon\u010den\u00ed pron\u00e1jmu M\u011bstsk\u00e9 plov\u00e1rny sou\u010dasn\u00e9mu n\u00e1jemci, nen\u00ed mo\u017en\u00e9 regatu uspo\u0159\u00e1dat. Nejsme schopni garantovat zd\u00e1rn\u00fd pr\u016fb\u011bh regaty. Propozice Pl\u00e1nky trat\u00ed Anketa V\u00fdsledky Report\u00e1\u017e Foto Video Z\u00e1pisy j\u00edzd: LTT, TTT, TR1, TR2, TTC02<\/p>\n","protected":false},"author":2,"featured_media":0,"parent":7556,"menu_order":4,"comment_status":"closed","ping_status":"closed","template":"","meta":{"footnotes":""},"class_list":["post-7716","page","type-page","status-publish","hentry"],"_links":{"self":[{"href":"https:\/\/www.tugtowing.cz\/index.php?rest_route=\/wp\/v2\/pages\/7716","targetHints":{"allow":["GET"]}}],"collection":[{"href":"https:\/\/www.tugtowing.cz\/index.php?rest_route=\/wp\/v2\/pages"}],"about":[{"href":"https:\/\/www.tugtowing.cz\/index.php?rest_route=\/wp\/v2\/types\/page"}],"author":[{"embeddable":true,"href":"https:\/\/www.tugtowing.cz\/index.php?rest_route=\/wp\/v2\/users\/2"}],"replies":[{"embeddable":true,"href":"https:\/\/www.tugtowing.cz\/index.php?rest_route=%2Fwp%2Fv2%2Fcomments&post=7716"}],"version-history":[{"count":0,"href":"https:\/\/www.tugtowing.cz\/index.php?rest_route=\/wp\/v2\/pages\/7716\/revisions"}],"up":[{"embeddable":true,"href":"https:\/\/www.tugtowing.cz\/index.php?rest_route=\/wp\/v2\/pages\/7556"}],"wp:attachment":[{"href":"https:\/\/www.tugtowing.cz\/index.php?rest_route=%2Fwp%2Fv2%2Fmedia&parent=7716"}],"curies":[{"name":"wp","href":"https:\/\/api.w.org\/{rel}","templated":true}]}}