{"id":776,"date":"2010-11-15T12:23:26","date_gmt":"2010-11-15T10:23:26","guid":{"rendered":"http:\/\/www.tugtowing.cz\/?page_id=776"},"modified":"2017-01-10T14:35:36","modified_gmt":"2017-01-10T13:35:36","slug":"odkazy","status":"publish","type":"page","link":"https:\/\/www.tugtowing.cz\/?page_id=776","title":{"rendered":"Odkazy"},"content":{"rendered":"<p><img loading=\"lazy\" decoding=\"async\" class=\"ngg-singlepic ngg-left alignleft\" src=\"https:\/\/www.tugtowing.cz\/wp-content\/uploads\/default\/internet.gif\" alt=\"internet\" width=\"80\" height=\"80\">Na internetu je ulo\u017eena ohromn\u00e1 spousta informac\u00ed, dokument\u016f, obr\u00e1zk\u016f a videomateri\u00e1l\u016f o remork\u00e9rech, n\u00e1kladn\u00edch lod\u00edch a jejich \u010dinnosti. N\u011bkter\u00e9 zaj\u00edmav\u00e9 odkazy z t\u00e9to oblasti najdete na t\u00e9to str\u00e1nce roz\u010dlen\u011bn\u00e9 do n\u011bkolika kategori\u00ed.<\/p>\n<p>&nbsp;<\/p>\n<p>[wpspoiler name=&#8220;Diskusn\u00ed f\u00f3ra&#8220;]<\/p>\n<p><strong>MODEL TUG FORUM<\/strong><br \/>\nadresa: <a href=\"http:\/\/www.modeltugforum.com\/\" target=\"_blank\">http:\/\/www.modeltugforum.com<\/a><br \/>\nVynikaj\u00edc\u00ed diskusn\u00ed f\u00f3rum, kter\u00e9 se v\u011bnuje v\u00fdhradn\u011b remork\u00e9r\u016fm a to jak model\u016fm, tak i t\u011bm skute\u010dn\u00fdm. Najdete zde spoustu rad, zaj\u00edmav\u00fdch t\u00e9mat a ohromn\u00e9 mno\u017estv\u00ed fotografi\u00ed\u00ed. Pouze anglicky.<\/p>\n<p><strong>RC GROUPS<\/strong><br \/>\nadresa: <a href=\"http:\/\/www.rcgroups.com\/\" target=\"_blank\">http:\/\/www.rcgroups.com<\/a><br \/>\nVelmi obs\u00e1hl\u00e9 model\u00e1\u0159sk\u00e9 diskusn\u00ed f\u00f3rum. Najdete zde nap\u0159\u00edklad spoustu materi\u00e1lu o Springerech.<\/p>\n<p><a name=\"eshop\"><\/a><span style=\"text-decoration: underline;\"><strong>e-shops<\/strong><\/span><\/p>\n<p><strong>MOBILE MARINE MODELS<\/strong><br \/>\nadresa: <a href=\"http:\/\/www.mobilemarinemodels.com\/\" target=\"_blank\">http:\/\/www.mobilemarinemodels.com<\/a><br \/>\nAnglick\u00fd e-shop zam\u011b\u0159en\u00fd p\u0159edev\u0161\u00edm na modely remork\u00e9r\u016f.<\/p>\n<p><strong>HARBOR MODELS<\/strong><br \/>\nadresa: <a href=\"http:\/\/www.harbormodels.com\/\" target=\"_blank\">http:\/\/www.harbormodels.com<\/a><br \/>\nE-shop kd je mo\u017en\u00e9 zakoupit spoustu stavebnic lodn\u00edch model\u016f od sv\u011btov\u00fdch v\u00fdrobc\u016f v\u010detn\u011b cel\u00e9 \u0159ady dopl\u0148k\u016f.<\/p>\n<p>[\/wpspoiler]<\/p>\n<p>[wpspoiler name=&#8220;Internetov\u00e9 magaz\u00edny&#8220;]<\/p>\n<p><strong>TUG &amp; SALVAGE<\/strong><br \/>\nadresa: <a href=\"https:\/\/www.tugandsalvage.com\/\" target=\"_blank\">https:\/\/www.tugandsalvage.com<\/a><br \/>\nMagaz\u00edn, kter\u00fd se v\u011bnuje remork\u00e9r\u016fm, tah\u00e1n\u00ed a z\u00e1chran\u011b na mo\u0159i. Je mo\u017en\u00e9 si st\u00e1hnout n\u011bkter\u00e1 \u010d\u00edsla magaz\u00ednu v PDF form\u00e1tu. V\u011bt\u0161inou skv\u011bl\u00e9 fotky a kdo ovl\u00e1d\u00e1 angli\u010dtinu i zaj\u00edmav\u00e9 \u010dten\u00ed.<\/p>\n<p><strong>PROFESIONAL MARINER<\/strong><br \/>\nadresa: <a href=\"http:\/\/www.professionalmariner.com\/\" target=\"_blank\">http:\/\/www.professionalmariner.com<\/a><br \/>\nInternetov\u00fd magaz\u00edn, kter\u00fd se v\u011bnuje remork\u00e9r\u016fm, tah\u00e1n\u00ed a z\u00e1chran\u011b na mo\u0159i. Vynikaj\u00edc\u00ed zdroj informac\u00ed! Ke sta\u017een\u00ed ve form\u00e1tu PDF zcela zdarma!<\/p>\n<p><strong>TOWING LINE<\/strong><br \/>\nadresa: <a href=\"http:\/\/www.towingline.com\/\" target=\"_blank\">http:\/\/www.towingline.com<\/a><br \/>\nInternetov\u00fd magaz\u00edn, kter\u00fd se v\u011bnuje remork\u00e9r\u016fm a v\u0161emu okolo nich.<\/p>\n<p><strong>SHIPS MONTLY<\/strong><br \/>\nadresa: <a href=\"http:\/\/gb.zinio.com\/browse\/issues\/index.jsp?skuId=416120258\" target=\"_blank\">http:\/\/gb.zinio.com\/browse\/issues\/index.jsp?skuId=416120258<\/a><br \/>\nInternetov\u00fd magaz\u00edn, kter\u00fd se v\u011bnuje velk\u00fdm lod\u00edm.<\/p>\n<p><strong>TUG MAGAZINE<\/strong><br \/>\nadresa: <a href=\"http:\/\/www.smit.com\/tugmagazine\" target=\"_blank\">http:\/\/www.smit.com\/tugmagazine<\/a><br \/>\nInternetov\u00fd magaz\u00edn spole\u010dnosti SMITH, kter\u00fd se v\u011bnuje v\u0161emu co se to\u010d\u00ed kolem remork\u00e1\u017ee.<\/p>\n<p><strong>THE MARITIME EXECUTIVE<\/strong><br \/>\nadresa: <a href=\"http:\/\/www.maritime-executive.com\/magazine.html\" target=\"_blank\">http:\/\/www.maritime-executive.com\/magazine.html<\/a><br \/>\nInternetov\u00fd magaz\u00edn, kter\u00fd se v\u011bnuje v\u0161emu co se to\u010d\u00ed kolem lodn\u00ed dopravy.<\/p>\n<p>[\/wpspoiler]<\/p>\n<p>[wpspoiler name=&#8220;Obr\u00e1zkov\u00e9 galerie&#8220;]<\/p>\n<p><strong>ESK-DREDGING<\/strong><br \/>\nadresa: <a href=\"http:\/\/www.esk-dredging.co.uk\/\" target=\"_blank\">http:\/\/www.esk-dredging.co.uk<\/a><br \/>\nSkv\u011bl\u00fd web se spoustou fotografi\u00ed lod\u00ed z anglick\u00fdch plavebn\u00edch kan\u00e1l\u016f. Najdete zde ty nejrozmanit\u011bj\u0161\u00ed plavidla. Vynikaj\u00edc\u00ed jako zdroj inspirace!<\/p>\n<p><strong>FOTO &#8211; \u010cSPLO<\/strong><br \/>\nadresa: <a href=\"http:\/\/oucsplo.ezin.cz\/foto.htm\" target=\"_blank\">http:\/\/oucsplo.ezin.cz\/foto.htm<\/a><br \/>\nSpousta fotografi\u00ed lod\u00ed \u010cSPLO. Opravdu stoj\u00ed za skouknut\u00ed. Bohat\u00fd zdroj inspirace a vynikaj\u00edc\u00ed archiv!<\/p>\n<p><strong>SHIPSPOTTING.COM<\/strong><br \/>\nadresa: <a href=\"http:\/\/www.shipspotting.com\/\" target=\"_blank\">http:\/\/www.shipspotting.com\/<\/a><br \/>\nP\u0159es jeden mili\u00f3n fotografi\u00ed remork\u00e9r\u016f a n\u00e1kladn\u00edch lod\u00ed! K tomu ohromn\u00e9 mno\u017estv\u00ed videosn\u00edmk\u016f. Nechyb\u00ed tak\u00e9 technick\u00e9 \u00fadaje o lod\u00edch. Tak\u0159ka nevy\u010derpateln\u00fd zdroj inspirace!<\/p>\n<p><strong>WESSELTRACKER.COM<\/strong><br \/>\nadresa: <a href=\"http:\/\/www.vesseltracker.com\/en\/Gallery\/ShipTypes\/Tugboats.html\" target=\"_blank\">http:\/\/www.vesseltracker.com\/en\/Gallery\/ShipTypes\/Tugboats.html<\/a><br \/>\nRozs\u00e1hl\u00e1 fotogalerie remork\u00e9r\u016f a p\u0159\u00edstav\u016f.<\/p>\n<p>[\/wpspoiler]<\/p>\n<p><span style=\"border-radius: 2px; text-indent: 20px; width: auto; padding: 0px 4px 0px 0px; text-align: center; font: bold 11px\/20px 'Helvetica Neue',Helvetica,sans-serif; color: #ffffff; background: #bd081c  no-repeat scroll 3px 50% \/ 14px 14px; position: absolute; opacity: 1; z-index: 8675309; display: none; cursor: pointer;\">Ulo\u017eit<\/span><\/p>\n","protected":false},"excerpt":{"rendered":"<p>Na internetu je ulo\u017eena ohromn\u00e1 spousta informac\u00ed, dokument\u016f, obr\u00e1zk\u016f a videomateri\u00e1l\u016f o remork\u00e9rech, n\u00e1kladn\u00edch lod\u00edch a jejich \u010dinnosti. N\u011bkter\u00e9 zaj\u00edmav\u00e9 odkazy z t\u00e9to oblasti najdete na t\u00e9to str\u00e1nce roz\u010dlen\u011bn\u00e9 do n\u011bkolika kategori\u00ed. &nbsp; [wpspoiler name=&#8220;Diskusn\u00ed f\u00f3ra&#8220;] MODEL TUG FORUM adresa: http:\/\/www.modeltugforum.com Vynikaj\u00edc\u00ed diskusn\u00ed f\u00f3rum, kter\u00e9 se v\u011bnuje v\u00fdhradn\u011b remork\u00e9r\u016fm a to jak model\u016fm, tak i [&hellip;]<\/p>\n","protected":false},"author":2,"featured_media":0,"parent":442,"menu_order":3,"comment_status":"open","ping_status":"open","template":"","meta":{"footnotes":""},"class_list":["post-776","page","type-page","status-publish","hentry"],"_links":{"self":[{"href":"https:\/\/www.tugtowing.cz\/index.php?rest_route=\/wp\/v2\/pages\/776","targetHints":{"allow":["GET"]}}],"collection":[{"href":"https:\/\/www.tugtowing.cz\/index.php?rest_route=\/wp\/v2\/pages"}],"about":[{"href":"https:\/\/www.tugtowing.cz\/index.php?rest_route=\/wp\/v2\/types\/page"}],"author":[{"embeddable":true,"href":"https:\/\/www.tugtowing.cz\/index.php?rest_route=\/wp\/v2\/users\/2"}],"replies":[{"embeddable":true,"href":"https:\/\/www.tugtowing.cz\/index.php?rest_route=%2Fwp%2Fv2%2Fcomments&post=776"}],"version-history":[{"count":0,"href":"https:\/\/www.tugtowing.cz\/index.php?rest_route=\/wp\/v2\/pages\/776\/revisions"}],"up":[{"embeddable":true,"href":"https:\/\/www.tugtowing.cz\/index.php?rest_route=\/wp\/v2\/pages\/442"}],"wp:attachment":[{"href":"https:\/\/www.tugtowing.cz\/index.php?rest_route=%2Fwp%2Fv2%2Fmedia&parent=776"}],"curies":[{"name":"wp","href":"https:\/\/api.w.org\/{rel}","templated":true}]}}