{"id":7808,"date":"2016-08-31T10:04:04","date_gmt":"2016-08-31T09:04:04","guid":{"rendered":"http:\/\/www.tugtowing.cz\/?page_id=7808"},"modified":"2016-12-29T13:59:05","modified_gmt":"2016-12-29T12:59:05","slug":"o-soudek-panistavky","status":"publish","type":"page","link":"https:\/\/www.tugtowing.cz\/?page_id=7808","title":{"rendered":"O Soudek Panist\u00e1vky"},"content":{"rendered":"<p style=\"text-align: center;\"><img decoding=\"async\" class=\"ngg-singlepic ngg-center aligncenter\" src=\"https:\/\/www.tugtowing.cz\/wp-content\/uploads\/bannery\/banPanistavka2016.png\" alt=\"banPanistavka2016\" \/><\/p>\n<p style=\"text-align: center;\"><a href=\"https:\/\/www.tugtowing.cz\/?p=7802\">Propozice<\/a><\/p>\n<p style=\"text-align: center;\"><a href=\"https:\/\/www.tugtowing.cz\/?p=7439\">Pl\u00e1nky trat\u00ed (stejn\u00e9 jako v roce 2015)<\/a><\/p>\n<p style=\"text-align: center;\">Anketa<\/p>\n<p style=\"text-align: center;\"><a href=\"https:\/\/www.tugtowing.cz\/doc\/Tabulky\/TTC04-2016.htm\" target=\"_blank\">V\u00fdsledky<\/a><\/p>\n<p style=\"text-align: center;\">Report\u00e1\u017e<\/p>\n<p style=\"text-align: center;\">Foto<\/p>\n<p style=\"text-align: center;\"><a href=\"https:\/\/www.youtube.com\/user\/TugTowingCZ\/videos\" target=\"_blank\">Video<\/a><\/p>\n<p style=\"text-align: center;\">Z\u00e1pisy j\u00edzd: <a href=\"https:\/\/www.tugtowing.cz\/doc\/TTC2016\/TTC04-LTT.zip\">LTT<\/a>, <a href=\"https:\/\/www.tugtowing.cz\/doc\/TTC2016\/TTC04-TTT.zip\">TTT<\/a>, <a href=\"https:\/\/www.tugtowing.cz\/doc\/TTC2016\/TTC04-TRx.zip\">TR1 a TR2<\/a>, <a href=\"https:\/\/www.tugtowing.cz\/doc\/TTC2016\/TTC04.zip\">TTC<\/a><\/p>\n<p><span style=\"border-radius: 2px; text-indent: 20px; width: auto; padding: 0px 4px 0px 0px; text-align: center; font: bold 11px\/20px 'Helvetica Neue',Helvetica,sans-serif; color: #ffffff; background: #bd081c  no-repeat scroll 3px 50% \/ 14px 14px; position: absolute; opacity: 1; z-index: 8675309; display: none; cursor: pointer;\">Ulo\u017eit<\/span><\/p>\n","protected":false},"excerpt":{"rendered":"<p>Propozice Pl\u00e1nky trat\u00ed (stejn\u00e9 jako v roce 2015) Anketa V\u00fdsledky Report\u00e1\u017e Foto Video Z\u00e1pisy j\u00edzd: LTT, TTT, TR1 a TR2, TTC Ulo\u017eit<\/p>\n","protected":false},"author":2,"featured_media":0,"parent":7556,"menu_order":10,"comment_status":"closed","ping_status":"closed","template":"","meta":{"footnotes":""},"class_list":["post-7808","page","type-page","status-publish","hentry"],"_links":{"self":[{"href":"https:\/\/www.tugtowing.cz\/index.php?rest_route=\/wp\/v2\/pages\/7808","targetHints":{"allow":["GET"]}}],"collection":[{"href":"https:\/\/www.tugtowing.cz\/index.php?rest_route=\/wp\/v2\/pages"}],"about":[{"href":"https:\/\/www.tugtowing.cz\/index.php?rest_route=\/wp\/v2\/types\/page"}],"author":[{"embeddable":true,"href":"https:\/\/www.tugtowing.cz\/index.php?rest_route=\/wp\/v2\/users\/2"}],"replies":[{"embeddable":true,"href":"https:\/\/www.tugtowing.cz\/index.php?rest_route=%2Fwp%2Fv2%2Fcomments&post=7808"}],"version-history":[{"count":0,"href":"https:\/\/www.tugtowing.cz\/index.php?rest_route=\/wp\/v2\/pages\/7808\/revisions"}],"up":[{"embeddable":true,"href":"https:\/\/www.tugtowing.cz\/index.php?rest_route=\/wp\/v2\/pages\/7556"}],"wp:attachment":[{"href":"https:\/\/www.tugtowing.cz\/index.php?rest_route=%2Fwp%2Fv2%2Fmedia&parent=7808"}],"curies":[{"name":"wp","href":"https:\/\/api.w.org\/{rel}","templated":true}]}}