{"id":8439,"date":"2016-12-29T10:47:58","date_gmt":"2016-12-29T09:47:58","guid":{"rendered":"http:\/\/www.tugtowing.cz\/?page_id=8439"},"modified":"2017-10-10T08:31:40","modified_gmt":"2017-10-10T07:31:40","slug":"tug-towing-cup-2017","status":"publish","type":"page","link":"https:\/\/www.tugtowing.cz\/?page_id=8439","title":{"rendered":"Tug Towing Cup 2017"},"content":{"rendered":"<p>Tug Towing Cup je seri\u00e1l vybran\u00fdch regat v tug towingu. V\u00fdsledky t\u011bchto regat se zapo\u010d\u00edt\u00e1vaj\u00ed do tzv. <em>\u201epoh\u00e1ru\u201c<\/em>. T\u00fdm, kter\u00fd z t\u011bchto regat z\u00edsk\u00e1 nejv\u00edce bod\u016f, z\u00edsk\u00e1v\u00e1 presti\u017en\u00ed titul <strong>\u201e\u0161ampiona v Tug Towingu\u201c<\/strong> a putovn\u00ed poh\u00e1r.<\/p>\n<p><a href=\"https:\/\/www.tugtowing.cz\/?page_id=8447\">Pravidla TTC 2017<\/a><\/p>\n<p style=\"text-align: center;\"><a class=\"shutterset_\" title=\"Logo Tug Towing Cup 2017\" href=\"https:\/\/www.tugtowing.cz\/wp-content\/uploads\/loga\/logoTTC2017.png\" data-src=\"https:\/\/www.tugtowing.cz\/wp-content\/uploads\/loga\/logoTTC2017.png\" data-description=\"Logo Tug Towing Cup 2017\" data-title=\"logoTTC2017\" data-thumbnail=\"https:\/\/www.tugtowing.cz\/wp-content\/uploads\/loga\/thumbs\/thumbs_logoTTC2017.png\" data-image-id=\"6688\"><img decoding=\"async\" class=\"ngg-singlepic ngg-center aligncenter\" src=\"https:\/\/www.tugtowing.cz\/wp-content\/uploads\/loga\/thumbs\/thumbs_logoTTC2017.png\" alt=\"logoTTC2017\"><\/a><em>Logo Tug Towing Cup 2017<\/em><\/p>\n<p><strong>Regaty zapo\u010d\u00edt\u00e1van\u00e9 do poh\u00e1ru<\/strong><\/p>\n<p>25.02.2017 \u2013 26.02.2017 \u2013 <strong>Zimn\u00ed Tug Towing<\/strong>, Most (potvrzeno)<br \/>\n19.05.2017 \u2013 21.05.2017 \u2013 <strong>V\u00edkend s Tug Towingem<\/strong>,&nbsp;Jind\u0159ich\u016fv Hradec&nbsp;(potvrzeno&nbsp;v\u010detn\u011b ubytov\u00e1n\u00ed)<br \/>\n16.06.2017 \u2013 18.06.2017 \u2013 <strong>Tug Towing v Protivanov\u011b<\/strong>, Protivanov (potvrzeno v\u010detn\u011b ubytov\u00e1n\u00ed)<br \/>\n15.09.2017 \u2013 17.09.2017 \u2013 <strong>O soudek Panist\u00e1vky<\/strong>, \u017dirovnice (potvrzeno v\u010detn\u011b ubytov\u00e1n\u00ed)<\/p>\n<p style=\"text-align: center;\"><strong>V\u00fdsledky Tug Towing Cup 2017<\/strong><\/p>\n<p style=\"text-align: center;\"><a href=\"https:\/\/www.tugtowing.cz\/?page_id=2922\">Tabulka<\/a><\/p>\n<p style=\"text-align: center;\">Kategorie:&nbsp;<strong>tla\u010dn\u00e9 remork\u00e9ry \u2013 jedno\u0161roub\u00e9<\/strong><\/p>\n<p style=\"text-align: center;\">Celkov\u00fdm v\u00edt\u011bzem t\u00e9to kategorie se stal t\u00fdm<\/p>\n<p style=\"text-align: center;\"><img loading=\"lazy\" decoding=\"async\" src=\"https:\/\/www.tugtowing.cz\/wp-content\/uploads\/default\/poharobrazek.jpg\" alt=\"poharobrazek\" width=\"73\" height=\"91\"><\/p>\n<p style=\"text-align: center;\"><strong>S\u00f3lo<br \/>\n<\/strong><\/p>\n<p style=\"text-align: center;\">remork\u00e9r: Armstrong<br \/>\nkapit\u00e1n: <strong>Jan Dolej\u0161ek<br \/>\n<\/strong><\/p>\n<p style=\"text-align: center;\">2. m\u00edsto: t\u00fdm Tla\u010dmen<br \/>\n3.m\u00edsto: t\u00fdm Pandora<\/p>\n<p style=\"text-align: center;\">Kategorie:&nbsp;<strong>tla\u010dn\u00e9 remork\u00e9ry -v\u00edce\u0161roub\u00e9<\/strong><\/p>\n<p style=\"text-align: center;\">Celkov\u00fdm v\u00edt\u011bzem t\u00e9to kategorie se stal t\u00fdm<\/p>\n<p style=\"text-align: center;\"><img loading=\"lazy\" decoding=\"async\" src=\"https:\/\/www.tugtowing.cz\/wp-content\/uploads\/default\/poharobrazek.jpg\" alt=\"poharobrazek\" width=\"73\" height=\"91\"><\/p>\n<p style=\"text-align: center;\"><strong>Fi\u010d\u00e1k<br \/>\n<\/strong><\/p>\n<p style=\"text-align: center;\">remork\u00e9r: Archa<br \/>\nkapit\u00e1n: <strong>Mak<br \/>\n<\/strong><\/p>\n<p style=\"text-align: center;\">2.m\u00edsto: t\u00fdm Bublina<br \/>\n3.m\u00edsto: t\u00fdm Salvador Dal\u00ed<\/p>\n<p style=\"text-align: center;\">Kategorie:&nbsp;<strong>lehk\u00fd tug towing<\/strong><\/p>\n<p style=\"text-align: center;\">Celkov\u00fdm v\u00edt\u011bzem t\u00e9to kategorie se stal t\u00fdm<\/p>\n<p style=\"text-align: center;\"><img loading=\"lazy\" decoding=\"async\" src=\"https:\/\/www.tugtowing.cz\/wp-content\/uploads\/default\/poharobrazek.jpg\" alt=\"poharobrazek\" width=\"73\" height=\"91\"><\/p>\n<p style=\"text-align: center;\"><strong>JeJe<br \/>\n<\/strong><\/p>\n<p style=\"text-align: center;\">remork\u00e9ry: Salv\u00e1dor Dal\u00ed, Darling<br \/>\nkapit\u00e1ni:<strong> Honza Jel\u00ednek, V\u00edtek Jel\u00ednek<\/strong><\/p>\n<p style=\"text-align: center;\">2.m\u00edsto: t\u00fdm F\u00f3gli<br \/>\n3.m\u00edsto: t\u00fdm Lom\u00edtka<\/p>\n<p style=\"text-align: center;\">Kategorie:&nbsp;<strong>t\u011b\u017ek\u00fd tug towing<\/strong><\/p>\n<p style=\"text-align: center;\">Celkov\u00fdm v\u00edt\u011bzem t\u00e9to kategorie se stal t\u00fdm<\/p>\n<p style=\"text-align: center;\"><img loading=\"lazy\" decoding=\"async\" src=\"https:\/\/www.tugtowing.cz\/wp-content\/uploads\/default\/poharobrazek.jpg\" alt=\"poharobrazek\" width=\"73\" height=\"91\"><\/p>\n<p style=\"text-align: center;\"><strong>1:1<br \/>\n<\/strong><\/p>\n<p style=\"text-align: center;\">remork\u00e9ry: Error Printing, Adam II<br \/>\nkapit\u00e1ni: <strong>Godrik, Ondra Slav\u00edk<\/strong><\/p>\n<p style=\"text-align: center;\">2.m\u00edsto: t\u00fdm Heavy Rum<br \/>\n3.m\u00edsto: t\u00fdm AC\/DC<\/p>\n<h3 style=\"text-align: center;\">V\u0161em v\u00edt\u011bz\u016fm srde\u010dn\u011b blahop\u0159ejeme!<\/h3>\n<p>[nggallery id=13]<\/p>\n<p>&nbsp;<\/p>\n<p><span style=\"background: no-repeat 3px 50% \/ 14px 14px #bd081c; font: bold 11px\/20px 'Helvetica Neue', Helvetica, sans-serif; padding: 0px 4px 0px 0px; border-radius: 2px; width: auto; text-align: center; color: #ffffff; text-indent: 20px; display: none; position: absolute; z-index: 8675309; cursor: pointer; font-size-adjust: none; font-stretch: normal; opacity: 1;\">Ulo\u017eit<\/span><\/p>\n<p><span style=\"background: no-repeat 3px 50% \/ 14px 14px #bd081c; font: bold 11px\/20px 'Helvetica Neue', Helvetica, sans-serif; padding: 0px 4px 0px 0px; border-radius: 2px; width: auto; text-align: center; color: #ffffff; text-indent: 20px; display: none; position: absolute; z-index: 8675309; cursor: pointer; font-size-adjust: none; font-stretch: normal; opacity: 1;\">Ulo\u017eit<\/span><\/p>\n<p><span style=\"background: no-repeat 3px 50% \/ 14px 14px #bd081c; font: bold 11px\/20px 'Helvetica Neue', Helvetica, sans-serif; padding: 0px 4px 0px 0px; border-radius: 2px; width: auto; text-align: center; color: #ffffff; text-indent: 20px; display: none; position: absolute; z-index: 8675309; cursor: pointer; font-size-adjust: none; font-stretch: normal; opacity: 1;\">Ulo\u017eit<\/span><\/p>\n<p><span style=\"background: no-repeat 3px 50% \/ 14px 14px #bd081c; font: bold 11px\/20px 'Helvetica Neue', Helvetica, sans-serif; padding: 0px 4px 0px 0px; border-radius: 2px; width: auto; text-align: center; color: #ffffff; text-indent: 20px; display: none; position: absolute; z-index: 8675309; cursor: pointer; font-size-adjust: none; font-stretch: normal; opacity: 1;\">Ulo\u017eit<\/span><\/p>\n<p><span style=\"background: no-repeat 3px 50% \/ 14px 14px #bd081c; font: bold 11px\/20px 'Helvetica Neue', Helvetica, sans-serif; padding: 0px 4px 0px 0px; border-radius: 2px; width: auto; text-align: center; color: #ffffff; text-indent: 20px; display: none; position: absolute; z-index: 8675309; cursor: pointer; font-size-adjust: none; font-stretch: normal; opacity: 1;\">Ulo\u017eit<\/span><\/p>\n<p><span style=\"background: no-repeat 3px 50% \/ 14px 14px #bd081c; font: bold 11px\/20px 'Helvetica Neue', Helvetica, sans-serif; padding: 0px 4px 0px 0px; border-radius: 2px; width: auto; text-align: center; color: #ffffff; text-indent: 20px; display: none; position: absolute; z-index: 8675309; cursor: pointer; font-size-adjust: none; font-stretch: normal; opacity: 1;\">Ulo\u017eit<\/span><\/p>\n<p><span style=\"background: no-repeat 3px 50% \/ 14px 14px #bd081c; font: bold 11px\/20px 'Helvetica Neue', Helvetica, sans-serif; padding: 0px 4px 0px 0px; border-radius: 2px; width: auto; text-align: center; color: #ffffff; text-indent: 20px; display: none; position: absolute; z-index: 8675309; cursor: pointer; font-size-adjust: none; font-stretch: normal; opacity: 1;\">Ulo\u017eit<\/span><\/p>\n<p><span style=\"background: no-repeat 3px 50% \/ 14px 14px #bd081c; font: bold 11px\/20px 'Helvetica Neue', Helvetica, sans-serif; padding: 0px 4px 0px 0px; border-radius: 2px; width: auto; text-align: center; color: #ffffff; text-indent: 20px; display: none; position: absolute; z-index: 8675309; cursor: pointer; font-size-adjust: none; font-stretch: normal; opacity: 1;\">Ulo\u017eit<\/span><\/p>\n<p><span style=\"background: no-repeat 3px 50% \/ 14px 14px #bd081c; font: bold 11px\/20px 'Helvetica Neue', Helvetica, sans-serif; padding: 0px 4px 0px 0px; border-radius: 2px; width: auto; text-align: center; color: #ffffff; text-indent: 20px; display: none; position: absolute; z-index: 8675309; cursor: pointer; font-size-adjust: none; font-stretch: normal; opacity: 1;\">Ulo\u017eit<\/span><\/p>\n<p><span style=\"background: no-repeat 3px 50% \/ 14px 14px #bd081c; font: bold 11px\/20px 'Helvetica Neue', Helvetica, sans-serif; padding: 0px 4px 0px 0px; border-radius: 2px; width: auto; text-align: center; color: #ffffff; text-indent: 20px; display: none; position: absolute; z-index: 8675309; cursor: pointer; font-size-adjust: none; font-stretch: normal; opacity: 1;\">Ulo\u017eit<\/span><\/p>\n<p><span style=\"background: no-repeat 3px 50% \/ 14px 14px #bd081c; font: bold 11px\/20px 'Helvetica Neue', Helvetica, sans-serif; padding: 0px 4px 0px 0px; border-radius: 2px; width: auto; text-align: center; color: #ffffff; text-indent: 20px; display: none; position: absolute; z-index: 8675309; cursor: pointer; font-size-adjust: none; font-stretch: normal; opacity: 1;\">Ulo\u017eit<\/span><\/p>\n","protected":false},"excerpt":{"rendered":"<p>Tug Towing Cup je seri\u00e1l vybran\u00fdch regat v tug towingu. V\u00fdsledky t\u011bchto regat se zapo\u010d\u00edt\u00e1vaj\u00ed do tzv. \u201epoh\u00e1ru\u201c. T\u00fdm, kter\u00fd z t\u011bchto regat z\u00edsk\u00e1 nejv\u00edce bod\u016f, z\u00edsk\u00e1v\u00e1 presti\u017en\u00ed titul \u201e\u0161ampiona v Tug Towingu\u201c a putovn\u00ed poh\u00e1r. Pravidla TTC 2017 Logo Tug Towing Cup 2017 Regaty zapo\u010d\u00edt\u00e1van\u00e9 do poh\u00e1ru 25.02.2017 \u2013 26.02.2017 \u2013 Zimn\u00ed Tug Towing, [&hellip;]<\/p>\n","protected":false},"author":2,"featured_media":0,"parent":2,"menu_order":33,"comment_status":"closed","ping_status":"closed","template":"","meta":{"footnotes":""},"class_list":["post-8439","page","type-page","status-publish","hentry"],"_links":{"self":[{"href":"https:\/\/www.tugtowing.cz\/index.php?rest_route=\/wp\/v2\/pages\/8439","targetHints":{"allow":["GET"]}}],"collection":[{"href":"https:\/\/www.tugtowing.cz\/index.php?rest_route=\/wp\/v2\/pages"}],"about":[{"href":"https:\/\/www.tugtowing.cz\/index.php?rest_route=\/wp\/v2\/types\/page"}],"author":[{"embeddable":true,"href":"https:\/\/www.tugtowing.cz\/index.php?rest_route=\/wp\/v2\/users\/2"}],"replies":[{"embeddable":true,"href":"https:\/\/www.tugtowing.cz\/index.php?rest_route=%2Fwp%2Fv2%2Fcomments&post=8439"}],"version-history":[{"count":0,"href":"https:\/\/www.tugtowing.cz\/index.php?rest_route=\/wp\/v2\/pages\/8439\/revisions"}],"up":[{"embeddable":true,"href":"https:\/\/www.tugtowing.cz\/index.php?rest_route=\/wp\/v2\/pages\/2"}],"wp:attachment":[{"href":"https:\/\/www.tugtowing.cz\/index.php?rest_route=%2Fwp%2Fv2%2Fmedia&parent=8439"}],"curies":[{"name":"wp","href":"https:\/\/api.w.org\/{rel}","templated":true}]}}