{"id":8467,"date":"2016-12-29T12:57:13","date_gmt":"2016-12-29T11:57:13","guid":{"rendered":"http:\/\/www.tugtowing.cz\/?page_id=8467"},"modified":"2023-01-29T17:14:57","modified_gmt":"2023-01-29T16:14:57","slug":"vyuctovani-roku-2016","status":"publish","type":"page","link":"https:\/\/www.tugtowing.cz\/?page_id=8467","title":{"rendered":"Vy\u00fa\u010dtov\u00e1n\u00ed roku 2016"},"content":{"rendered":"<div>\n<p><img decoding=\"async\" src=\"https:\/\/www.tugtowing.cz\/wp-content\/uploads\/icons\/icopdf.gif\" alt=\"icopdf\"> Dokument: <a href=\"https:\/\/www.tugtowing.cz\/doc\/KlubNAMOLO\/Hospodareni-KlubNAMOLO-2016.pdf\" target=\"_blank\" rel=\"noopener\">Hospoda\u0159en\u00ed Klubu NAMOLO! 2016<\/a><\/p>\n<div>Klub NAMOLO o.s. kon\u010d\u00ed k <strong>31.12.2016<\/strong> se ztr\u00e1tou <strong><span style=\"color: #ff0000;\">3.104,00<\/span> K\u010d<\/strong>.<\/div>\n<\/div>\n<div><strong>P\u0159\u00edjmy<\/strong> byly <span style=\"color: #008000;\"><strong>16.350,00<\/strong><\/span> K\u010d.<\/div>\n<div><strong>V\u00fddaje<\/strong> (\u00fa\u010dtovan\u00e9) <strong><span style=\"color: #ff0000;\">19.454,00<\/span> <\/strong>K\u010d.<\/div>\n<div><strong>Pokladna<\/strong> m\u00e1 kone\u010dn\u00fd z\u016fstatek k 31.12.2016: <strong>2.997,00<\/strong> K\u010d.<br \/>\nBankovn\u00ed \u00fa\u010det <strong>Air bank<\/strong> m\u00e1 kone\u010dn\u00fd z\u016fstatek k 31.12.2016: <strong><span style=\"color: #008000;\">8.777,00<\/span> <\/strong>K\u010d<\/div>\n<div>Vybran\u00e9 startovn\u00e9 bez \u010dlensk\u00fdch p\u0159\u00edsp\u011bvk\u016f: <span style=\"color: #008000;\">1.950,-<\/span> K\u010d<\/div>\n<div>\u010clensk\u00e9 p\u0159\u00edsp\u011bvky: <span style=\"color: #008000;\">14.700,-<\/span>K\u010d<\/div>\n<div>&nbsp;<\/div>\n<div>V roce<strong> 2017<\/strong> o\u010dek\u00e1v\u00e1me po zaplacen\u00ed \u010dlensk\u00fdch p\u0159\u00edsp\u011bvk\u016f 12.000,-K\u010d n\u00e1r\u016fst na bankovn\u00ed \u00fa\u010det \u2013 1200,-K\u010d (bankovn\u00ed poplatky).<\/div>\n<div>&nbsp;<\/div>\n<div><strong>Nejbli\u017e\u0161\u00ed p\u0159edpokl\u00e1dan\u00e9 n\u00e1klady:<\/strong><\/div>\n<ul>\n<li>V \u00fanoru budeme platit baz\u00e9n v Most\u011b, v lo\u0148sk\u00e9m roce to bylo cca <span style=\"color: #ff0000;\">8 000,-<\/span> K\u010d.<br \/>\nO\u010dek\u00e1v\u00e1me v\u00fdb\u011br na startovn\u00e9m 2<span style=\"color: #008000;\">000,-<\/span> K\u010d (pron\u00e1jem baz\u00e9nu budeme dopl\u00e1cet z klubov\u00fdch zdroj\u016f).<\/li>\n<li>Pron\u00e1jem plov\u00e1rny v Brn\u011b cca <span style=\"color: #ff0000;\">2 000,-<\/span>K\u010d.<\/li>\n<li>Pron\u00e1jem skladovac\u00edch prostor v obci Velk\u00e1 Le\u010dice <span style=\"color: #ff0000;\">1 200,-<\/span>K\u010d.<\/li>\n<li>N\u00e1kup materi\u00e1lu na \u00fadr\u017ebu a stavbu vlek\u016f pro tug towing cca<span style=\"color: #ff0000;\"> 5 000,-<\/span> K\u010d.<\/li>\n<li>N\u00e1kup materi\u00e1lu na stavbu trat\u011b cca <span style=\"color: #ff0000;\">1000,-<\/span>K\u010d.<\/li>\n<li>N\u00e1kup cen pro v\u00edt\u011bze v jednotliv\u00fdch kategori\u00edch cca<span style=\"color: #ff0000;\"> 5 000,-<\/span> K\u010d.<\/li>\n<\/ul>\n<p>Zpr\u00e1vu dne 28.12.2016 sestavila Monika Va\u0161kebov\u00e1<\/p>\n<div>Zpr\u00e1va aktualizov\u00e1na dne: 28.12.2016<\/div>\n<p><span style=\"border-radius: 2px; text-indent: 20px; width: auto; padding: 0px 4px 0px 0px; text-align: center; font: bold 11px\/20px 'Helvetica Neue',Helvetica,sans-serif; color: #ffffff; background: #bd081c no-repeat scroll 3px 50% \/ 14px 14px; position: absolute; opacity: 1; z-index: 8675309; display: none; cursor: pointer;\">Ulo\u017eit<\/span><\/p>\n<p><span style=\"border-radius: 2px; text-indent: 20px; width: auto; padding: 0px 4px 0px 0px; text-align: center; font: bold 11px\/20px 'Helvetica Neue',Helvetica,sans-serif; color: #ffffff; background: #bd081c no-repeat scroll 3px 50% \/ 14px 14px; position: absolute; opacity: 1; z-index: 8675309; display: none; cursor: pointer;\">Ulo\u017eit<\/span><\/p>\n<p><span style=\"border-radius: 2px; text-indent: 20px; width: auto; padding: 0px 4px 0px 0px; text-align: center; font: bold 11px\/20px 'Helvetica Neue',Helvetica,sans-serif; color: #ffffff; background: #bd081c no-repeat scroll 3px 50% \/ 14px 14px; position: absolute; opacity: 1; z-index: 8675309; display: none; cursor: pointer;\">Ulo\u017eit<\/span><\/p>\n<p><span style=\"border-radius: 2px; text-indent: 20px; width: auto; padding: 0px 4px 0px 0px; text-align: center; font: bold 11px\/20px 'Helvetica Neue',Helvetica,sans-serif; color: #ffffff; background: #bd081c no-repeat scroll 3px 50% \/ 14px 14px; position: absolute; opacity: 1; z-index: 8675309; display: none; cursor: pointer;\">Ulo\u017eit<\/span><\/p>\n","protected":false},"excerpt":{"rendered":"<p>Dokument: Hospoda\u0159en\u00ed Klubu NAMOLO! 2016 Klub NAMOLO o.s. kon\u010d\u00ed k 31.12.2016 se ztr\u00e1tou 3.104,00 K\u010d. P\u0159\u00edjmy byly 16.350,00 K\u010d. V\u00fddaje (\u00fa\u010dtovan\u00e9) 19.454,00 K\u010d. Pokladna m\u00e1 kone\u010dn\u00fd z\u016fstatek k 31.12.2016: 2.997,00 K\u010d. Bankovn\u00ed \u00fa\u010det Air bank m\u00e1 kone\u010dn\u00fd z\u016fstatek k 31.12.2016: 8.777,00 K\u010d Vybran\u00e9 startovn\u00e9 bez \u010dlensk\u00fdch p\u0159\u00edsp\u011bvk\u016f: 1.950,- K\u010d \u010clensk\u00e9 p\u0159\u00edsp\u011bvky: 14.700,-K\u010d &nbsp; V roce [&hellip;]<\/p>\n","protected":false},"author":2,"featured_media":0,"parent":52,"menu_order":56,"comment_status":"closed","ping_status":"closed","template":"","meta":{"footnotes":""},"class_list":["post-8467","page","type-page","status-publish","hentry"],"_links":{"self":[{"href":"https:\/\/www.tugtowing.cz\/index.php?rest_route=\/wp\/v2\/pages\/8467","targetHints":{"allow":["GET"]}}],"collection":[{"href":"https:\/\/www.tugtowing.cz\/index.php?rest_route=\/wp\/v2\/pages"}],"about":[{"href":"https:\/\/www.tugtowing.cz\/index.php?rest_route=\/wp\/v2\/types\/page"}],"author":[{"embeddable":true,"href":"https:\/\/www.tugtowing.cz\/index.php?rest_route=\/wp\/v2\/users\/2"}],"replies":[{"embeddable":true,"href":"https:\/\/www.tugtowing.cz\/index.php?rest_route=%2Fwp%2Fv2%2Fcomments&post=8467"}],"version-history":[{"count":1,"href":"https:\/\/www.tugtowing.cz\/index.php?rest_route=\/wp\/v2\/pages\/8467\/revisions"}],"predecessor-version":[{"id":10846,"href":"https:\/\/www.tugtowing.cz\/index.php?rest_route=\/wp\/v2\/pages\/8467\/revisions\/10846"}],"up":[{"embeddable":true,"href":"https:\/\/www.tugtowing.cz\/index.php?rest_route=\/wp\/v2\/pages\/52"}],"wp:attachment":[{"href":"https:\/\/www.tugtowing.cz\/index.php?rest_route=%2Fwp%2Fv2%2Fmedia&parent=8467"}],"curies":[{"name":"wp","href":"https:\/\/api.w.org\/{rel}","templated":true}]}}