{"id":8473,"date":"2016-12-29T13:02:01","date_gmt":"2016-12-29T12:02:01","guid":{"rendered":"http:\/\/www.tugtowing.cz\/?page_id=8473"},"modified":"2023-01-29T16:58:21","modified_gmt":"2023-01-29T15:58:21","slug":"zapis-z-clenske-schuze-ze-dne-12-06-2016","status":"publish","type":"page","link":"https:\/\/www.tugtowing.cz\/?page_id=8473","title":{"rendered":"Mimo\u0159\u00e1dn\u00e1 sch\u016fze 2016"},"content":{"rendered":"<p>Z\u00e1pis z&nbsp;mimo\u0159\u00e1dn\u00e9 \u010dlensk\u00e9 sch\u016fze ob\u010dansk\u00e9ho sdru\u017een\u00ed <strong>Klub NAMOLO! o.s. <\/strong>konan\u00e9 dne 4. \u010dervna 2016, v&nbsp;19:00 hod<\/p>\n<p><strong>M\u00edsto jedn\u00e1n\u00ed: <\/strong>RS Protivanov<\/p>\n<p><strong><u>Hlavn\u00ed bod jedn\u00e1n\u00ed:<\/u>&nbsp; <\/strong>Zm\u011bna stanov<\/p>\n<p><strong><u>Prezen\u010dn\u00ed listina<\/u> \u2013 <\/strong>viz p\u0159\u00edloha<\/p>\n<p>Mimo\u0159\u00e1dn\u00e9 \u010dlensk\u00e9 sch\u016fze se z\u00fa\u010dastnilo 13 z&nbsp;19-ti \u010dlen\u016f sdru\u017een\u00ed, hlasovac\u00ed pr\u00e1vo m\u011blo 12 \u010dlen\u016f. Tato mimo\u0159\u00e1dn\u00e1 \u010dlensk\u00e1 sch\u016fze tedy dle \u010dl. 5\/4 platn\u00fdch Stanov JE&nbsp; usn\u00e1\u0161en\u00edschopn\u00e1.<\/p>\n<p><strong><u>\u00davod.<\/u><\/strong><\/p>\n<p>\u00davodn\u00ed slovo p\u0159ednesl p. Jaroslav Va\u0161keba, kter\u00fd p\u0159iv\u00edtal z\u00fa\u010dastn\u011bn\u00e9 \u010dleny sdru\u017een\u00ed a zah\u00e1jil mimo\u0159\u00e1dnou \u010dlenskou sch\u016fzi.<\/p>\n<p><strong><u>Zm\u011bna stanov<\/u><\/strong><\/p>\n<p>Pan Jaroslav Va\u0161keba n\u00e1sledn\u011b osv\u011btlil nutnost kon\u00e1n\u00ed t\u00e9to mimo\u0159\u00e1dn\u00e9 \u010dlensk\u00e9 sch\u016fze a popsal p\u0159ipraven\u00e9 zm\u011bny stanov, kter\u00e9 je pot\u0159eba u\u010dinit z&nbsp;d\u016fvodu platnosti z\u00e1kona \u010d. 89\/2012 Sb. Ob\u010dansk\u00fd z\u00e1kon\u00edk, v&nbsp;platn\u00e9m zm\u011bn\u00ed.<\/p>\n<p>Po tomto \u00favodu byla otev\u0159ena diskuze a jednotliv\u00ed \u010dlenov\u00e9 se mohli p\u0159ihl\u00e1sit a vyj\u00e1d\u0159it k&nbsp;navrhovan\u00fdm zm\u011bn\u00e1m. O slovo nepo\u017e\u00e1dali \u017e\u00e1dn\u00ed \u010dlenov\u00e9.<\/p>\n<p><strong>Bylo p\u0159istoupeno k&nbsp;hlasov\u00e1n\u00ed. <\/strong>&nbsp;Hlasov\u00e1n\u00ed bylo ve\u0159ejn\u00e9, ka\u017ed\u00fd \u010dlen hlasoval zvednut\u00edm ruky.<\/p>\n<p><strong><em>Hlasovac\u00ed ot\u00e1zka zn\u011bla:<\/em><\/strong> <em>\u201eJste pro zm\u011bny stanov Klubu NAMOLO! O.s. v&nbsp;p\u0159edlo\u017een\u00e9m zn\u011bn\u00ed?\u201c<\/em><\/p>\n<p><strong><em>V\u00fdsledky hlasov\u00e1n\u00ed:<\/em><\/strong> <strong>PRO<\/strong> \u2013 12 hlas\u016f, <strong>PROTI<\/strong> \u2013&nbsp; 0 hlas\u016f, <strong>ZDR\u017dEL SE<\/strong> \u2013&nbsp; 0 hlas\u016f<\/p>\n<p>Na z\u00e1klad\u011b v\u00fdsledku hlasov\u00e1n\u00ed se stanovy sdru\u017een\u00ed&nbsp; M\u011aN\u00cd dle p\u0159edlo\u017een\u00e9ho n\u00e1vrhu.<\/p>\n<p><strong><u>Z\u00e1v\u011br.<\/u><\/strong><\/p>\n<p>Z\u00e1v\u011bre\u010dn\u00e9 slovo p\u0159ednesl p. Jaroslav Va\u0161keba, kter\u00fd konstatoval, \u017ee na z\u00e1klad\u011b \u0159\u00e1dn\u00e9ho hlasov\u00e1n\u00ed t\u00e9to \u010clensk\u00e9 sch\u016fze Spolku byly zm\u011bn\u011bny Stanovy dle po\u017eadavk\u016f z\u00e1kona \u010d. 89\/2012 Sb. Ob\u010dansk\u00fd z\u00e1kon\u00edk, pod\u011bkoval za \u00fa\u010dast a ukon\u010dil zased\u00e1n\u00ed \u010clensk\u00e9 sch\u016fze Spolku<\/p>\n<p>P\u0159\u00edlohy:&nbsp;&nbsp;&nbsp;&nbsp;&nbsp;&nbsp;&nbsp;&nbsp;&nbsp;&nbsp;<\/p>\n<ul>\n<li>1\u0445 origin\u00e1l prezen\u010dn\u00ed listiny<\/li>\n<li>1\u0445 origin\u00e1l programu sch\u016fze&nbsp;&nbsp;&nbsp;&nbsp;&nbsp;&nbsp;&nbsp;&nbsp;&nbsp;&nbsp;&nbsp;&nbsp;&nbsp;&nbsp;&nbsp;&nbsp;&nbsp;&nbsp;&nbsp;&nbsp;&nbsp;&nbsp;&nbsp;<\/li>\n<\/ul>\n<p>V&nbsp;Protivanov\u011b dne 4. \u010dervna 2016, v&nbsp;20:00 hod.<\/p>\n<p>Podpisy z\u00fa\u010dastn\u011bn\u00fdch \u010dlen\u016f \u2013 viz. P\u0159\u00edloha \u2013 Prezen\u010dn\u00ed listina<\/p>\n","protected":false},"excerpt":{"rendered":"<p>Z\u00e1pis z&nbsp;mimo\u0159\u00e1dn\u00e9 \u010dlensk\u00e9 sch\u016fze ob\u010dansk\u00e9ho sdru\u017een\u00ed Klub NAMOLO! o.s. konan\u00e9 dne 4. \u010dervna 2016, v&nbsp;19:00 hod M\u00edsto jedn\u00e1n\u00ed: RS Protivanov Hlavn\u00ed bod jedn\u00e1n\u00ed:&nbsp; Zm\u011bna stanov Prezen\u010dn\u00ed listina \u2013 viz p\u0159\u00edloha Mimo\u0159\u00e1dn\u00e9 \u010dlensk\u00e9 sch\u016fze se z\u00fa\u010dastnilo 13 z&nbsp;19-ti \u010dlen\u016f sdru\u017een\u00ed, hlasovac\u00ed pr\u00e1vo m\u011blo 12 \u010dlen\u016f. Tato mimo\u0159\u00e1dn\u00e1 \u010dlensk\u00e1 sch\u016fze tedy dle \u010dl. 5\/4 platn\u00fdch Stanov JE&nbsp; [&hellip;]<\/p>\n","protected":false},"author":2,"featured_media":0,"parent":52,"menu_order":11,"comment_status":"closed","ping_status":"closed","template":"","meta":{"footnotes":""},"class_list":["post-8473","page","type-page","status-publish","hentry"],"_links":{"self":[{"href":"https:\/\/www.tugtowing.cz\/index.php?rest_route=\/wp\/v2\/pages\/8473","targetHints":{"allow":["GET"]}}],"collection":[{"href":"https:\/\/www.tugtowing.cz\/index.php?rest_route=\/wp\/v2\/pages"}],"about":[{"href":"https:\/\/www.tugtowing.cz\/index.php?rest_route=\/wp\/v2\/types\/page"}],"author":[{"embeddable":true,"href":"https:\/\/www.tugtowing.cz\/index.php?rest_route=\/wp\/v2\/users\/2"}],"replies":[{"embeddable":true,"href":"https:\/\/www.tugtowing.cz\/index.php?rest_route=%2Fwp%2Fv2%2Fcomments&post=8473"}],"version-history":[{"count":2,"href":"https:\/\/www.tugtowing.cz\/index.php?rest_route=\/wp\/v2\/pages\/8473\/revisions"}],"predecessor-version":[{"id":10835,"href":"https:\/\/www.tugtowing.cz\/index.php?rest_route=\/wp\/v2\/pages\/8473\/revisions\/10835"}],"up":[{"embeddable":true,"href":"https:\/\/www.tugtowing.cz\/index.php?rest_route=\/wp\/v2\/pages\/52"}],"wp:attachment":[{"href":"https:\/\/www.tugtowing.cz\/index.php?rest_route=%2Fwp%2Fv2%2Fmedia&parent=8473"}],"curies":[{"name":"wp","href":"https:\/\/api.w.org\/{rel}","templated":true}]}}