{"id":8478,"date":"2016-12-29T13:12:14","date_gmt":"2016-12-29T12:12:14","guid":{"rendered":"http:\/\/www.tugtowing.cz\/?page_id=8478"},"modified":"2016-12-29T13:15:58","modified_gmt":"2016-12-29T12:15:58","slug":"sezona-2017","status":"publish","type":"page","link":"https:\/\/www.tugtowing.cz\/?page_id=8478","title":{"rendered":"Sez\u00f3na 2017"},"content":{"rendered":"<p>P\u0159ehled akc\u00ed, kde bude prob\u00edhat tug towing:<\/p>\n<ul>\n<li>Springer Cup 2017 P\u00edsek (nepotvrzeno)<\/li>\n<li>Tug Towing na Rokytce 2017 (nepotvrzeno)<\/li>\n<li>Springer Cup na Proseku 2017 (nepotvrzeno)<\/li>\n<\/ul>\n","protected":false},"excerpt":{"rendered":"<p>P\u0159ehled akc\u00ed, kde bude prob\u00edhat tug towing: Springer Cup 2017 P\u00edsek (nepotvrzeno) Tug Towing na Rokytce 2017 (nepotvrzeno) Springer Cup na Proseku 2017 (nepotvrzeno)<\/p>\n","protected":false},"author":2,"featured_media":0,"parent":2,"menu_order":35,"comment_status":"closed","ping_status":"closed","template":"","meta":{"footnotes":""},"class_list":["post-8478","page","type-page","status-publish","hentry"],"_links":{"self":[{"href":"https:\/\/www.tugtowing.cz\/index.php?rest_route=\/wp\/v2\/pages\/8478","targetHints":{"allow":["GET"]}}],"collection":[{"href":"https:\/\/www.tugtowing.cz\/index.php?rest_route=\/wp\/v2\/pages"}],"about":[{"href":"https:\/\/www.tugtowing.cz\/index.php?rest_route=\/wp\/v2\/types\/page"}],"author":[{"embeddable":true,"href":"https:\/\/www.tugtowing.cz\/index.php?rest_route=\/wp\/v2\/users\/2"}],"replies":[{"embeddable":true,"href":"https:\/\/www.tugtowing.cz\/index.php?rest_route=%2Fwp%2Fv2%2Fcomments&post=8478"}],"version-history":[{"count":0,"href":"https:\/\/www.tugtowing.cz\/index.php?rest_route=\/wp\/v2\/pages\/8478\/revisions"}],"up":[{"embeddable":true,"href":"https:\/\/www.tugtowing.cz\/index.php?rest_route=\/wp\/v2\/pages\/2"}],"wp:attachment":[{"href":"https:\/\/www.tugtowing.cz\/index.php?rest_route=%2Fwp%2Fv2%2Fmedia&parent=8478"}],"curies":[{"name":"wp","href":"https:\/\/api.w.org\/{rel}","templated":true}]}}