{"id":8580,"date":"2017-01-09T16:17:29","date_gmt":"2017-01-09T15:17:29","guid":{"rendered":"http:\/\/www.tugtowing.cz\/?page_id=8580"},"modified":"2017-03-09T15:37:58","modified_gmt":"2017-03-09T14:37:58","slug":"zimni-tug-towing-v-moste-1-1","status":"publish","type":"page","link":"https:\/\/www.tugtowing.cz\/?page_id=8580","title":{"rendered":"Zimn\u00ed TT v Most\u011b 2017"},"content":{"rendered":"<p style=\"text-align: center;\"><img decoding=\"async\" class=\"ngg-singlepic ngg-center aligncenter\" src=\"https:\/\/www.tugtowing.cz\/wp-content\/uploads\/bannery\/banZimniTT2017Most.png\" alt=\"banZimniTT2017Most\">&nbsp;<\/p>\n<p style=\"text-align: center;\"><a href=\"https:\/\/www.tugtowing.cz\/?p=8568\">Propozice<\/a><\/p>\n<p style=\"text-align: center;\"><a href=\"https:\/\/www.tugtowing.cz\/?p=8665\">Pl\u00e1nky trat\u00ed<\/a><\/p>\n<p style=\"text-align: center;\"><a href=\"https:\/\/www.tugtowing.cz\/?p=8712\">Anketa<\/a><\/p>\n<p style=\"text-align: center;\"><a href=\"https:\/\/www.tugtowing.cz\/?p=8760\">Report\u00e1\u017e<\/a><\/p>\n<p style=\"text-align: center;\"><a href=\"https:\/\/www.tugtowing.cz\/?page_id=446\">Foto<\/a><\/p>\n<p style=\"text-align: center;\"><a href=\"https:\/\/www.tugtowing.cz\/doc\/Tabulky\/TTC01-2017.htm\" target=\"_blank\">V\u00fdsledky<\/a><\/p>\n<p style=\"text-align: center;\"><a href=\"https:\/\/www.youtube.com\/user\/TugTowingCZ\/videos\" target=\"_blank\">Video<\/a><\/p>\n<p style=\"text-align: center;\">Z\u00e1pisy j\u00edzd: <a href=\"https:\/\/www.tugtowing.cz\/doc\/TTC2017\/TTC01-LTT.zip\">LTT<\/a>, <a href=\"https:\/\/www.tugtowing.cz\/doc\/TTC2017\/TTC01-TTT.zip\">TTT<\/a>, <a href=\"https:\/\/www.tugtowing.cz\/doc\/TTC2017\/TTC01-TR1.zip\">TR1<\/a>, <a href=\"https:\/\/www.tugtowing.cz\/doc\/TTC2017\/TTC01-TR2.zip\">TR2<\/a><\/p>\n<p><span style=\"border-radius: 2px; text-indent: 20px; width: auto; padding: 0px 4px 0px 0px; text-align: center; font: bold 11px\/20px 'Helvetica Neue',Helvetica,sans-serif; color: #ffffff; background: #bd081c no-repeat scroll 3px 50% \/ 14px 14px; position: absolute; opacity: 1; z-index: 8675309; display: none; cursor: pointer;\">Ulo\u017eit<\/span><\/p>\n<p><span style=\"border-radius: 2px; text-indent: 20px; width: auto; padding: 0px 4px 0px 0px; text-align: center; font: bold 11px\/20px 'Helvetica Neue',Helvetica,sans-serif; color: #ffffff; background: #bd081c no-repeat scroll 3px 50% \/ 14px 14px; position: absolute; opacity: 1; z-index: 8675309; display: none; cursor: pointer;\">Ulo\u017eit<\/span><\/p>\n<p><span style=\"border-radius: 2px; text-indent: 20px; width: auto; padding: 0px 4px 0px 0px; text-align: center; font: bold 11px\/20px 'Helvetica Neue',Helvetica,sans-serif; color: #ffffff; background: #bd081c no-repeat scroll 3px 50% \/ 14px 14px; position: absolute; opacity: 1; z-index: 8675309; display: none; cursor: pointer;\">Ulo\u017eit<\/span><\/p>\n","protected":false},"excerpt":{"rendered":"<p>&nbsp; Propozice Pl\u00e1nky trat\u00ed Anketa Report\u00e1\u017e Foto V\u00fdsledky Video Z\u00e1pisy j\u00edzd: LTT, TTT, TR1, TR2 Ulo\u017eit Ulo\u017eit Ulo\u017eit<\/p>\n","protected":false},"author":2,"featured_media":0,"parent":8439,"menu_order":2,"comment_status":"closed","ping_status":"closed","template":"","meta":{"footnotes":""},"class_list":["post-8580","page","type-page","status-publish","hentry"],"_links":{"self":[{"href":"https:\/\/www.tugtowing.cz\/index.php?rest_route=\/wp\/v2\/pages\/8580","targetHints":{"allow":["GET"]}}],"collection":[{"href":"https:\/\/www.tugtowing.cz\/index.php?rest_route=\/wp\/v2\/pages"}],"about":[{"href":"https:\/\/www.tugtowing.cz\/index.php?rest_route=\/wp\/v2\/types\/page"}],"author":[{"embeddable":true,"href":"https:\/\/www.tugtowing.cz\/index.php?rest_route=\/wp\/v2\/users\/2"}],"replies":[{"embeddable":true,"href":"https:\/\/www.tugtowing.cz\/index.php?rest_route=%2Fwp%2Fv2%2Fcomments&post=8580"}],"version-history":[{"count":0,"href":"https:\/\/www.tugtowing.cz\/index.php?rest_route=\/wp\/v2\/pages\/8580\/revisions"}],"up":[{"embeddable":true,"href":"https:\/\/www.tugtowing.cz\/index.php?rest_route=\/wp\/v2\/pages\/8439"}],"wp:attachment":[{"href":"https:\/\/www.tugtowing.cz\/index.php?rest_route=%2Fwp%2Fv2%2Fmedia&parent=8580"}],"curies":[{"name":"wp","href":"https:\/\/api.w.org\/{rel}","templated":true}]}}