{"id":8856,"date":"2017-04-20T14:54:54","date_gmt":"2017-04-20T13:54:54","guid":{"rendered":"http:\/\/www.tugtowing.cz\/?page_id=8856"},"modified":"2017-06-04T16:01:37","modified_gmt":"2017-06-04T15:01:37","slug":"vikend-s-tt-jindrichuv-hradec","status":"publish","type":"page","link":"https:\/\/www.tugtowing.cz\/?page_id=8856","title":{"rendered":"V\u00edkend s TT &#8211; Jind\u0159ich\u016fv Hradec"},"content":{"rendered":"<p style=\"text-align: center;\"><img decoding=\"async\" class=\"ngg-singlepic ngg-center\" src=\"https:\/\/www.tugtowing.cz\/wp-content\/uploads\/bannery\/sb-TTC2017-JH-468x90px.jpg\" alt=\"sb-TTC2017-JH-468x90px\">&nbsp;<\/p>\n<p style=\"text-align: center;\"><a href=\"https:\/\/www.tugtowing.cz\/?p=8852\">Propozice<\/a><\/p>\n<p style=\"text-align: center;\"><a href=\"https:\/\/www.tugtowing.cz\/?p=8873\">Pl\u00e1nky trat\u00ed<\/a><\/p>\n<p style=\"text-align: center;\">Anketa<\/p>\n<p style=\"text-align: center;\"><a href=\"https:\/\/www.tugtowing.cz\/doc\/Tabulky\/TTC02-2017.htm\" target=\"_blank\">V\u00fdsledky<\/a><\/p>\n<p style=\"text-align: center;\"><a href=\"https:\/\/www.tugtowing.cz\/?p=8896\">Report\u00e1\u017e<\/a><\/p>\n<p style=\"text-align: center;\"><a href=\"https:\/\/www.tugtowing.cz\/?page_id=446\">Foto<\/a><\/p>\n<p style=\"text-align: center;\">Video<\/p>\n<p style=\"text-align: center;\">Z\u00e1pisy j\u00edzd: <a href=\"https:\/\/www.tugtowing.cz\/doc\/TTC2017\/TTC02-LTT.zip\">LTT<\/a>, <a href=\"https:\/\/www.tugtowing.cz\/doc\/TTC2017\/TTC02-TTT.zip\">TTT<\/a>, <a href=\"https:\/\/www.tugtowing.cz\/doc\/TTC2017\/TTC02-TR1.zip\">TR1<\/a>, <a href=\"https:\/\/www.tugtowing.cz\/doc\/TTC2017\/TTC02-TR2.zip\">TR2,<\/a> <a href=\"https:\/\/www.tugtowing.cz\/doc\/TTC2017\/TTC02.zip\">TTC02<\/a><\/p>\n","protected":false},"excerpt":{"rendered":"<p>&nbsp; Propozice Pl\u00e1nky trat\u00ed Anketa V\u00fdsledky Report\u00e1\u017e Foto Video Z\u00e1pisy j\u00edzd: LTT, TTT, TR1, TR2, TTC02<\/p>\n","protected":false},"author":2,"featured_media":0,"parent":8439,"menu_order":3,"comment_status":"closed","ping_status":"closed","template":"","meta":{"footnotes":""},"class_list":["post-8856","page","type-page","status-publish","hentry"],"_links":{"self":[{"href":"https:\/\/www.tugtowing.cz\/index.php?rest_route=\/wp\/v2\/pages\/8856","targetHints":{"allow":["GET"]}}],"collection":[{"href":"https:\/\/www.tugtowing.cz\/index.php?rest_route=\/wp\/v2\/pages"}],"about":[{"href":"https:\/\/www.tugtowing.cz\/index.php?rest_route=\/wp\/v2\/types\/page"}],"author":[{"embeddable":true,"href":"https:\/\/www.tugtowing.cz\/index.php?rest_route=\/wp\/v2\/users\/2"}],"replies":[{"embeddable":true,"href":"https:\/\/www.tugtowing.cz\/index.php?rest_route=%2Fwp%2Fv2%2Fcomments&post=8856"}],"version-history":[{"count":0,"href":"https:\/\/www.tugtowing.cz\/index.php?rest_route=\/wp\/v2\/pages\/8856\/revisions"}],"up":[{"embeddable":true,"href":"https:\/\/www.tugtowing.cz\/index.php?rest_route=\/wp\/v2\/pages\/8439"}],"wp:attachment":[{"href":"https:\/\/www.tugtowing.cz\/index.php?rest_route=%2Fwp%2Fv2%2Fmedia&parent=8856"}],"curies":[{"name":"wp","href":"https:\/\/api.w.org\/{rel}","templated":true}]}}