{"id":889,"date":"2010-11-22T15:22:07","date_gmt":"2010-11-22T13:22:07","guid":{"rendered":"http:\/\/www.tugtowing.cz\/?page_id=889"},"modified":"2017-01-10T15:18:03","modified_gmt":"2017-01-10T14:18:03","slug":"o-strance","status":"publish","type":"page","link":"https:\/\/www.tugtowing.cz\/?page_id=889","title":{"rendered":"O str\u00e1nce"},"content":{"rendered":"<p>spr\u00e1vce str\u00e1nek: Jaroslav Va\u0161keba<\/p>\n<p>kontakt: <strong>tugtowing@gmail.com<\/strong><\/p>\n<p><strong>Dal\u0161\u00ed rubriky:<\/strong><\/p>\n<ul>\n<li><a title=\"Publikov\u00e1n\u00ed\" href=\"https:\/\/www.tugtowing.cz\/?page_id=931\">Chcete publikovat vlastn\u00ed p\u0159\u00edsp\u011bvek?<\/a><\/li>\n<li><a title=\"Copyright\" href=\"https:\/\/www.tugtowing.cz\/?page_id=948\">Copyright<\/a><\/li>\n<\/ul>\n<p>Tug Towing najdete i na Facebooku<\/p>\n<p><!-- Facebook Badge START --><a style=\"font-family: &amp;amp; quot; font-size: 11px; font-variant: normal; font-style: normal; font-weight: normal; color: #3b5998; text-decoration: none;\" title=\"Tug Towing CZ\" href=\"http:\/\/www.facebook.com\/pages\/Tug-Towing-CZ\/113021852098796\" target=\"_TOP\">Tug Towing CZ<\/a><span style=\"font-family: &amp;amp; quot; font-size: 11px; line-height: 16px; font-variant: normal; font-style: normal; font-weight: normal; color: #555555; text-decoration: none;\"> | <\/span><a style=\"font-family: &amp;amp; quot; font-size: 11px; font-variant: normal; font-style: normal; font-weight: normal; color: #3b5998; text-decoration: none;\" title=\"Vytvo\u0159te si vlastn\u00ed \u0161t\u00edtek!\" href=\"http:\/\/www.facebook.com\/business\/dashboard\/\" target=\"_TOP\">Propagujte i svoj\u00ed str\u00e1nku<\/a><br \/>\n<a title=\"Tug Towing CZ\" href=\"http:\/\/www.facebook.com\/pages\/Tug-Towing-CZ\/113021852098796\" target=\"_TOP\"><img loading=\"lazy\" decoding=\"async\" style=\"border: 0px;\" src=\"http:\/\/badge.facebook.com\/badge\/113021852098796.585.2047177727.png\" alt=\"\" width=\"290\" height=\"84\"><\/a><!-- Facebook Badge END --><\/p>\n<p><span style=\"border-radius: 2px; text-indent: 20px; width: auto; padding: 0px 4px 0px 0px; text-align: center; font: bold 11px\/20px 'Helvetica Neue',Helvetica,sans-serif; color: #ffffff; background: #bd081c  no-repeat scroll 3px 50% \/ 14px 14px; position: absolute; opacity: 1; z-index: 8675309; display: none; cursor: pointer;\">Ulo\u017eit<\/span><\/p>\n","protected":false},"excerpt":{"rendered":"<p>spr\u00e1vce str\u00e1nek: Jaroslav Va\u0161keba kontakt: tugtowing@gmail.com Dal\u0161\u00ed rubriky: Chcete publikovat vlastn\u00ed p\u0159\u00edsp\u011bvek? Copyright Tug Towing najdete i na Facebooku Tug Towing CZ | Propagujte i svoj\u00ed str\u00e1nku Ulo\u017eit<\/p>\n","protected":false},"author":2,"featured_media":0,"parent":0,"menu_order":9,"comment_status":"closed","ping_status":"closed","template":"","meta":{"footnotes":""},"class_list":["post-889","page","type-page","status-publish","hentry"],"_links":{"self":[{"href":"https:\/\/www.tugtowing.cz\/index.php?rest_route=\/wp\/v2\/pages\/889","targetHints":{"allow":["GET"]}}],"collection":[{"href":"https:\/\/www.tugtowing.cz\/index.php?rest_route=\/wp\/v2\/pages"}],"about":[{"href":"https:\/\/www.tugtowing.cz\/index.php?rest_route=\/wp\/v2\/types\/page"}],"author":[{"embeddable":true,"href":"https:\/\/www.tugtowing.cz\/index.php?rest_route=\/wp\/v2\/users\/2"}],"replies":[{"embeddable":true,"href":"https:\/\/www.tugtowing.cz\/index.php?rest_route=%2Fwp%2Fv2%2Fcomments&post=889"}],"version-history":[{"count":0,"href":"https:\/\/www.tugtowing.cz\/index.php?rest_route=\/wp\/v2\/pages\/889\/revisions"}],"wp:attachment":[{"href":"https:\/\/www.tugtowing.cz\/index.php?rest_route=%2Fwp%2Fv2%2Fmedia&parent=889"}],"curies":[{"name":"wp","href":"https:\/\/api.w.org\/{rel}","templated":true}]}}