{"id":9231,"date":"2017-12-07T20:07:29","date_gmt":"2017-12-07T19:07:29","guid":{"rendered":"http:\/\/www.tugtowing.cz\/?page_id=9231"},"modified":"2018-10-23T19:44:47","modified_gmt":"2018-10-23T18:44:47","slug":"tug-towing-cup-2017-1","status":"publish","type":"page","link":"https:\/\/www.tugtowing.cz\/?page_id=9231","title":{"rendered":"Tug Towing Cup 2018"},"content":{"rendered":"<p>Tug Towing Cup je seri\u00e1l vybran\u00fdch regat v tug towingu. V\u00fdsledky t\u011bchto regat se zapo\u010d\u00edt\u00e1vaj\u00ed do tzv. <em>\u201epoh\u00e1ru\u201c<\/em>. T\u00fdm, kter\u00fd z t\u011bchto regat z\u00edsk\u00e1 nejv\u00edce bod\u016f, z\u00edsk\u00e1v\u00e1 presti\u017en\u00ed titul <strong>\u201e\u0160ampi\u00f3n v Tug Towingu\u201c<\/strong> a putovn\u00ed poh\u00e1r.<\/p>\n<p><a href=\"https:\/\/www.tugtowing.cz\/?page_id=9234\">Pravidla TTC 2018<\/a><\/p>\n<p><img decoding=\"async\" class=\"ngg-singlepic ngg-center aligncenter\" src=\"https:\/\/www.tugtowing.cz\/wp-content\/uploads\/loga\/logoTTC2018.png\" alt=\"logoTTC2018\"><\/p>\n<p style=\"text-align: center;\"><em>Logo Tug Towing Cup 2018<\/em><\/p>\n<p><strong>Regaty zapo\u010d\u00edt\u00e1van\u00e9 do poh\u00e1ru<\/strong><\/p>\n<p>24.02.2018 \u2013 25.02.2018 \u2013 <a href=\"https:\/\/www.tugtowing.cz\/?page_id=9261\"><strong>Zimn\u00ed Tug Towing<\/strong><\/a>, Most (potvrzeno v\u010detn\u011b ubytov\u00e1n\u00ed)<br \/>\n18.05.2018 \u2013 20.05.2018 \u2013 <a href=\"https:\/\/www.tugtowing.cz\/?page_id=9321\"><strong>V\u00edkend s Tug Towingem<\/strong><\/a>,&nbsp;Jind\u0159ich\u016fv Hradec&nbsp;(potvrzeno&nbsp;v\u010detn\u011b ubytov\u00e1n\u00ed)<br \/>\n08.06.2018 \u2013 10.06.2018 \u2013 <a href=\"https:\/\/www.tugtowing.cz\/?page_id=9323\"><strong>Cab\u016fv memori\u00e1l<\/strong><\/a>, Protivanov (potvrzeno v\u010detn\u011b ubytov\u00e1n\u00ed)<br \/>\n14.09.2018 \u2013 16.09.2018 \u2013 <a href=\"https:\/\/www.tugtowing.cz\/?page_id=9325\"><strong>O soudek Panist\u00e1vky<\/strong><\/a>, \u017dirovnice (potvrzeno v\u010detn\u011b ubytov\u00e1n\u00ed)<\/p>\n<p style=\"text-align: center;\"><strong>V\u00fdsledky Tug Towing Cup 2018<\/strong><\/p>\n<p style=\"text-align: center;\"><a href=\"https:\/\/www.tugtowing.cz\/?page_id=2922\">Tabulka<\/a><\/p>\n<p style=\"text-align: center;\">Kategorie:&nbsp;<strong>tla\u010dn\u00e9 remork\u00e9ry \u2013 jedno\u0161roub\u00e9<\/strong><\/p>\n<p style=\"text-align: center;\">Celkov\u00fdm v\u00edt\u011bzem t\u00e9to kategorie se stal t\u00fdm<\/p>\n<p style=\"text-align: center;\"><img loading=\"lazy\" decoding=\"async\" src=\"https:\/\/www.tugtowing.cz\/wp-content\/uploads\/default\/poharobrazek.jpg\" alt=\"poharobrazek\" width=\"73\" height=\"91\"><\/p>\n<p style=\"text-align: center;\"><strong>S\u00f3lo<br \/>\n<\/strong><\/p>\n<p style=\"text-align: center;\">remork\u00e9r: Armstrong<br \/>\nkapit\u00e1n: <strong>Jan Dolej\u0161ek<br \/>\n<\/strong><\/p>\n<p style=\"text-align: center;\">2. m\u00edsto: t\u00fdm 323 tla\u010dn\u00e1<br \/>\n3.m\u00edsto: t\u00fdm Tla\u010dmen<\/p>\n<p style=\"text-align: center;\">Kategorie:&nbsp;<strong>tla\u010dn\u00e9 remork\u00e9ry -v\u00edce\u0161roub\u00e9<\/strong><\/p>\n<p style=\"text-align: center;\">Celkov\u00fdm v\u00edt\u011bzem t\u00e9to kategorie se stal t\u00fdm<\/p>\n<p style=\"text-align: center;\"><img loading=\"lazy\" decoding=\"async\" src=\"https:\/\/www.tugtowing.cz\/wp-content\/uploads\/default\/poharobrazek.jpg\" alt=\"poharobrazek\" width=\"73\" height=\"91\"><\/p>\n<p style=\"text-align: center;\"><strong>B2<br \/>\n<\/strong><\/p>\n<p style=\"text-align: center;\">remork\u00e9r: B2<br \/>\nkapit\u00e1n: <strong>Maro\u0161<br \/>\n<\/strong><\/p>\n<p style=\"text-align: center;\">2.m\u00edsto: t\u00fdm Salvador Dal\u00ed<br \/>\n3.m\u00edsto: t\u00fdm Prvn\u00ed vodn\u00ed<\/p>\n<p style=\"text-align: center;\">Kategorie:&nbsp;<strong>lehk\u00fd tug towing<\/strong><\/p>\n<p style=\"text-align: center;\">Celkov\u00fdm v\u00edt\u011bzem t\u00e9to kategorie se stal t\u00fdm<\/p>\n<p style=\"text-align: center;\"><img loading=\"lazy\" decoding=\"async\" src=\"https:\/\/www.tugtowing.cz\/wp-content\/uploads\/default\/poharobrazek.jpg\" alt=\"poharobrazek\" width=\"73\" height=\"91\"><\/p>\n<p style=\"text-align: center;\"><strong>F\u00f3gli<br \/>\n<\/strong><\/p>\n<p style=\"text-align: center;\">remork\u00e9ry: Ready Printing, Adam II<br \/>\nkapit\u00e1ni:<strong> Ondra Slav\u00edk, Godrik<\/strong><\/p>\n<p style=\"text-align: center;\">2.m\u00edsto: t\u00fdm B\u00e9\u010dka<br \/>\n3.m\u00edsto: t\u00fdm Rum\u00edci<\/p>\n<p style=\"text-align: center;\">Kategorie:&nbsp;<strong>t\u011b\u017ek\u00fd tug towing<\/strong><\/p>\n<p style=\"text-align: center;\">Celkov\u00fdm v\u00edt\u011bzem t\u00e9to kategorie se stal t\u00fdm<\/p>\n<p style=\"text-align: center;\"><img loading=\"lazy\" decoding=\"async\" src=\"https:\/\/www.tugtowing.cz\/wp-content\/uploads\/default\/poharobrazek.jpg\" alt=\"poharobrazek\" width=\"73\" height=\"91\"><\/p>\n<p style=\"text-align: center;\"><strong>Heavy Rum<br \/>\n<\/strong><\/p>\n<p style=\"text-align: center;\">remork\u00e9ry: Armstrong, Kalarka<br \/>\nkapit\u00e1ni: <strong>Honza Dolej\u0161ek, Robert Jurka<br \/>\n<\/strong><\/p>\n<p style=\"text-align: center;\">2.m\u00edsto: t\u00fdm Zb\u011bsil\u00e9 p\u00e1ky<br \/>\n3.m\u00edsto: t\u00fdm B\u00e9\u010dka<\/p>\n<h3 style=\"text-align: center;\">V\u0161em v\u00edt\u011bz\u016fm srde\u010dn\u011b blahop\u0159ejeme!<\/h3>\n<h3 style=\"text-align: center;\">&nbsp;<\/h3>\n<p>[nggallery id=13]<\/p>\n<p>&nbsp;<\/p>\n<p><span style=\"background: no-repeat 3px 50% \/ 14px 14px #bd081c; font: bold 11px\/20px 'Helvetica Neue', Helvetica, sans-serif; padding: 0px 4px 0px 0px; border-radius: 2px; width: auto; text-align: center; color: #ffffff; text-indent: 20px; display: none; position: absolute; z-index: 8675309; cursor: pointer; font-size-adjust: none; font-stretch: normal; opacity: 1;\">Ulo\u017eit<\/span><\/p>\n<p><span style=\"background: no-repeat 3px 50% \/ 14px 14px #bd081c; font: bold 11px\/20px 'Helvetica Neue', Helvetica, sans-serif; padding: 0px 4px 0px 0px; border-radius: 2px; width: auto; text-align: center; color: #ffffff; text-indent: 20px; display: none; position: absolute; z-index: 8675309; cursor: pointer; font-size-adjust: none; font-stretch: normal; opacity: 1;\">Ulo\u017eit<\/span><\/p>\n<p><span style=\"background: no-repeat 3px 50% \/ 14px 14px #bd081c; font: bold 11px\/20px 'Helvetica Neue', Helvetica, sans-serif; padding: 0px 4px 0px 0px; border-radius: 2px; width: auto; text-align: center; color: #ffffff; text-indent: 20px; display: none; position: absolute; z-index: 8675309; cursor: pointer; font-size-adjust: none; font-stretch: normal; opacity: 1;\">Ulo\u017eit<\/span><\/p>\n<p><span style=\"background: no-repeat 3px 50% \/ 14px 14px #bd081c; font: bold 11px\/20px 'Helvetica Neue', Helvetica, sans-serif; padding: 0px 4px 0px 0px; border-radius: 2px; width: auto; text-align: center; color: #ffffff; text-indent: 20px; display: none; position: absolute; z-index: 8675309; cursor: pointer; font-size-adjust: none; font-stretch: normal; opacity: 1;\">Ulo\u017eit<\/span><\/p>\n<p><span style=\"background: no-repeat 3px 50% \/ 14px 14px #bd081c; font: bold 11px\/20px 'Helvetica Neue', Helvetica, sans-serif; padding: 0px 4px 0px 0px; border-radius: 2px; width: auto; text-align: center; color: #ffffff; text-indent: 20px; display: none; position: absolute; z-index: 8675309; cursor: pointer; font-size-adjust: none; font-stretch: normal; opacity: 1;\">Ulo\u017eit<\/span><\/p>\n<p><span style=\"background: no-repeat 3px 50% \/ 14px 14px #bd081c; font: bold 11px\/20px 'Helvetica Neue', Helvetica, sans-serif; padding: 0px 4px 0px 0px; border-radius: 2px; width: auto; text-align: center; color: #ffffff; text-indent: 20px; display: none; position: absolute; z-index: 8675309; cursor: pointer; font-size-adjust: none; font-stretch: normal; opacity: 1;\">Ulo\u017eit<\/span><\/p>\n<p><span style=\"background: no-repeat 3px 50% \/ 14px 14px #bd081c; font: bold 11px\/20px 'Helvetica Neue', Helvetica, sans-serif; padding: 0px 4px 0px 0px; border-radius: 2px; width: auto; text-align: center; color: #ffffff; text-indent: 20px; display: none; position: absolute; z-index: 8675309; cursor: pointer; font-size-adjust: none; font-stretch: normal; opacity: 1;\">Ulo\u017eit<\/span><\/p>\n<p><span style=\"background: no-repeat 3px 50% \/ 14px 14px #bd081c; font: bold 11px\/20px 'Helvetica Neue', Helvetica, sans-serif; padding: 0px 4px 0px 0px; border-radius: 2px; width: auto; text-align: center; color: #ffffff; text-indent: 20px; display: none; position: absolute; z-index: 8675309; cursor: pointer; font-size-adjust: none; font-stretch: normal; opacity: 1;\">Ulo\u017eit<\/span><\/p>\n<p><span style=\"background: no-repeat 3px 50% \/ 14px 14px #bd081c; font: bold 11px\/20px 'Helvetica Neue', Helvetica, sans-serif; padding: 0px 4px 0px 0px; border-radius: 2px; width: auto; text-align: center; color: #ffffff; text-indent: 20px; display: none; position: absolute; z-index: 8675309; cursor: pointer; font-size-adjust: none; font-stretch: normal; opacity: 1;\">Ulo\u017eit<\/span><\/p>\n<p><span style=\"background: no-repeat 3px 50% \/ 14px 14px #bd081c; font: bold 11px\/20px 'Helvetica Neue', Helvetica, sans-serif; padding: 0px 4px 0px 0px; border-radius: 2px; width: auto; text-align: center; color: #ffffff; text-indent: 20px; display: none; position: absolute; z-index: 8675309; cursor: pointer; font-size-adjust: none; font-stretch: normal; opacity: 1;\">Ulo\u017eit<\/span><\/p>\n<p><span style=\"background: no-repeat 3px 50% \/ 14px 14px #bd081c; font: bold 11px\/20px 'Helvetica Neue', Helvetica, sans-serif; padding: 0px 4px 0px 0px; border-radius: 2px; width: auto; text-align: center; color: #ffffff; text-indent: 20px; display: none; position: absolute; z-index: 8675309; cursor: pointer; font-size-adjust: none; font-stretch: normal; opacity: 1;\">Ulo\u017eit<\/span><\/p>\n","protected":false},"excerpt":{"rendered":"<p>Tug Towing Cup je seri\u00e1l vybran\u00fdch regat v tug towingu. V\u00fdsledky t\u011bchto regat se zapo\u010d\u00edt\u00e1vaj\u00ed do tzv. \u201epoh\u00e1ru\u201c. T\u00fdm, kter\u00fd z t\u011bchto regat z\u00edsk\u00e1 nejv\u00edce bod\u016f, z\u00edsk\u00e1v\u00e1 presti\u017en\u00ed titul \u201e\u0160ampi\u00f3n v Tug Towingu\u201c a putovn\u00ed poh\u00e1r. Pravidla TTC 2018 Logo Tug Towing Cup 2018 Regaty zapo\u010d\u00edt\u00e1van\u00e9 do poh\u00e1ru 24.02.2018 \u2013 25.02.2018 \u2013 Zimn\u00ed Tug Towing, [&hellip;]<\/p>\n","protected":false},"author":2,"featured_media":0,"parent":2,"menu_order":35,"comment_status":"closed","ping_status":"closed","template":"","meta":{"footnotes":""},"class_list":["post-9231","page","type-page","status-publish","hentry"],"_links":{"self":[{"href":"https:\/\/www.tugtowing.cz\/index.php?rest_route=\/wp\/v2\/pages\/9231","targetHints":{"allow":["GET"]}}],"collection":[{"href":"https:\/\/www.tugtowing.cz\/index.php?rest_route=\/wp\/v2\/pages"}],"about":[{"href":"https:\/\/www.tugtowing.cz\/index.php?rest_route=\/wp\/v2\/types\/page"}],"author":[{"embeddable":true,"href":"https:\/\/www.tugtowing.cz\/index.php?rest_route=\/wp\/v2\/users\/2"}],"replies":[{"embeddable":true,"href":"https:\/\/www.tugtowing.cz\/index.php?rest_route=%2Fwp%2Fv2%2Fcomments&post=9231"}],"version-history":[{"count":0,"href":"https:\/\/www.tugtowing.cz\/index.php?rest_route=\/wp\/v2\/pages\/9231\/revisions"}],"up":[{"embeddable":true,"href":"https:\/\/www.tugtowing.cz\/index.php?rest_route=\/wp\/v2\/pages\/2"}],"wp:attachment":[{"href":"https:\/\/www.tugtowing.cz\/index.php?rest_route=%2Fwp%2Fv2%2Fmedia&parent=9231"}],"curies":[{"name":"wp","href":"https:\/\/api.w.org\/{rel}","templated":true}]}}