{"id":9321,"date":"2018-03-04T17:30:11","date_gmt":"2018-03-04T16:30:11","guid":{"rendered":"http:\/\/www.tugtowing.cz\/?page_id=9321"},"modified":"2018-10-25T10:16:32","modified_gmt":"2018-10-25T09:16:32","slug":"vikend-s-tt-j-hradec","status":"publish","type":"page","link":"https:\/\/www.tugtowing.cz\/?page_id=9321","title":{"rendered":"V\u00edkend s TT &#8211; J.Hradec"},"content":{"rendered":"<p style=\"text-align: center;\"><a href=\"https:\/\/www.tugtowing.cz\/?p=9502\">Propozice<\/a><\/p>\n<p style=\"text-align: center;\"><a href=\"https:\/\/www.tugtowing.cz\/?p=9520\">Pl\u00e1nky trat\u00ed<\/a><\/p>\n<p style=\"text-align: center;\"><a href=\"https:\/\/www.tugtowing.cz\/?p=9530\">Anketa<\/a><\/p>\n<p style=\"text-align: center;\"><a href=\"https:\/\/www.tugtowing.cz\/doc\/Tabulky\/TTC02-2018.htm\" target=\"_blank\" rel=\"noopener\">V\u00fdsledky<\/a><\/p>\n<p style=\"text-align: center;\"><a href=\"https:\/\/www.tugtowing.cz\/?p=9630\">Report\u00e1\u017e<\/a><\/p>\n<p style=\"text-align: center;\"><a href=\"https:\/\/photos.app.goo.gl\/wsPG4sZyMfvdDfeV8\" target=\"_blank\" rel=\"noopener\">Foto<\/a><\/p>\n<p style=\"text-align: center;\">Video<\/p>\n<p style=\"text-align: center;\">Z\u00e1pisy j\u00edzd: <a href=\"https:\/\/www.tugtowing.cz\/doc\/TTC2018\/TTC02-LTT.zip\">LTT<\/a>, <a href=\"https:\/\/www.tugtowing.cz\/doc\/TTC2018\/TTC02-TTT.zip\">TTT<\/a>, <a href=\"https:\/\/www.tugtowing.cz\/doc\/TTC2018\/TTC02-TR1.zip\">TR1<\/a>, <a href=\"https:\/\/www.tugtowing.cz\/doc\/TTC2018\/TTC02-TR2.zip\">TR2<\/a>, <a href=\"https:\/\/www.tugtowing.cz\/doc\/TTC2018\/TTC02.zip\">TTC02<\/a><\/p>\n<p>&nbsp;<\/p>\n","protected":false},"excerpt":{"rendered":"<p>Propozice Pl\u00e1nky trat\u00ed Anketa V\u00fdsledky Report\u00e1\u017e Foto Video Z\u00e1pisy j\u00edzd: LTT, TTT, TR1, TR2, TTC02 &nbsp;<\/p>\n","protected":false},"author":2,"featured_media":0,"parent":9231,"menu_order":4,"comment_status":"closed","ping_status":"closed","template":"","meta":{"footnotes":""},"class_list":["post-9321","page","type-page","status-publish","hentry"],"_links":{"self":[{"href":"https:\/\/www.tugtowing.cz\/index.php?rest_route=\/wp\/v2\/pages\/9321","targetHints":{"allow":["GET"]}}],"collection":[{"href":"https:\/\/www.tugtowing.cz\/index.php?rest_route=\/wp\/v2\/pages"}],"about":[{"href":"https:\/\/www.tugtowing.cz\/index.php?rest_route=\/wp\/v2\/types\/page"}],"author":[{"embeddable":true,"href":"https:\/\/www.tugtowing.cz\/index.php?rest_route=\/wp\/v2\/users\/2"}],"replies":[{"embeddable":true,"href":"https:\/\/www.tugtowing.cz\/index.php?rest_route=%2Fwp%2Fv2%2Fcomments&post=9321"}],"version-history":[{"count":0,"href":"https:\/\/www.tugtowing.cz\/index.php?rest_route=\/wp\/v2\/pages\/9321\/revisions"}],"up":[{"embeddable":true,"href":"https:\/\/www.tugtowing.cz\/index.php?rest_route=\/wp\/v2\/pages\/9231"}],"wp:attachment":[{"href":"https:\/\/www.tugtowing.cz\/index.php?rest_route=%2Fwp%2Fv2%2Fmedia&parent=9321"}],"curies":[{"name":"wp","href":"https:\/\/api.w.org\/{rel}","templated":true}]}}