{"id":9377,"date":"2018-04-05T19:27:31","date_gmt":"2018-04-05T18:27:31","guid":{"rendered":"http:\/\/www.tugtowing.cz\/?page_id=9377"},"modified":"2023-01-29T17:15:05","modified_gmt":"2023-01-29T16:15:05","slug":"vyuctovani-roku-2015-1","status":"publish","type":"page","link":"https:\/\/www.tugtowing.cz\/?page_id=9377","title":{"rendered":"Vy\u00fa\u010dtov\u00e1n\u00ed roku 2017"},"content":{"rendered":"<div><strong>Dokument: <a href=\"https:\/\/www.tugtowing.cz\/doc\/KlubNAMOLO\/Hospodareni-SpolekNAMOLO-2017.pdf\" target=\"_blank\" rel=\"noopener\">Hospoda\u0159en\u00ed Spolku NAMOLO! 2017<\/a><\/strong><\/div>\n<div>&nbsp;<\/div>\n<div>Klub NAMOLO o.s. kon\u010d\u00ed k <strong>31.12.2017<\/strong> se ztr\u00e1tou <strong><span style=\"color: #ff0000;\">7671,00<\/span> K\u010d<\/strong>.<\/div>\n<div><strong>P\u0159\u00edjmy<\/strong> byly <span style=\"color: #008000;\"><strong>21.700,00<\/strong><\/span> K\u010d.<\/div>\n<div><strong>V\u00fddaje<\/strong> (\u00fa\u010dtovan\u00e9) <strong><span style=\"color: #ff0000;\">29.372,00<\/span> <\/strong>K\u010d.<\/div>\n<div><strong>Pokladna<\/strong> m\u00e1 kone\u010dn\u00fd z\u016fstatek k 31.12.2017:<strong> 753,00<\/strong> K\u010d.<br \/>\nBankovn\u00ed \u00fa\u010det <strong>Air bank<\/strong> m\u00e1 kone\u010dn\u00fd z\u016fstatek k 31.12.2017: <strong><span style=\"color: #008000;\">3.349,56<\/span> <\/strong>K\u010d<\/div>\n<p>Vybran\u00e9 startovn\u00e9 v\u010detn\u011b \u010dlensk\u00fdch p\u0159\u00edsp\u011bvk\u016f: <span style=\"color: #008000;\">21.700,-<\/span> K\u010d<\/p>\n<div>V roce<strong> 2018<\/strong> o\u010dek\u00e1v\u00e1me po zaplacen\u00ed \u010dlensk\u00fdch p\u0159\u00edsp\u011bvk\u016f 18.000,-K\u010d n\u00e1r\u016fst na bankovn\u00ed \u00fa\u010det \u2013 1200,-K\u010d (bankovn\u00ed poplatky).<\/div>\n<div>&nbsp;<\/div>\n<div><strong>Nejbli\u017e\u0161\u00ed p\u0159edpokl\u00e1dan\u00e9 n\u00e1klady:<\/strong><\/div>\n<ul>\n<li>V \u00fanoru budeme platit baz\u00e9n v Most\u011b, v lo\u0148sk\u00e9m roce to bylo cca <span style=\"color: #ff0000;\">7 000,-<\/span> K\u010d.<br \/>\nO\u010dek\u00e1v\u00e1me v\u00fdb\u011br na startovn\u00e9m <span style=\"color: #008000;\">2000,-<\/span> K\u010d (pron\u00e1jem baz\u00e9nu budeme dopl\u00e1cet z klubov\u00fdch zdroj\u016f).<\/li>\n<li>Pron\u00e1jem plov\u00e1rny v Jind\u0159ichov\u011b Hradci cca <span style=\"color: #ff0000;\">1 200,-<\/span>K\u010d.<\/li>\n<li>Pron\u00e1jem skladovac\u00edch prostor v obci Velk\u00e1 Le\u010dice <span style=\"color: #ff0000;\">1 200,-<\/span>K\u010d.<\/li>\n<li>N\u00e1kup materi\u00e1lu na \u00fadr\u017ebu vlek\u016f pro tug towing cca<span style=\"color: #ff0000;\"> 1 000,-<\/span> K\u010d.<\/li>\n<li>N\u00e1kup materi\u00e1lu na stavbu trat\u011b cca <span style=\"color: #ff0000;\">1000,-<\/span>K\u010d.<\/li>\n<li>N\u00e1kup cen pro v\u00edt\u011bze v jednotliv\u00fdch kategori\u00edch cca<span style=\"color: #ff0000;\"> 5 000,-<\/span> K\u010d.<\/li>\n<\/ul>\n<div>Zpr\u00e1vu dne 1.1.2018 sestavila Monika Va\u0161kebov\u00e1<br \/>\nZpr\u00e1va aktualizov\u00e1na dne: 1.1.2018<\/div>\n<p><span style=\"border-radius: 2px; text-indent: 20px; width: auto; padding: 0px 4px 0px 0px; text-align: center; font: bold 11px\/20px 'Helvetica Neue',Helvetica,sans-serif; color: #ffffff; background: #bd081c no-repeat scroll 3px 50% \/ 14px 14px; position: absolute; opacity: 1; z-index: 8675309; display: none; cursor: pointer;\">Ulo\u017eit<\/span><\/p>\n<p><span style=\"border-radius: 2px; text-indent: 20px; width: auto; padding: 0px 4px 0px 0px; text-align: center; font: bold 11px\/20px 'Helvetica Neue',Helvetica,sans-serif; color: #ffffff; background: #bd081c no-repeat scroll 3px 50% \/ 14px 14px; position: absolute; opacity: 1; z-index: 8675309; display: none; cursor: pointer;\">Ulo\u017eit<\/span><\/p>\n","protected":false},"excerpt":{"rendered":"<p>Dokument: Hospoda\u0159en\u00ed Spolku NAMOLO! 2017 &nbsp; Klub NAMOLO o.s. kon\u010d\u00ed k 31.12.2017 se ztr\u00e1tou 7671,00 K\u010d. P\u0159\u00edjmy byly 21.700,00 K\u010d. V\u00fddaje (\u00fa\u010dtovan\u00e9) 29.372,00 K\u010d. Pokladna m\u00e1 kone\u010dn\u00fd z\u016fstatek k 31.12.2017: 753,00 K\u010d. Bankovn\u00ed \u00fa\u010det Air bank m\u00e1 kone\u010dn\u00fd z\u016fstatek k 31.12.2017: 3.349,56 K\u010d Vybran\u00e9 startovn\u00e9 v\u010detn\u011b \u010dlensk\u00fdch p\u0159\u00edsp\u011bvk\u016f: 21.700,- K\u010d V roce 2018 o\u010dek\u00e1v\u00e1me po [&hellip;]<\/p>\n","protected":false},"author":2,"featured_media":0,"parent":52,"menu_order":57,"comment_status":"closed","ping_status":"closed","template":"","meta":{"footnotes":""},"class_list":["post-9377","page","type-page","status-publish","hentry"],"_links":{"self":[{"href":"https:\/\/www.tugtowing.cz\/index.php?rest_route=\/wp\/v2\/pages\/9377","targetHints":{"allow":["GET"]}}],"collection":[{"href":"https:\/\/www.tugtowing.cz\/index.php?rest_route=\/wp\/v2\/pages"}],"about":[{"href":"https:\/\/www.tugtowing.cz\/index.php?rest_route=\/wp\/v2\/types\/page"}],"author":[{"embeddable":true,"href":"https:\/\/www.tugtowing.cz\/index.php?rest_route=\/wp\/v2\/users\/2"}],"replies":[{"embeddable":true,"href":"https:\/\/www.tugtowing.cz\/index.php?rest_route=%2Fwp%2Fv2%2Fcomments&post=9377"}],"version-history":[{"count":3,"href":"https:\/\/www.tugtowing.cz\/index.php?rest_route=\/wp\/v2\/pages\/9377\/revisions"}],"predecessor-version":[{"id":9654,"href":"https:\/\/www.tugtowing.cz\/index.php?rest_route=\/wp\/v2\/pages\/9377\/revisions\/9654"}],"up":[{"embeddable":true,"href":"https:\/\/www.tugtowing.cz\/index.php?rest_route=\/wp\/v2\/pages\/52"}],"wp:attachment":[{"href":"https:\/\/www.tugtowing.cz\/index.php?rest_route=%2Fwp%2Fv2%2Fmedia&parent=9377"}],"curies":[{"name":"wp","href":"https:\/\/api.w.org\/{rel}","templated":true}]}}