{"id":948,"date":"2010-11-23T12:45:29","date_gmt":"2010-11-23T10:45:29","guid":{"rendered":"http:\/\/www.tugtowing.cz\/?page_id=948"},"modified":"2013-10-10T09:28:13","modified_gmt":"2013-10-10T08:28:13","slug":"copyright","status":"publish","type":"page","link":"https:\/\/www.tugtowing.cz\/?page_id=948","title":{"rendered":"Copyright"},"content":{"rendered":"<p><img loading=\"lazy\" decoding=\"async\" class=\"ngg-singlepic ngg-left alignleft\" alt=\"lodnitelegraf80x80\" src=\"https:\/\/www.tugtowing.cz\/wp-content\/uploads\/default\/lodnitelegraf80x80.png\" width=\"80\" height=\"84\" \/>Str\u00e1nka <strong>Tug Towing CZ<\/strong> je nekomer\u010dn\u00ed soukromou str\u00e1nkou.<\/p>\n<p>Na str\u00e1nk\u00e1ch jsou texty, fotografie a pod. poskytnut\u00e9 se souhlasem autor\u016f. Tyto materi\u00e1ly nesm\u00ed b\u00fdt bez souhlasu autora roz\u0161i\u0159ov\u00e1ny nebo vyu\u017e\u00edv\u00e1ny komer\u010dn\u011b.<\/p>\n<p><span style=\"color: #ff0000;\">Pokud n\u011bkter\u00fd materi\u00e1l odporuje autorsk\u00fdm pr\u00e1v\u016fm, pros\u00edme o uv\u011bdom\u011bn\u00ed <a href=\"?page_id=889\" target=\"_self\">spr\u00e1vce<\/a> , materi\u00e1ly budou odstran\u011bny nebo legalizov\u00e1ny.<\/span><\/p>\n<p>Kontakty na autory, jsou uv\u00e1d\u011bny jen se souhlasem autor\u016f. Bez souhlasu autor\u016f se kontakty t\u0159et\u00edm osob\u00e1m nesd\u011bluj\u00ed.<\/p>\n<p>Za obsah webov\u00fdch str\u00e1nek na kter\u00e9 m\u00ed\u0159\u00ed odkazy z t\u011bchto str\u00e1nek, neodpov\u00edd\u00e1 spr\u00e1vce t\u011bchto str\u00e1nek.<\/p>\n<p>Str\u00e1nka tugtowing.cz poskytuje registrovan\u00fdm \u010dten\u00e1\u0159\u016fm prostor pro jejich reakce \u010di dotazy. N\u00e1zory registrovan\u00fdch \u010dten\u00e1\u0159\u016f se nemus\u00ed shodovat s n\u00e1zorem spr\u00e1vce t\u00e9to str\u00e1nky. <strong>Spr\u00e1vce si vyhrazuje pr\u00e1vo kdykoli tyto informace odstranit i bez upozorn\u011bn\u00ed<\/strong> v p\u0159\u00edpad\u011b, \u017ee se nebudou vztahovat k t\u00e9matu, kter\u00fdm se tato str\u00e1nka zab\u00fdv\u00e1 nebo budou v rozporu se z\u00e1sadami slu\u0161n\u00e9ho chov\u00e1n\u00ed.<\/p>\n","protected":false},"excerpt":{"rendered":"<p>Str\u00e1nka Tug Towing CZ je nekomer\u010dn\u00ed soukromou str\u00e1nkou. Na str\u00e1nk\u00e1ch jsou texty, fotografie a pod. poskytnut\u00e9 se souhlasem autor\u016f. Tyto materi\u00e1ly nesm\u00ed b\u00fdt bez souhlasu autora roz\u0161i\u0159ov\u00e1ny nebo vyu\u017e\u00edv\u00e1ny komer\u010dn\u011b. Pokud n\u011bkter\u00fd materi\u00e1l odporuje autorsk\u00fdm pr\u00e1v\u016fm, pros\u00edme o uv\u011bdom\u011bn\u00ed spr\u00e1vce , materi\u00e1ly budou odstran\u011bny nebo legalizov\u00e1ny. Kontakty na autory, jsou uv\u00e1d\u011bny jen se souhlasem autor\u016f. [&hellip;]<\/p>\n","protected":false},"author":2,"featured_media":0,"parent":889,"menu_order":2,"comment_status":"closed","ping_status":"closed","template":"","meta":{"footnotes":""},"class_list":["post-948","page","type-page","status-publish","hentry"],"_links":{"self":[{"href":"https:\/\/www.tugtowing.cz\/index.php?rest_route=\/wp\/v2\/pages\/948","targetHints":{"allow":["GET"]}}],"collection":[{"href":"https:\/\/www.tugtowing.cz\/index.php?rest_route=\/wp\/v2\/pages"}],"about":[{"href":"https:\/\/www.tugtowing.cz\/index.php?rest_route=\/wp\/v2\/types\/page"}],"author":[{"embeddable":true,"href":"https:\/\/www.tugtowing.cz\/index.php?rest_route=\/wp\/v2\/users\/2"}],"replies":[{"embeddable":true,"href":"https:\/\/www.tugtowing.cz\/index.php?rest_route=%2Fwp%2Fv2%2Fcomments&post=948"}],"version-history":[{"count":0,"href":"https:\/\/www.tugtowing.cz\/index.php?rest_route=\/wp\/v2\/pages\/948\/revisions"}],"up":[{"embeddable":true,"href":"https:\/\/www.tugtowing.cz\/index.php?rest_route=\/wp\/v2\/pages\/889"}],"wp:attachment":[{"href":"https:\/\/www.tugtowing.cz\/index.php?rest_route=%2Fwp%2Fv2%2Fmedia&parent=948"}],"curies":[{"name":"wp","href":"https:\/\/api.w.org\/{rel}","templated":true}]}}