{"id":9655,"date":"2018-10-31T19:32:47","date_gmt":"2018-10-31T18:32:47","guid":{"rendered":"http:\/\/www.tugtowing.cz\/?page_id=9655"},"modified":"2023-01-29T16:55:46","modified_gmt":"2023-01-29T15:55:46","slug":"zapis-z-clenske-schuze-dne-05-06-2016-1","status":"publish","type":"page","link":"https:\/\/www.tugtowing.cz\/?page_id=9655","title":{"rendered":"Z\u00e1pis z \u010dlensk\u00e9 sch\u016fze 2017"},"content":{"rendered":"<p>Z\u00e1pis ze zased\u00e1n\u00ed \u010clensk\u00e9 sch\u016fze<\/p>\n<p><strong>Spolku NAMOLO!<\/strong><\/p>\n<p>konan\u00e9 dne&nbsp; 1. \u010dervna 2017, v&nbsp;8:00 hod<\/p>\n<p><strong>M\u00edsto jedn\u00e1n\u00ed: <\/strong>RS Protivanov<\/p>\n<p><strong>Hlavn\u00ed body jedn\u00e1n\u00ed:<\/strong><\/p>\n<ol>\n<li>Volba<\/li>\n<li>Volba<\/li>\n<\/ol>\n<p><strong>Prezen\u010dn\u00ed listina \u2013 <\/strong>viz p\u0159\u00edloha<\/p>\n<p>Zased\u00e1n\u00ed \u010clensk\u00e9 sch\u016fze spolku se z\u00fa\u010dastnilo 13 z&nbsp;19-ti \u010dlen\u016f spolku, hlasovac\u00ed pr\u00e1vo m\u011blo 12 \u010dlen\u016f.<\/p>\n<p>Tato \u010dlensk\u00e1 sch\u016fze tedy dle \u010dl. 5\/4 platn\u00fdch Stanov JE&nbsp; usn\u00e1\u0161en\u00edschopn\u00e1<\/p>\n<p><strong>\u00davod<\/strong><\/p>\n<p>\u0158\u00edzen\u00ed zased\u00e1n\u00ed \u010clensk\u00e9 sch\u016fze se ujal a \u00favodn\u00ed slovo p\u0159ednesl p. Jaroslav Va\u0161keba, kter\u00fd zah\u00e1jil zased\u00e1n\u00ed, p\u0159iv\u00edtal p\u0159\u00edtomn\u00e9 \u010dleny a osv\u011btlil nutnost kon\u00e1n\u00ed t\u00e9to prvn\u00ed \u010clensk\u00e9 sch\u016fze Spolku NAMOLO!.<\/p>\n<p><strong><u>Bod 1 programu<\/u><\/strong><strong> &#8211;<br \/>\n<\/strong><\/p>\n<p>Pan Va\u0161keba navrhnul&#8230;<\/p>\n<p><strong>Po uzav\u0159en\u00ed diskuze bylo p\u0159istoupeno k&nbsp;hlasov\u00e1n\u00ed o tomto n\u00e1vrhu. <\/strong>&nbsp;<\/p>\n<p>Hlasov\u00e1n\u00ed bylo ve\u0159ejn\u00e9 &#8211; zvednut\u00edm ruky.<\/p>\n<p><strong><em>Prvn\u00ed hlasovac\u00ed ot\u00e1zka zn\u011bla:<\/em><\/strong> \u201eJste pro, aby P\u0159edsedou spolku byla pan\u00ed Monika Va\u0161kebov\u00e1?\u201c<\/p>\n<p><strong><em>V\u00fdsledky hlasov\u00e1n\u00ed:<\/em><\/strong> <strong>PRO<\/strong> \u2013&nbsp;&nbsp; 11 hlas\u016f, <strong>PROTI<\/strong> \u2013&nbsp;&nbsp; 0 hlas\u016f, <strong>ZDR\u017dEL SE<\/strong> \u2013&nbsp;&nbsp; 1 hlas\u016f<\/p>\n<p>Na z\u00e1klad\u011b v\u00fdsledku hlasov\u00e1n\u00ed byla p\u0159edsedou Spolku ZVOLENA pan\u00ed Monika Va\u0161kebov\u00e1. Dle platn\u00fdch z\u00e1sad, \u010dl. 5, b), 2 a \u010dl. 5 c) 3, se z\u00e1rove\u0148 t\u00edmto ZVOLEN\u00cdM pan\u00ed Monika Va\u0161kebov\u00e1 stala \u010dlenkou V\u00fdboru Spolku.<\/p>\n<p><strong><em>Druh\u00e1 hlasovac\u00ed ot\u00e1zka zn\u011bla:<\/em><\/strong> \u201eJste pro, aby M\u00edstop\u0159edsedou spolku byl pan Lud\u011bk Rais?\u201c<\/p>\n<p><strong><em>V\u00fdsledky hlasov\u00e1n\u00ed:<\/em><\/strong> <strong>PRO<\/strong> \u2013&nbsp;&nbsp; 11 hlas\u016f, <strong>PROTI<\/strong> \u2013&nbsp;&nbsp; 0 hlas\u016f, <strong>ZDR\u017dEL SE<\/strong> \u2013&nbsp;&nbsp; 1 hlas\u016f<\/p>\n<p>Na z\u00e1klad\u011b v\u00fdsledku hlasov\u00e1n\u00ed byl m\u00edstop\u0159edsedou spolku byl ZVOLEN pan Lud\u011bk Rais. Dle platn\u00fdch z\u00e1sad, \u010dl. 5, b), 2 a \u010dl. 5 c) 3, se z\u00e1rove\u0148 t\u00edmto ZVOLEN\u00cdM pan Lud\u011bk Rais stal \u010dlenem V\u00fdboru Spolku.<\/p>\n<p><strong><u>Bod 2 programu<\/u><\/strong><strong> &#8211; . Volba \u010dlen\u016f v\u00fdboru Spolku<\/strong><\/p>\n<p>Pan Va\u0161keba d\u00e1le p\u0159ipomenul, \u017ee dle platn\u00fdch Stanov je po\u010det \u010dlen\u016f V\u00fdboru Spolku 5, z&nbsp;nich\u017e dva jsou automaticky p\u0159edseda a m\u00edstop\u0159edseda Spolku. Z&nbsp;tohoto d\u016fvodu je pot\u0159eba zvolit zb\u00fdvaj\u00edc\u00ed t\u0159i \u010dleny spolku. Navrhnul tyto kandid\u00e1ty:<\/p>\n<p>1 \u2013 pan Ji\u0159\u00ed Loren\u010d\u00edk<\/p>\n<p>2 \u2013 pan Ond\u0159ej Slav\u00edk&nbsp;&nbsp;&nbsp;&nbsp;&nbsp;&nbsp;&nbsp;&nbsp;&nbsp;&nbsp;&nbsp;&nbsp;&nbsp;&nbsp;&nbsp;&nbsp;&nbsp;&nbsp;&nbsp;&nbsp;&nbsp;&nbsp;&nbsp;&nbsp;&nbsp;&nbsp;<\/p>\n<p>3 \u2013 pan Marek Sobaniec<\/p>\n<p>Pot\u00e9 otev\u0159el diskuzi, ve kter\u00e9 se \u010dlenov\u00e9 k&nbsp;jeho n\u00e1vrh\u016fm mohli vyj\u00e1d\u0159it, p\u0159\u00edpadn\u011b navrhnout jin\u00e9 \u010dleny. Po skon\u010den\u00ed diskuze vyj\u00e1d\u0159ili navr\u017een\u00ed \u010dlenov\u00e9 se svou kandidaturou v\u00fdslovn\u00fd souhlas.<\/p>\n<p><strong>Po uzav\u0159en\u00ed diskuze bylo p\u0159istoupeno k&nbsp;hlasov\u00e1n\u00ed o tomto n\u00e1vrhu jako celku. <\/strong>&nbsp;<\/p>\n<p>Hlasov\u00e1n\u00ed bylo ve\u0159ejn\u00e9 &#8211; zvednut\u00edm ruky.<\/p>\n<p><strong><em>Hlasovac\u00ed ot\u00e1zka zn\u011bla:<\/em><\/strong> \u201eJste pro, aby se \u010dlenov\u00e9 Spolku p. Ji\u0159\u00ed Loren\u010d\u00edk, p. Ond\u0159ej Slav\u00edk,<\/p>\n<p>a p. Marek Sobaniec stali \u010dleny V\u00fdboru Spolku?\u201c<\/p>\n<p><strong><em>V\u00fdsledky hlasov\u00e1n\u00ed:<\/em><\/strong> <strong>PRO<\/strong> \u2013 12 hlas\u016f, <strong>PROTI<\/strong> \u2013&nbsp; 0 hlas\u016f, <strong>ZDR\u017dEL SE<\/strong> \u2013&nbsp; 0 hlas\u016f<\/p>\n<p>Na z\u00e1klad\u011b v\u00fdsledku hlasov\u00e1n\u00ed byli pan Ji\u0159\u00ed Loren\u010d\u00edk, pan Ond\u0159ej Slav\u00edk a pan Marek Sobaniec ZVOLENI \u010dleny V\u00fdboru Spolku.<\/p>\n<p><strong>Z\u00e1v\u011br.<\/strong><\/p>\n<p>Z\u00e1v\u011bre\u010dn\u00e9 slovo p\u0159ednesl p. Jaroslav Va\u0161keba<\/p>\n<p>P\u0159\u00edloha:&nbsp;&nbsp;&nbsp;&nbsp;&nbsp;&nbsp;&nbsp;&nbsp;&nbsp;&nbsp; 1\u0445 origin\u00e1l prezen\u010dn\u00ed listiny<\/p>\n<p>V&nbsp;Protivanov\u011b dne &nbsp;5. \u010dervna v&nbsp;9:00 hod.<\/p>\n<p>&nbsp;<\/p>\n","protected":false},"excerpt":{"rendered":"<p>Z\u00e1pis ze zased\u00e1n\u00ed \u010clensk\u00e9 sch\u016fze Spolku NAMOLO! konan\u00e9 dne&nbsp; 1. \u010dervna 2017, v&nbsp;8:00 hod M\u00edsto jedn\u00e1n\u00ed: RS Protivanov Hlavn\u00ed body jedn\u00e1n\u00ed: Volba Volba Prezen\u010dn\u00ed listina \u2013 viz p\u0159\u00edloha Zased\u00e1n\u00ed \u010clensk\u00e9 sch\u016fze spolku se z\u00fa\u010dastnilo 13 z&nbsp;19-ti \u010dlen\u016f spolku, hlasovac\u00ed pr\u00e1vo m\u011blo 12 \u010dlen\u016f. Tato \u010dlensk\u00e1 sch\u016fze tedy dle \u010dl. 5\/4 platn\u00fdch Stanov JE&nbsp; usn\u00e1\u0161en\u00edschopn\u00e1 \u00davod [&hellip;]<\/p>\n","protected":false},"author":2,"featured_media":0,"parent":52,"menu_order":13,"comment_status":"closed","ping_status":"closed","template":"","meta":{"footnotes":""},"class_list":["post-9655","page","type-page","status-publish","hentry"],"_links":{"self":[{"href":"https:\/\/www.tugtowing.cz\/index.php?rest_route=\/wp\/v2\/pages\/9655","targetHints":{"allow":["GET"]}}],"collection":[{"href":"https:\/\/www.tugtowing.cz\/index.php?rest_route=\/wp\/v2\/pages"}],"about":[{"href":"https:\/\/www.tugtowing.cz\/index.php?rest_route=\/wp\/v2\/types\/page"}],"author":[{"embeddable":true,"href":"https:\/\/www.tugtowing.cz\/index.php?rest_route=\/wp\/v2\/users\/2"}],"replies":[{"embeddable":true,"href":"https:\/\/www.tugtowing.cz\/index.php?rest_route=%2Fwp%2Fv2%2Fcomments&post=9655"}],"version-history":[{"count":2,"href":"https:\/\/www.tugtowing.cz\/index.php?rest_route=\/wp\/v2\/pages\/9655\/revisions"}],"predecessor-version":[{"id":10830,"href":"https:\/\/www.tugtowing.cz\/index.php?rest_route=\/wp\/v2\/pages\/9655\/revisions\/10830"}],"up":[{"embeddable":true,"href":"https:\/\/www.tugtowing.cz\/index.php?rest_route=\/wp\/v2\/pages\/52"}],"wp:attachment":[{"href":"https:\/\/www.tugtowing.cz\/index.php?rest_route=%2Fwp%2Fv2%2Fmedia&parent=9655"}],"curies":[{"name":"wp","href":"https:\/\/api.w.org\/{rel}","templated":true}]}}