{"id":9694,"date":"2018-11-26T20:20:48","date_gmt":"2018-11-26T19:20:48","guid":{"rendered":"http:\/\/www.tugtowing.cz\/?page_id=9694"},"modified":"2023-01-29T16:57:09","modified_gmt":"2023-01-29T15:57:09","slug":"volba-vyboru-spolku-namolo-elektronicke-hlasovani","status":"publish","type":"page","link":"https:\/\/www.tugtowing.cz\/?page_id=9694","title":{"rendered":"Volba v\u00fdboru 2018"},"content":{"rendered":"<p>V polovin\u011b roku 2016 jsme v Protivanov\u011b schvalovali nov\u00e9 stanovy a n\u00e1sledn\u011b volili nov\u00e9 veden\u00ed spolku. Tehdy to bylo vyvol\u00e1no nutnost\u00ed reagovat na zm\u011bny v pr\u00e1vn\u00edch p\u0159edpisech a s t\u00edm spojen\u00fdm p\u0159eklopen\u00edm tehdej\u0161\u00edho ob\u010dansk\u00e9ho sdru\u017een\u00ed na nyn\u011bj\u0161\u00ed spolek. V\u0161e prob\u011bhlo, \u0159\u00e1dn\u011b bylo zaevidov\u00e1no na soud\u011b a tak\u0159\u00edkaj\u00edc se &#8222;zav\u0159ela voda&#8220;. Ov\u0161em jen do\u010dasn\u011b, aby se nyn\u00ed zase &#8222;voda otev\u0159ela&#8220;. Ve schv\u00e1len\u00fdch stanov\u00e1ch je toti\u017e d\u00e1no, \u017ee volebn\u00ed obdob\u00ed je dvoulet\u00e9. Tyto dva roky uplynuly pr\u00e1v\u011b v \u010dervnu 2018 a v z\u00e1palu boj\u016f o body do TT CUPu si toho nikdo nepov\u0161imnul. Nastala tak nemil\u00e1 situace, \u017ee spolek je &#8222;de iure&#8220; bez veden\u00ed.<\/p>\n<p>K n\u00e1prav\u011b tohoto stavu je nutn\u00e9 vyvinout trochu \u00fasil\u00ed a uskute\u010dnit n\u011bco m\u00e1lo krok\u016f. Na\u0161t\u011bst\u00ed m\u011bl z\u0159ejm\u011b tv\u016frce stanov (nech\u0165 m\u00e1 v\u017edy stopu vody pod k\u00fdlem, dostatek energie pro motory, bystr\u00e9 oko a pevnou ruku) sv\u011btlou chvilku a zahrnul p\u0159\u00edmo do stanov mo\u017enost prov\u00e9st jak\u00e9koliv hlasov\u00e1n\u00ed &#8211; s v\u00fdjimkou hlasov\u00e1n\u00ed o z\u00e1niku spolku &#8211; prost\u0159edky elektronick\u00e9 komunikace. Tak\u017ee se nen\u00ed nutn\u00e9 trm\u00e1cet n\u011bkam do zasedac\u00ed m\u00edstnosti a v\u0161e se d\u00e1 sfouknout prost\u0159ednictv\u00edm e-mailu z tepla domov\u016f jednotliv\u00fdch plnolet\u00fdch \u010dlen\u016f.<\/p>\n<p>A te\u010f co je t\u0159eba prov\u00e9st:<\/p>\n<p>1) konstatovat, \u017ee po dobu &#8222;bez veden\u00ed&#8220; nedo\u0161lo k \u017e\u00e1dn\u00e9mu excesu s dopadem na chod, majetek a dobr\u00e9 jm\u00e9no spolku<br \/>\n2) potvrdit platnost v\u0161ech \u00fakon\u016f u\u010din\u011bn\u00fdch d\u0159\u00edve zvolen\u00fdm veden\u00edm v obdob\u00ed &#8222;bez veden\u00ed&#8220;<br \/>\n3) potvrdit ve funkci st\u00e1vaj\u00edc\u00ed veden\u00ed nebo zvolit nov\u00e9<\/p>\n<p>Jako <strong>hlas<\/strong> tedy v odpov\u011bdi na tento e-mail vypi\u0161te zda jste <strong>PRO<\/strong> n\u00e1vrh usnesen\u00ed, <strong>PROTI<\/strong> n\u00e1vrhu usnesen\u00ed, \u010di zda se <strong>ZDR\u017dUJETE<\/strong>. V p\u0159\u00edpad\u011b, \u017ee budete <strong>PROTI<\/strong> n\u00e1vrhu usnesen\u00ed, dopi\u0161te V\u00e1\u0161 <strong>protin\u00e1vrh<\/strong>. Zaslan\u00e9 hlasy budou zaps\u00e1ny do hlasovac\u00ed tabulky a t\u00edm bude hlasov\u00e1n\u00ed ukon\u010deno a rozhodnuto (e-maily budou vyti\u0161t\u011bny a budou p\u0159\u00edlohou k hlasovac\u00ed tabulce). P\u0159ipom\u00edn\u00e1m, \u017ee hlasovat m\u016f\u017ee ka\u017ed\u00fd \u010dlen <strong>star\u0161\u00ed 18let<\/strong>. Pro hlasov\u00e1n\u00ed si stanovme lh\u016ftu do 19.11.2018 20:00 hodin od doru\u010den\u00ed tohoto mailu. K hlas\u016fm do\u0161l\u00fdm po term\u00ednu nebude p\u0159ihl\u00ed\u017eeno a budou zaevidov\u00e1ny jako <strong>ZDR\u017dEL SE<\/strong>.<\/p>\n<p>Ka\u017ed\u00fd <strong>p\u0159ehlasovan\u00fd \u010dlen spolku m\u00e1 pr\u00e1vo<\/strong>, v souladu s ustanoven\u00edm \u00a7 258 a n\u00e1sl. z\u00e1kona \u010d. 89\/2012 Sb. Ob\u010dansk\u00fd z\u00e1kon\u00edk (nov\u00fd), podat k soudu n\u00e1vrh aby soud rozhodl o neplatnosti rozhodnut\u00ed org\u00e1nu spolku pro jeho rozpor se z\u00e1konem nebo se stanovami, pokud se neplatnosti nelze dovolat u org\u00e1n\u016f spolku, a to do t\u0159\u00ed m\u011bs\u00edc\u016f ode dne, kdy se navrhovatel o rozhodnut\u00ed dozv\u011bd\u011bl nebo mohl dozv\u011bd\u011bt. N\u00ed\u017ee tedy n\u00e1vrh na usnesen\u00ed \u010dlensk\u00e9 sch\u016fze, kter\u00e1 jedin\u00e1 <em>&#8222;de iure&#8220;<\/em> existuje, jeliko\u017e jej\u00ed existence p\u0159\u00edmo vych\u00e1z\u00ed a je sv\u00e1z\u00e1na s existenc\u00ed spolku.<\/p>\n<p><strong><em>N\u00e1vrh na usnesen\u00ed \u010dlensk\u00e9 sch\u016fze<\/em><\/strong><\/p>\n<p><em>\u010clensk\u00e1 sch\u016fze Spolku NAMOLO!, rozhodla mimo\u0159\u00e1dn\u00fdm hlasov\u00e1n\u00edm,<\/em><br \/>\n<em>proveden\u00fdm v souladu se stanovami, \u010dl. 5, bod 4 prost\u0159edky elektronick\u00e9<\/em><br \/>\n<em>komunikace takto:<\/em><\/p>\n<p><em><strong>1)<\/strong> \u010dlensk\u00e1 sch\u016fze konstatuje, \u017ee uplynut\u00edm volebn\u00edho obdob\u00ed skon\u010dil dnem<\/em><br \/>\n<em>6.6.2018 mand\u00e1t p\u0159edsedkyni spolku, m\u00edstop\u0159edsedovi spolku a \u010dlen\u016fm<\/em><br \/>\n<em>v\u00fdboru spolku. Z\u00e1rove\u0148 p\u0159itom konstatuje, \u017ee v obdob\u00ed od 6.6.2018 do<\/em><br \/>\n<em>sou\u010dasnosti nenastaly z d\u016fvodu absence org\u00e1n\u016f spolku nebo v p\u0159\u00edm\u00e9<\/em><br \/>\n<em>souvislosti s t\u00edm \u017e\u00e1dn\u00e9 skute\u010dnosti maj\u00edc\u00ed jak\u00fdkoliv vliv na chod<\/em><br \/>\n<em>spolku, majetek spolku \u010di dobr\u00e9 jm\u00e9no spolku.<\/em><\/p>\n<p><em><strong>2)<\/strong> \u010dlensk\u00e1 sch\u016fze potvrzuje platnost ve\u0161ker\u00fdch \u00fakon\u016f proveden\u00fdch po<\/em><br \/>\n<em>6.6.2018 a\u017e do sou\u010dasnosti p\u016fvodn\u00edm veden\u00edm spolku.<\/em><\/p>\n<p><em><strong>3)<\/strong> \u010dlensk\u00e1 sch\u016fze potvrzuje na volebn\u00ed obdob\u00ed 2018-2020 ve funkci st\u00e1vaj\u00edc\u00ed veden\u00ed spolku<\/em><\/p>\n<p><em>Jm\u00e9no a p\u0159\u00edjmen\u00ed:<\/em><br \/>\n<em>Moje odpov\u011b\u010f :<\/em><\/p>\n<p><strong>V\u00fdsledky hlasov\u00e1n\u00ed:<\/strong><\/p>\n<ol>\n<li>\u017d\u00e1dn\u00fd protin\u00e1vrh nebyl pod\u00e1n.<\/li>\n<li>Hlasov\u00e1n\u00ed jednotliv\u00fdch \u010dlen\u016f Spolku NAMOLO!:<\/li>\n<\/ol>\n<table>\n<tbody>\n<tr>\n<td width=\"43\">p.\u010d.<\/td>\n<td width=\"288\">Jm\u00e9no a p\u0159\u00edjmen\u00ed<\/td>\n<td width=\"108\">Hlas<\/td>\n<\/tr>\n<tr>\n<td width=\"43\">1<\/td>\n<td width=\"288\">Monika Va\u0161kebov\u00e1<\/td>\n<td width=\"108\">PRO<\/td>\n<\/tr>\n<tr>\n<td width=\"43\">2<\/td>\n<td width=\"288\">Lud\u011bk Rais<\/td>\n<td width=\"108\">PRO<\/td>\n<\/tr>\n<tr>\n<td width=\"43\">3<\/td>\n<td width=\"288\">Ji\u0159\u00ed Loren\u010d\u00edk<\/td>\n<td width=\"108\">PRO<\/td>\n<\/tr>\n<tr>\n<td width=\"43\">4<\/td>\n<td width=\"288\">Ond\u0159ej Slav\u00edk<\/td>\n<td width=\"108\">PRO<\/td>\n<\/tr>\n<tr>\n<td width=\"43\">5<\/td>\n<td width=\"288\">Marek Sobaniec st.<\/td>\n<td width=\"108\">PRO<\/td>\n<\/tr>\n<tr>\n<td width=\"43\">6<\/td>\n<td width=\"288\">Jaroslav Va\u0161keba<\/td>\n<td width=\"108\">PRO<\/td>\n<\/tr>\n<tr>\n<td width=\"43\">7<\/td>\n<td width=\"288\">Marek Sobaniec ml.<\/td>\n<td width=\"108\">ZDR\u017dEL SE<\/td>\n<\/tr>\n<tr>\n<td width=\"43\">8<\/td>\n<td width=\"288\">Martin \u0158eh\u016f\u0159ek<\/td>\n<td width=\"108\">PRO<\/td>\n<\/tr>\n<tr>\n<td width=\"43\">9<\/td>\n<td width=\"288\">Michal Herman<\/td>\n<td width=\"108\">PRO<\/td>\n<\/tr>\n<tr>\n<td width=\"43\">10<\/td>\n<td width=\"288\">Robert Jurka<\/td>\n<td width=\"108\">PRO<\/td>\n<\/tr>\n<tr>\n<td width=\"43\">11<\/td>\n<td width=\"288\">V\u00edt Jel\u00ednek<\/td>\n<td width=\"108\">PRO<\/td>\n<\/tr>\n<tr>\n<td width=\"43\">12<\/td>\n<td width=\"288\">Jan Jel\u00ednek<\/td>\n<td width=\"108\">PRO<\/td>\n<\/tr>\n<tr>\n<td width=\"43\">13<\/td>\n<td width=\"288\">Jaroslav Jungman<\/td>\n<td width=\"108\">PRO<\/td>\n<\/tr>\n<tr>\n<td width=\"43\">14<\/td>\n<td width=\"288\">Jaroslav Dole\u010dek<\/td>\n<td width=\"108\">ZDR\u017dEL SE<\/td>\n<\/tr>\n<tr>\n<td width=\"43\">15<\/td>\n<td width=\"288\">Jan Dolej\u0161ek<\/td>\n<td width=\"108\">ZDR\u017dEL SE<\/td>\n<\/tr>\n<\/tbody>\n<\/table>\n<p><strong>N\u00e1vrh usnesen\u00ed byl SCHV\u00c1LEN!<\/strong><\/p>\n<p>Ve Sme\u010dn\u011b dne 20.11.2018<\/p>\n<p>P\u0159\u00edloha: hlasy \u010dlen\u016f spolku zaslan\u00e9 elektronickou po\u0161tou<\/p>\n","protected":false},"excerpt":{"rendered":"<p>V polovin\u011b roku 2016 jsme v Protivanov\u011b schvalovali nov\u00e9 stanovy a n\u00e1sledn\u011b volili nov\u00e9 veden\u00ed spolku. Tehdy to bylo vyvol\u00e1no nutnost\u00ed reagovat na zm\u011bny v pr\u00e1vn\u00edch p\u0159edpisech a s t\u00edm spojen\u00fdm p\u0159eklopen\u00edm tehdej\u0161\u00edho ob\u010dansk\u00e9ho sdru\u017een\u00ed na nyn\u011bj\u0161\u00ed spolek. V\u0161e prob\u011bhlo, \u0159\u00e1dn\u011b bylo zaevidov\u00e1no na soud\u011b a tak\u0159\u00edkaj\u00edc se &#8222;zav\u0159ela voda&#8220;. Ov\u0161em jen do\u010dasn\u011b, aby se [&hellip;]<\/p>\n","protected":false},"author":2,"featured_media":0,"parent":52,"menu_order":15,"comment_status":"closed","ping_status":"closed","template":"","meta":{"footnotes":""},"class_list":["post-9694","page","type-page","status-publish","hentry"],"_links":{"self":[{"href":"https:\/\/www.tugtowing.cz\/index.php?rest_route=\/wp\/v2\/pages\/9694","targetHints":{"allow":["GET"]}}],"collection":[{"href":"https:\/\/www.tugtowing.cz\/index.php?rest_route=\/wp\/v2\/pages"}],"about":[{"href":"https:\/\/www.tugtowing.cz\/index.php?rest_route=\/wp\/v2\/types\/page"}],"author":[{"embeddable":true,"href":"https:\/\/www.tugtowing.cz\/index.php?rest_route=\/wp\/v2\/users\/2"}],"replies":[{"embeddable":true,"href":"https:\/\/www.tugtowing.cz\/index.php?rest_route=%2Fwp%2Fv2%2Fcomments&post=9694"}],"version-history":[{"count":2,"href":"https:\/\/www.tugtowing.cz\/index.php?rest_route=\/wp\/v2\/pages\/9694\/revisions"}],"predecessor-version":[{"id":10834,"href":"https:\/\/www.tugtowing.cz\/index.php?rest_route=\/wp\/v2\/pages\/9694\/revisions\/10834"}],"up":[{"embeddable":true,"href":"https:\/\/www.tugtowing.cz\/index.php?rest_route=\/wp\/v2\/pages\/52"}],"wp:attachment":[{"href":"https:\/\/www.tugtowing.cz\/index.php?rest_route=%2Fwp%2Fv2%2Fmedia&parent=9694"}],"curies":[{"name":"wp","href":"https:\/\/api.w.org\/{rel}","templated":true}]}}